{"id":747633,"date":"2023-06-09T14:41:22","date_gmt":"2023-06-09T11:41:22","guid":{"rendered":"https:\/\/games.tactic.net\/tuote\/larsen-memo-country-capital-flag-eu-maxi-pl\/"},"modified":"2023-06-09T14:41:22","modified_gmt":"2023-06-09T11:41:22","slug":"larsen-memo-country-capital-flag-eu-maxi-pl","status":"publish","type":"product","link":"https:\/\/games.tactic.net\/pl\/tuote\/larsen-memo-country-capital-flag-eu-maxi-pl\/","title":{"rendered":"Larsen Maxi Memo Country, Capital, Flag EU 54 el. uk\u0142adanka"},"content":{"rendered":"<p>Uk\u0142adanka Maxi (36.5&#215;28.5 cm) z grubej tektury ze specjalnymi kszta\u0142tami, dzi\u0119ki kt\u00f3rym uczymy si\u0119 nie tylko cierpliwo\u015bci ale te\u017c j\u0119zyk\u00f3w, matematyki, geografii oraz wiedzy og\u00f3lnej. Zapami\u0119taj pa\u0144stwa cz\u0142onkowskie Unii Europejskiej dzi\u0119ki tej 27-elementowej uk\u0142adance. Sk\u0142ada si\u0119 ona z trzech rz\u0119d\u00f3w (po 2 elementy w ka\u017cdym). W g\u00f3rnej cz\u0119\u015bci rz\u0119du znajduje si\u0119 flaga danego kraju, a w dolnej cz\u0119\u015bci &#8211; element uk\u0142adanki przedstawia kszta\u0142t kraju i miejsce, w kt\u00f3rym znajduje si\u0119 stolica. Rozmaite kolory i wzornictwo przyci\u0105gaj\u0105 wzrok i uwag\u0119, co zach\u0119ca dziecko do zapami\u0119tywania. Ta uk\u0142adanka mo\u017ce by\u0107 r\u00f3wnie\u017c u\u017cywana jako gra memo z flagami kraj\u00f3w i stolicami. Wielokrotne granie w t\u0119 gr\u0119 pomo\u017ce dzieciom nauczy\u0107 si\u0119 wszystkich stolic kraj\u00f3w UE. Ta uk\u0142adanka zawiera 54 elementy o unikalnie zakrzywionych kraw\u0119dziach (ka\u017cdy element pasuje tylko i wy\u0142\u0105cznie do prawid\u0142owego opisu pa\u0144stwa na ramce) i nadaje si\u0119 zar\u00f3wno dla starszych dzieci jak i doros\u0142ych. Firma Larsen od 75 lat tworzy wysokiej jako\u015bci uk\u0142adanki z grubej (4mm) tektury. Nasz\u0105 ide\u0105 zawsze by\u0142o tworzenie wysokiej jako\u015bci produkt\u00f3w dla dzieci, kt\u00f3re s\u0105 zar\u00f3wno zabawne, jak i edukacyjne. Znajdujemy si\u0119 w Flekkefjord, idyllicznym miasteczku w po\u0142udniowej Norwegii, w po\u0142owie drogi mi\u0119dzy Kristiansand i Stavanger. Cieszymy si\u0119 \u017ce, dzi\u0119ki wsp\u00f3\u0142pracy z fi\u0144ska firm\u0105 Tactic Oy, mo\u017cemy oferowa\u0107 Pa\u0144stwu najwy\u017csz\u0105 jako\u015b\u0107 r\u00f3wnie\u017c w Polsce. Uk\u0142adanki Larsen odznaczaj\u0105 si\u0119 -nietypowymi i jedynymi w swoim rodzaju wykrojnikami, kt\u00f3re sprawiaj\u0105 wielk\u0105 przyjemno\u015b\u0107 z uk\u0142adania. -produkcj\u0105 w Norwegii i wysok\u0105 jako\u015bci\u0105. -starann\u0105 selekcj\u0105 obrazk\u00f3w dla ka\u017cdego wieku -edukacyjnym charakterem uk\u0142adanek -zlokalizowanymi wzorami na wiele rynk\u00f3w.<\/p>\n","protected":false},"excerpt":{"rendered":"<p>Uk\u0142adanka Maxi (36.5&#215;28.5 cm) z grubej tektury ze specjalnymi kszta\u0142tami, dzi\u0119ki kt\u00f3rym uczymy si\u0119 nie tylko cierpliwo\u015bci ale te\u017c j\u0119zyk\u00f3w, matematyki, geografii oraz wiedzy og\u00f3lnej. Zapami\u0119taj pa\u0144stwa cz\u0142onkowskie Unii Europejskiej dzi\u0119ki tej 27-elementowej uk\u0142adance. Sk\u0142ada si\u0119 ona z trzech rz\u0119d\u00f3w (po 2 elementy w ka\u017cdym). W g\u00f3rnej cz\u0119\u015bci rz\u0119du znajduje si\u0119 flaga danego kraju, a [&hellip;]<\/p>\n","protected":false},"featured_media":0,"template":"","meta":{"content-type":"","_monsterinsights_skip_tracking":false,"_monsterinsights_sitenote_active":false,"_monsterinsights_sitenote_note":"","_monsterinsights_sitenote_category":0},"product_brand":[],"product_cat":[1793],"product_tag":[],"brand":[],"target-group":[],"discontinued":[],"class_list":{"0":"post-747633","1":"product","2":"type-product","3":"status-publish","5":"product_cat-puzzle-dla-dzieci-puzzle","7":"first","8":"outofstock","9":"taxable","10":"shipping-taxable","11":"product-type-simple"},"aioseo_notices":[],"_links":{"self":[{"href":"https:\/\/games.tactic.net\/pl\/wp-json\/wp\/v2\/product\/747633","targetHints":{"allow":["GET"]}}],"collection":[{"href":"https:\/\/games.tactic.net\/pl\/wp-json\/wp\/v2\/product"}],"about":[{"href":"https:\/\/games.tactic.net\/pl\/wp-json\/wp\/v2\/types\/product"}],"wp:attachment":[{"href":"https:\/\/games.tactic.net\/pl\/wp-json\/wp\/v2\/media?parent=747633"}],"wp:term":[{"taxonomy":"product_brand","embeddable":true,"href":"https:\/\/games.tactic.net\/pl\/wp-json\/wp\/v2\/product_brand?post=747633"},{"taxonomy":"product_cat","embeddable":true,"href":"https:\/\/games.tactic.net\/pl\/wp-json\/wp\/v2\/product_cat?post=747633"},{"taxonomy":"product_tag","embeddable":true,"href":"https:\/\/games.tactic.net\/pl\/wp-json\/wp\/v2\/product_tag?post=747633"},{"taxonomy":"brand","embeddable":true,"href":"https:\/\/games.tactic.net\/pl\/wp-json\/wp\/v2\/brand?post=747633"},{"taxonomy":"target-group","embeddable":true,"href":"https:\/\/games.tactic.net\/pl\/wp-json\/wp\/v2\/target-group?post=747633"},{"taxonomy":"discontinued","embeddable":true,"href":"https:\/\/games.tactic.net\/pl\/wp-json\/wp\/v2\/discontinued?post=747633"}],"curies":[{"name":"wp","href":"https:\/\/api.w.org\/{rel}","templated":true}]}}