{"id":74675,"date":"2021-03-09T14:03:37","date_gmt":"2021-03-09T12:03:37","guid":{"rendered":"https:\/\/dev.tactic.net\/tuote\/lumo-stars-floor-puzzle\/"},"modified":"2024-04-09T15:31:00","modified_gmt":"2024-04-09T12:31:00","slug":"lumo-stars-floor-puzzle","status":"archive","type":"product","link":"https:\/\/games.tactic.net\/pl\/tuote\/lumo-stars-floor-puzzle\/","title":{"rendered":"Lumo Stars Floor Puzzle"},"content":{"rendered":"<p>U\u0142\u00f3\u017c wielk\u0105 uk\u0142adank\u0119 z du\u017cymi kawa\u0142kami! Czy potrafisz policzy\u0107 zwierz\u0119ta w\u015br\u00f3d kwiat\u00f3w?<\/p>\n","protected":false},"excerpt":{"rendered":"<p>U\u0142\u00f3\u017c wielk\u0105 uk\u0142adank\u0119 z du\u017cymi kawa\u0142kami! Czy potrafisz policzy\u0107 zwierz\u0119ta w\u015br\u00f3d kwiat\u00f3w?<\/p>\n","protected":false},"featured_media":0,"template":"","meta":{"content-type":"","_monsterinsights_skip_tracking":false,"_monsterinsights_sitenote_active":false,"_monsterinsights_sitenote_note":"","_monsterinsights_sitenote_category":0},"product_brand":[],"product_cat":[1781,1793,1792],"product_tag":[],"brand":[{"id":1023,"name":"Lumo Stars","slug":"lumo-stars_pl"}],"target-group":[],"discontinued":[],"class_list":{"0":"post-74675","1":"product","2":"type-product","3":"status-archive","5":"product_cat-inne","6":"product_cat-puzzle-dla-dzieci-puzzle","7":"product_cat-puzzle-dla-dzieci-gry-dla-dzieci","8":"brand-lumo-stars_pl","10":"first","11":"outofstock","12":"taxable","13":"shipping-taxable","14":"product-type-simple"},"aioseo_notices":[],"_links":{"self":[{"href":"https:\/\/games.tactic.net\/pl\/wp-json\/wp\/v2\/product\/74675","targetHints":{"allow":["GET"]}}],"collection":[{"href":"https:\/\/games.tactic.net\/pl\/wp-json\/wp\/v2\/product"}],"about":[{"href":"https:\/\/games.tactic.net\/pl\/wp-json\/wp\/v2\/types\/product"}],"wp:attachment":[{"href":"https:\/\/games.tactic.net\/pl\/wp-json\/wp\/v2\/media?parent=74675"}],"wp:term":[{"taxonomy":"product_brand","embeddable":true,"href":"https:\/\/games.tactic.net\/pl\/wp-json\/wp\/v2\/product_brand?post=74675"},{"taxonomy":"product_cat","embeddable":true,"href":"https:\/\/games.tactic.net\/pl\/wp-json\/wp\/v2\/product_cat?post=74675"},{"taxonomy":"product_tag","embeddable":true,"href":"https:\/\/games.tactic.net\/pl\/wp-json\/wp\/v2\/product_tag?post=74675"},{"taxonomy":"brand","embeddable":true,"href":"https:\/\/games.tactic.net\/pl\/wp-json\/wp\/v2\/brand?post=74675"},{"taxonomy":"target-group","embeddable":true,"href":"https:\/\/games.tactic.net\/pl\/wp-json\/wp\/v2\/target-group?post=74675"},{"taxonomy":"discontinued","embeddable":true,"href":"https:\/\/games.tactic.net\/pl\/wp-json\/wp\/v2\/discontinued?post=74675"}],"curies":[{"name":"wp","href":"https:\/\/api.w.org\/{rel}","templated":true}]}}