{"id":744391,"date":"2023-05-15T15:22:05","date_gmt":"2023-05-15T12:22:05","guid":{"rendered":"https:\/\/games.tactic.net\/tuote\/top-magic-w-displeju\/"},"modified":"2023-09-26T20:36:04","modified_gmt":"2023-09-26T17:36:04","slug":"top-magic-w-displeju","status":"publish","type":"product","link":"https:\/\/games.tactic.net\/pl\/tuote\/top-magic-w-displeju\/","title":{"rendered":"Top Magic w displeju"},"content":{"rendered":"<p>ZASKOCZ PRZYJACI\u00d3\u0141 MAGICZNYMI SZTUCZKAMI! Top Magic to seria zestaw\u00f3w sztuczek mo\u017cliwych do wykonania nawet przez kilkuletnie dzieci. Magiczne przedmioty, znikaj\u0105ce karty i wiele innych niespodzianek dla ciebie i twoich najbli\u017cszych! Zawarto\u015b\u0107: 36 zestaw\u00f3w Top Magic. <\/p>\n","protected":false},"excerpt":{"rendered":"<p><b>ZASKOCZ PRZYJACI\u00d3\u0141 MAGICZNYMI SZTUCZKAMI!<\/b> <\/p>\n<p> Top Magic to seria zestaw\u00f3w sztuczek mo\u017cliwych do wykonania nawet przez kilkuletnie dzieci. Magiczne przedmioty, znikaj\u0105ce karty i wiele innych niespodzianek dla ciebie i twoich najbli\u017cszych! <\/p>\n","protected":false},"featured_media":0,"template":"","meta":{"content-type":"","_monsterinsights_skip_tracking":false,"_monsterinsights_sitenote_active":false,"_monsterinsights_sitenote_note":"","_monsterinsights_sitenote_category":0},"product_brand":[],"product_cat":[1704],"product_tag":[],"brand":[],"target-group":[],"discontinued":[],"class_list":{"0":"post-744391","1":"product","2":"type-product","3":"status-publish","5":"product_cat-zestawy-sztuczek-i-zarcikow","7":"first","8":"outofstock","9":"taxable","10":"shipping-taxable","11":"product-type-simple"},"aioseo_notices":[],"_links":{"self":[{"href":"https:\/\/games.tactic.net\/pl\/wp-json\/wp\/v2\/product\/744391","targetHints":{"allow":["GET"]}}],"collection":[{"href":"https:\/\/games.tactic.net\/pl\/wp-json\/wp\/v2\/product"}],"about":[{"href":"https:\/\/games.tactic.net\/pl\/wp-json\/wp\/v2\/types\/product"}],"wp:attachment":[{"href":"https:\/\/games.tactic.net\/pl\/wp-json\/wp\/v2\/media?parent=744391"}],"wp:term":[{"taxonomy":"product_brand","embeddable":true,"href":"https:\/\/games.tactic.net\/pl\/wp-json\/wp\/v2\/product_brand?post=744391"},{"taxonomy":"product_cat","embeddable":true,"href":"https:\/\/games.tactic.net\/pl\/wp-json\/wp\/v2\/product_cat?post=744391"},{"taxonomy":"product_tag","embeddable":true,"href":"https:\/\/games.tactic.net\/pl\/wp-json\/wp\/v2\/product_tag?post=744391"},{"taxonomy":"brand","embeddable":true,"href":"https:\/\/games.tactic.net\/pl\/wp-json\/wp\/v2\/brand?post=744391"},{"taxonomy":"target-group","embeddable":true,"href":"https:\/\/games.tactic.net\/pl\/wp-json\/wp\/v2\/target-group?post=744391"},{"taxonomy":"discontinued","embeddable":true,"href":"https:\/\/games.tactic.net\/pl\/wp-json\/wp\/v2\/discontinued?post=744391"}],"curies":[{"name":"wp","href":"https:\/\/api.w.org\/{rel}","templated":true}]}}