{"id":72703,"date":"2021-03-04T11:18:37","date_gmt":"2021-03-04T09:18:37","guid":{"rendered":"https:\/\/dev.tactic.net\/tuote\/pathway-by-a-canal\/"},"modified":"2023-10-25T18:54:36","modified_gmt":"2023-10-25T15:54:36","slug":"pathway-by-a-canal","status":"publish","type":"product","link":"https:\/\/games.tactic.net\/pl\/tuote\/pathway-by-a-canal\/","title":{"rendered":"Tactic Puzzle Lovers Pathway by a canal 1000 el. puzzle"},"content":{"rendered":"<p>Zbierz ca\u0142\u0105 kolekcj\u0119 wspania\u0142ych scenerii. Rozmiar puzzli po z\u0142o\u017ceniu 67 cm x 48 cm<\/p>\n","protected":false},"excerpt":{"rendered":"<p>Zbierz ca\u0142\u0105 kolekcj\u0119 wspania\u0142ych scenerii. Rozmiar puzzli po z\u0142o\u017ceniu 67 cm x 48 cm<\/p>\n","protected":false},"featured_media":0,"template":"","meta":{"content-type":"","_monsterinsights_skip_tracking":false,"_monsterinsights_sitenote_active":false,"_monsterinsights_sitenote_note":"","_monsterinsights_sitenote_category":0},"product_brand":[],"product_cat":[926],"product_tag":[],"brand":[{"id":607,"name":"PuzzleLovers","slug":"puzzlelovers_pl"}],"target-group":[],"discontinued":[],"class_list":{"0":"post-72703","1":"product","2":"type-product","3":"status-publish","5":"product_cat-1000-elementow","6":"brand-puzzlelovers_pl","8":"first","9":"outofstock","10":"sale","11":"taxable","12":"shipping-taxable","13":"product-type-simple"},"aioseo_notices":[],"_links":{"self":[{"href":"https:\/\/games.tactic.net\/pl\/wp-json\/wp\/v2\/product\/72703","targetHints":{"allow":["GET"]}}],"collection":[{"href":"https:\/\/games.tactic.net\/pl\/wp-json\/wp\/v2\/product"}],"about":[{"href":"https:\/\/games.tactic.net\/pl\/wp-json\/wp\/v2\/types\/product"}],"wp:attachment":[{"href":"https:\/\/games.tactic.net\/pl\/wp-json\/wp\/v2\/media?parent=72703"}],"wp:term":[{"taxonomy":"product_brand","embeddable":true,"href":"https:\/\/games.tactic.net\/pl\/wp-json\/wp\/v2\/product_brand?post=72703"},{"taxonomy":"product_cat","embeddable":true,"href":"https:\/\/games.tactic.net\/pl\/wp-json\/wp\/v2\/product_cat?post=72703"},{"taxonomy":"product_tag","embeddable":true,"href":"https:\/\/games.tactic.net\/pl\/wp-json\/wp\/v2\/product_tag?post=72703"},{"taxonomy":"brand","embeddable":true,"href":"https:\/\/games.tactic.net\/pl\/wp-json\/wp\/v2\/brand?post=72703"},{"taxonomy":"target-group","embeddable":true,"href":"https:\/\/games.tactic.net\/pl\/wp-json\/wp\/v2\/target-group?post=72703"},{"taxonomy":"discontinued","embeddable":true,"href":"https:\/\/games.tactic.net\/pl\/wp-json\/wp\/v2\/discontinued?post=72703"}],"curies":[{"name":"wp","href":"https:\/\/api.w.org\/{rel}","templated":true}]}}