{"id":722048,"date":"2023-04-26T08:38:35","date_gmt":"2023-04-26T05:38:35","guid":{"rendered":"https:\/\/games.tactic.net\/tuote\/pin-up-color-in-karty\/"},"modified":"2023-04-26T08:38:35","modified_gmt":"2023-04-26T05:38:35","slug":"pin-up-color-in-karty","status":"archive","type":"product","link":"https:\/\/games.tactic.net\/pl\/tuote\/pin-up-color-in-karty\/","title":{"rendered":"Pin-Up Color-In &#8211; karty"},"content":{"rendered":"<p>Wysokiej jako\u015bci karty (55 listk\u00f3w) do kolorowania dla m\u0142odzie\u017cy i doros\u0142ych. <\/p>\n<p>Kolorowa\u0107 mo\u017cna za pomoc\u0105 farb, kredek lub pisak\u00f3w (nie do\u0142\u0105czone).<\/p>\n","protected":false},"excerpt":{"rendered":"<p>Wysokiej jako\u015bci karty (55 listk\u00f3w) do kolorowania dla m\u0142odzie\u017cy i doros\u0142ych.<\/p>\n","protected":false},"featured_media":0,"template":"","meta":{"content-type":"","_monsterinsights_skip_tracking":false,"_monsterinsights_sitenote_active":false,"_monsterinsights_sitenote_note":"","_monsterinsights_sitenote_category":0},"product_brand":[],"product_cat":[1675],"product_tag":[],"brand":[],"target-group":[],"discontinued":[],"class_list":{"0":"post-722048","1":"product","2":"type-product","3":"status-archive","5":"product_cat-gry-kosciane-i-karciane","7":"first","8":"outofstock","9":"taxable","10":"shipping-taxable","11":"product-type-simple"},"aioseo_notices":[],"_links":{"self":[{"href":"https:\/\/games.tactic.net\/pl\/wp-json\/wp\/v2\/product\/722048","targetHints":{"allow":["GET"]}}],"collection":[{"href":"https:\/\/games.tactic.net\/pl\/wp-json\/wp\/v2\/product"}],"about":[{"href":"https:\/\/games.tactic.net\/pl\/wp-json\/wp\/v2\/types\/product"}],"wp:attachment":[{"href":"https:\/\/games.tactic.net\/pl\/wp-json\/wp\/v2\/media?parent=722048"}],"wp:term":[{"taxonomy":"product_brand","embeddable":true,"href":"https:\/\/games.tactic.net\/pl\/wp-json\/wp\/v2\/product_brand?post=722048"},{"taxonomy":"product_cat","embeddable":true,"href":"https:\/\/games.tactic.net\/pl\/wp-json\/wp\/v2\/product_cat?post=722048"},{"taxonomy":"product_tag","embeddable":true,"href":"https:\/\/games.tactic.net\/pl\/wp-json\/wp\/v2\/product_tag?post=722048"},{"taxonomy":"brand","embeddable":true,"href":"https:\/\/games.tactic.net\/pl\/wp-json\/wp\/v2\/brand?post=722048"},{"taxonomy":"target-group","embeddable":true,"href":"https:\/\/games.tactic.net\/pl\/wp-json\/wp\/v2\/target-group?post=722048"},{"taxonomy":"discontinued","embeddable":true,"href":"https:\/\/games.tactic.net\/pl\/wp-json\/wp\/v2\/discontinued?post=722048"}],"curies":[{"name":"wp","href":"https:\/\/api.w.org\/{rel}","templated":true}]}}