{"id":717489,"date":"2023-04-11T12:37:16","date_gmt":"2023-04-11T09:37:16","guid":{"rendered":"https:\/\/games.tactic.net\/tuote\/muminki-yatzy-bingo\/"},"modified":"2023-04-11T12:37:16","modified_gmt":"2023-04-11T09:37:16","slug":"muminki-yatzy-bingo","status":"archive","type":"product","link":"https:\/\/games.tactic.net\/pl\/tuote\/muminki-yatzy-bingo\/","title":{"rendered":"Muminki Yatzy + Bingo"},"content":{"rendered":"<p>W Yatzy wygra osoba, kt\u00f3rej uda si\u0119 uzyska\u0107najwi\u0119cej identycznych obrazk\u00f3w na kostkach. Poobr\u00f3ceniu plansz mo\u017cna zagra\u0107 w bingo.<\/p>\n<div>\u2022 Dwie gry w jednym zestawie.<br \/>\u2022 Du\u017ce kostki z ilustracjami s\u0105 szczeg\u00f3lnielubiane przez m\u0142odsze dzieci.<br \/>\u2022 Gra zawiera kolorowe rysunki zlubianymi Muminkami!<\/div>\n","protected":false},"excerpt":{"rendered":"<p>W Yatzy wygra osoba, kt\u00f3rej uda si\u0119 uzyska\u0107najwi\u0119cej identycznych obrazk\u00f3w na kostkach. Poobr\u00f3ceniu plansz mo\u017cna zagra\u0107 w bingo.<\/p>\n","protected":false},"featured_media":0,"template":"","meta":{"content-type":"","_monsterinsights_skip_tracking":false,"_monsterinsights_sitenote_active":false,"_monsterinsights_sitenote_note":"","_monsterinsights_sitenote_category":0},"product_brand":[],"product_cat":[340,2155],"product_tag":[],"brand":[],"target-group":[],"discontinued":[],"class_list":{"0":"post-717489","1":"product","2":"type-product","3":"status-archive","5":"product_cat-gry-dla-dzieci","6":"product_cat-gry-kosciane-i-karciane-2","8":"first","9":"outofstock","10":"taxable","11":"shipping-taxable","12":"product-type-simple"},"aioseo_notices":[],"_links":{"self":[{"href":"https:\/\/games.tactic.net\/pl\/wp-json\/wp\/v2\/product\/717489","targetHints":{"allow":["GET"]}}],"collection":[{"href":"https:\/\/games.tactic.net\/pl\/wp-json\/wp\/v2\/product"}],"about":[{"href":"https:\/\/games.tactic.net\/pl\/wp-json\/wp\/v2\/types\/product"}],"wp:attachment":[{"href":"https:\/\/games.tactic.net\/pl\/wp-json\/wp\/v2\/media?parent=717489"}],"wp:term":[{"taxonomy":"product_brand","embeddable":true,"href":"https:\/\/games.tactic.net\/pl\/wp-json\/wp\/v2\/product_brand?post=717489"},{"taxonomy":"product_cat","embeddable":true,"href":"https:\/\/games.tactic.net\/pl\/wp-json\/wp\/v2\/product_cat?post=717489"},{"taxonomy":"product_tag","embeddable":true,"href":"https:\/\/games.tactic.net\/pl\/wp-json\/wp\/v2\/product_tag?post=717489"},{"taxonomy":"brand","embeddable":true,"href":"https:\/\/games.tactic.net\/pl\/wp-json\/wp\/v2\/brand?post=717489"},{"taxonomy":"target-group","embeddable":true,"href":"https:\/\/games.tactic.net\/pl\/wp-json\/wp\/v2\/target-group?post=717489"},{"taxonomy":"discontinued","embeddable":true,"href":"https:\/\/games.tactic.net\/pl\/wp-json\/wp\/v2\/discontinued?post=717489"}],"curies":[{"name":"wp","href":"https:\/\/api.w.org\/{rel}","templated":true}]}}