{"id":717418,"date":"2023-04-11T12:35:23","date_gmt":"2023-04-11T09:35:23","guid":{"rendered":"https:\/\/games.tactic.net\/tuote\/realm-of-wonder-allies-gra-karciana\/"},"modified":"2023-04-11T12:35:23","modified_gmt":"2023-04-11T09:35:23","slug":"realm-of-wonder-allies-gra-karciana","status":"archive","type":"product","link":"https:\/\/games.tactic.net\/pl\/tuote\/realm-of-wonder-allies-gra-karciana\/","title":{"rendered":"Realm of Wonder &#8211; Allies &#8211; gra karciana"},"content":{"rendered":"<p>We\u017a udzia\u0142 w tytatynicznych zmaganiach wybra\u0144c\u00f3w, kt\u00f3rzy weszli w posiadanie czarodziejskich kul. Wybierz sprzymierze\u0144c\u00f3w i sta\u0144 do boju o w\u0142adz\u0105 nad kr\u00f3lestwem!<br \/>\nZawarto\u015b\u0107: 150 kart plemion,15 kart krain, zasady gry.<\/p>\n","protected":false},"excerpt":{"rendered":"<p>We\u017a udzia\u0142 w tytatynicznych zmaganiach wybra\u0144c\u00f3w, kt\u00f3rzy weszli w posiadanie czarodziejskich kul. Wybierz sprzymierze\u0144c\u00f3w i sta\u0144 do boju o w\u0142adz\u0105 nad kr\u00f3lestwem!<\/p>\n","protected":false},"featured_media":0,"template":"","meta":{"content-type":"","_monsterinsights_skip_tracking":false,"_monsterinsights_sitenote_active":false,"_monsterinsights_sitenote_note":"","_monsterinsights_sitenote_category":0},"product_brand":[],"product_cat":[2154],"product_tag":[],"brand":[],"target-group":[],"discontinued":[],"class_list":{"0":"post-717418","1":"product","2":"type-product","3":"status-archive","5":"product_cat-strategiczne-dla-doroslych","7":"first","8":"outofstock","9":"taxable","10":"shipping-taxable","11":"product-type-simple"},"aioseo_notices":[],"_links":{"self":[{"href":"https:\/\/games.tactic.net\/pl\/wp-json\/wp\/v2\/product\/717418","targetHints":{"allow":["GET"]}}],"collection":[{"href":"https:\/\/games.tactic.net\/pl\/wp-json\/wp\/v2\/product"}],"about":[{"href":"https:\/\/games.tactic.net\/pl\/wp-json\/wp\/v2\/types\/product"}],"wp:attachment":[{"href":"https:\/\/games.tactic.net\/pl\/wp-json\/wp\/v2\/media?parent=717418"}],"wp:term":[{"taxonomy":"product_brand","embeddable":true,"href":"https:\/\/games.tactic.net\/pl\/wp-json\/wp\/v2\/product_brand?post=717418"},{"taxonomy":"product_cat","embeddable":true,"href":"https:\/\/games.tactic.net\/pl\/wp-json\/wp\/v2\/product_cat?post=717418"},{"taxonomy":"product_tag","embeddable":true,"href":"https:\/\/games.tactic.net\/pl\/wp-json\/wp\/v2\/product_tag?post=717418"},{"taxonomy":"brand","embeddable":true,"href":"https:\/\/games.tactic.net\/pl\/wp-json\/wp\/v2\/brand?post=717418"},{"taxonomy":"target-group","embeddable":true,"href":"https:\/\/games.tactic.net\/pl\/wp-json\/wp\/v2\/target-group?post=717418"},{"taxonomy":"discontinued","embeddable":true,"href":"https:\/\/games.tactic.net\/pl\/wp-json\/wp\/v2\/discontinued?post=717418"}],"curies":[{"name":"wp","href":"https:\/\/api.w.org\/{rel}","templated":true}]}}