{"id":716895,"date":"2023-03-30T13:53:58","date_gmt":"2023-03-30T10:53:58","guid":{"rendered":"https:\/\/games.tactic.net\/tuote\/maly-pociag\/"},"modified":"2023-03-30T13:53:58","modified_gmt":"2023-03-30T10:53:58","slug":"maly-pociag","status":"archive","type":"product","link":"https:\/\/games.tactic.net\/pl\/tuote\/maly-pociag\/","title":{"rendered":"Ma\u0142y poci\u0105g"},"content":{"rendered":"<p>Przemierzaj poci\u0105giem plansz\u0119 w poszukiwaniu zaginionego baga\u017cu. Je\u015bli odnajdziesz go, nim uczyni\u0105 to pozostali, wygrasz! <\/p>\n<p>\u2022 \u015alicznie wykonane drewniane elementy. <\/p>\n<p>\u2022 Wyj\u0105tkowa plansza z szynami kolejowymi! <\/p>\n<p>\u2022 Pobierz aplikacj\u0119 Little Train Game dla dodatkowej zabawy!<\/p>\n<p>\u2022 Ta prosta gra jest idealna dla najm\u0142odszych mi\u0142o\u015bnik\u00f3w gier planszowych.<\/p>\n","protected":false},"excerpt":{"rendered":"<p>Przemierzaj poci\u0105giem plansz\u0119 w poszukiwaniu zaginionego baga\u017cu. Je\u015bli odnajdziesz go, nim uczyni\u0105 to pozostali, wygrasz! <\/p>\n","protected":false},"featured_media":0,"template":"","meta":{"content-type":"","_monsterinsights_skip_tracking":false,"_monsterinsights_sitenote_active":false,"_monsterinsights_sitenote_note":"","_monsterinsights_sitenote_category":0},"product_brand":[],"product_cat":[340,2153],"product_tag":[],"brand":[],"target-group":[],"discontinued":[],"class_list":{"0":"post-716895","1":"product","2":"type-product","3":"status-archive","5":"product_cat-gry-dla-dzieci","6":"product_cat-gry-edukacyjne-2","8":"first","9":"outofstock","10":"taxable","11":"shipping-taxable","12":"product-type-simple"},"aioseo_notices":[],"_links":{"self":[{"href":"https:\/\/games.tactic.net\/pl\/wp-json\/wp\/v2\/product\/716895","targetHints":{"allow":["GET"]}}],"collection":[{"href":"https:\/\/games.tactic.net\/pl\/wp-json\/wp\/v2\/product"}],"about":[{"href":"https:\/\/games.tactic.net\/pl\/wp-json\/wp\/v2\/types\/product"}],"wp:attachment":[{"href":"https:\/\/games.tactic.net\/pl\/wp-json\/wp\/v2\/media?parent=716895"}],"wp:term":[{"taxonomy":"product_brand","embeddable":true,"href":"https:\/\/games.tactic.net\/pl\/wp-json\/wp\/v2\/product_brand?post=716895"},{"taxonomy":"product_cat","embeddable":true,"href":"https:\/\/games.tactic.net\/pl\/wp-json\/wp\/v2\/product_cat?post=716895"},{"taxonomy":"product_tag","embeddable":true,"href":"https:\/\/games.tactic.net\/pl\/wp-json\/wp\/v2\/product_tag?post=716895"},{"taxonomy":"brand","embeddable":true,"href":"https:\/\/games.tactic.net\/pl\/wp-json\/wp\/v2\/brand?post=716895"},{"taxonomy":"target-group","embeddable":true,"href":"https:\/\/games.tactic.net\/pl\/wp-json\/wp\/v2\/target-group?post=716895"},{"taxonomy":"discontinued","embeddable":true,"href":"https:\/\/games.tactic.net\/pl\/wp-json\/wp\/v2\/discontinued?post=716895"}],"curies":[{"name":"wp","href":"https:\/\/api.w.org\/{rel}","templated":true}]}}