{"id":716653,"date":"2023-03-29T10:42:32","date_gmt":"2023-03-29T07:42:32","guid":{"rendered":"https:\/\/games.tactic.net\/tuote\/hit-360-gra-plenerowa\/"},"modified":"2023-03-29T10:42:32","modified_gmt":"2023-03-29T07:42:32","slug":"hit-360-gra-plenerowa","status":"archive","type":"product","link":"https:\/\/games.tactic.net\/pl\/tuote\/hit-360-gra-plenerowa\/","title":{"rendered":"Hit 360\u00b0 gra plenerowa"},"content":{"rendered":"<p>GRAJ W DOWOLNY SPOS\u00d3B ALE B\u0104D\u0179 PRECYZYJNY!<\/p>\n<p>Zabawa plenerowa polegaj\u0105ca na wybijaniu, w<br \/>odpowiedniej kolejno\u015bci, kr\u0119gli poza okr\u0119g. Okr\u0119g<br \/>wytyczony jest specjalnym sznurkiem, a rzuty wykonywa\u0107<br \/>mo\u017cna z dowolnej strony! <strong><\/strong><\/p>\n<p><strong>Zawarto\u015b\u0107:<\/strong> 6 kr\u0119gli, 2 zbijaki, sznurek, palik, instrukcja.<\/p>\n<div><img decoding=\"async\" src=\"http:\/\/www.tactic.net\/img\/nuoli.png\" alt=\"Nuoli\" align=\"none\">Download the Hit360 Game Tracker application:<\/div>\n<div>&lt;a href=&quot;https:\/\/play.google.com\/store\/apps\/details?id=com.tactic.hit360<\/p>\n","protected":false},"excerpt":{"rendered":"<p>GRAJ W DOWOLNY SPOS\u00d3B ALE B\u0104D\u0179 PRECYZYJNY!<\/p>\n<p>Zabawa plenerowa polegaj\u0105ca na wybijaniu, w<br \/>odpowiedniej kolejno\u015bci, kr\u0119gli poza okr\u0119g. Okr\u0119g<br \/>wytyczony jest specjalnym sznurkiem, a rzuty wykonywa\u0107<br \/>mo\u017cna z dowolnej strony!<\/p>\n","protected":false},"featured_media":0,"template":"","meta":{"content-type":"","_monsterinsights_skip_tracking":false,"_monsterinsights_sitenote_active":false,"_monsterinsights_sitenote_note":"","_monsterinsights_sitenote_category":0},"product_brand":[],"product_cat":[1939],"product_tag":[],"brand":[],"target-group":[],"discontinued":[],"class_list":{"0":"post-716653","1":"product","2":"type-product","3":"status-archive","5":"product_cat-inne-gry-plenerowe-gry-plenerowe","7":"first","8":"outofstock","9":"taxable","10":"shipping-taxable","11":"product-type-simple"},"aioseo_notices":[],"_links":{"self":[{"href":"https:\/\/games.tactic.net\/pl\/wp-json\/wp\/v2\/product\/716653","targetHints":{"allow":["GET"]}}],"collection":[{"href":"https:\/\/games.tactic.net\/pl\/wp-json\/wp\/v2\/product"}],"about":[{"href":"https:\/\/games.tactic.net\/pl\/wp-json\/wp\/v2\/types\/product"}],"wp:attachment":[{"href":"https:\/\/games.tactic.net\/pl\/wp-json\/wp\/v2\/media?parent=716653"}],"wp:term":[{"taxonomy":"product_brand","embeddable":true,"href":"https:\/\/games.tactic.net\/pl\/wp-json\/wp\/v2\/product_brand?post=716653"},{"taxonomy":"product_cat","embeddable":true,"href":"https:\/\/games.tactic.net\/pl\/wp-json\/wp\/v2\/product_cat?post=716653"},{"taxonomy":"product_tag","embeddable":true,"href":"https:\/\/games.tactic.net\/pl\/wp-json\/wp\/v2\/product_tag?post=716653"},{"taxonomy":"brand","embeddable":true,"href":"https:\/\/games.tactic.net\/pl\/wp-json\/wp\/v2\/brand?post=716653"},{"taxonomy":"target-group","embeddable":true,"href":"https:\/\/games.tactic.net\/pl\/wp-json\/wp\/v2\/target-group?post=716653"},{"taxonomy":"discontinued","embeddable":true,"href":"https:\/\/games.tactic.net\/pl\/wp-json\/wp\/v2\/discontinued?post=716653"}],"curies":[{"name":"wp","href":"https:\/\/api.w.org\/{rel}","templated":true}]}}