{"id":713419,"date":"2023-03-08T12:39:37","date_gmt":"2023-03-08T10:39:37","guid":{"rendered":"https:\/\/games.tactic.net\/tuote\/chodz-na-slowko\/"},"modified":"2023-07-11T13:57:54","modified_gmt":"2023-07-11T10:57:54","slug":"chodz-na-slowko","status":"publish","type":"product","link":"https:\/\/games.tactic.net\/pl\/tuote\/chodz-na-slowko\/","title":{"rendered":"Tactic Chod\u017a na s\u0142\u00f3wko!"},"content":{"rendered":"<p>Osiem kostek, sprytna g\u0142\u00f3wka &#8211; i ju\u017c mo\u017cesz zagra\u0107 w s\u0142\u00f3wka! Chod\u017a na s\u0142\u00f3wko to dynamiczna gra s\u0142owna, kt\u00f3ra rozkr\u0119ci ka\u017cd\u0105 zabaw\u0119. Rzu\u0107 kostkami i rozpocznij wy\u015bcig z czasem! Wszyscy gracze pr\u00f3buj\u0105 u\u0142o\u017cy\u0107 s\u0142owa z liter wskazanych na kostkach i zapisa\u0107 je na swoich kartkach nim przesypie si\u0119 piasek w klepsydrze. Ale&#8230; punkty otrzymacie tylko za s\u0142owa, kt\u00f3rych nie wymy\u015blili pozostali! Wyt\u0119\u017c umys\u0142 i rzu\u0107 wyzwanie sobie oraz znajomym. Produkt posiada certyfikat FSC. Zawarto\u015b\u0107: 7 kostek z literami + 1 pusta kostka-joker, 1 notatnik, 1 klepsydra, 4 o\u0142\u00f3wki, instrukcja. Gra dla 2 i wi\u0119cej graczy w wieku 8+.<\/p>\n","protected":false},"excerpt":{"rendered":"<p>Znajd\u017a s\u0142owa na kostkach z literami! Piasek w klepsydrze szybko si\u0119 przesypuje, a ty musisz stworzy\u0107 s\u0142owa z liter na kostkach. Ale uwa\u017caj, bo nie dostaniesz punkt\u00f3w, je\u015bli twoje s\u0142owa znajd\u0105 si\u0119 na planszach przeciwnik\u00f3w! Szybka gra s\u0142owna zapewniaj\u0105ca du\u017c\u0105 r\u00f3\u017cnorodno\u015b\u0107! \u0141atwy do dostosowania poziom trudno\u015bci.<\/p>\n","protected":false},"featured_media":0,"template":"","meta":{"content-type":"","_monsterinsights_skip_tracking":false,"_monsterinsights_sitenote_active":false,"_monsterinsights_sitenote_note":"","_monsterinsights_sitenote_category":0},"product_brand":[],"product_cat":[1796,1818,1811],"product_tag":[1230,1234,1253,995],"brand":[],"target-group":[],"discontinued":[],"class_list":{"0":"post-713419","1":"product","2":"type-product","3":"status-publish","5":"product_cat-gry-planszowe-dla-dzieci","6":"product_cat-imprezowe-gry-rodzinne","7":"product_cat-imprezowe-gry-dla-doroslych","8":"product_tag-dzialanie-pl","9":"product_tag-laczenie-pl","10":"product_tag-umiejetnosc-pl","11":"product_tag-wieloosobowe","13":"first","14":"outofstock","15":"taxable","16":"shipping-taxable","17":"product-type-simple"},"aioseo_notices":[],"_links":{"self":[{"href":"https:\/\/games.tactic.net\/pl\/wp-json\/wp\/v2\/product\/713419","targetHints":{"allow":["GET"]}}],"collection":[{"href":"https:\/\/games.tactic.net\/pl\/wp-json\/wp\/v2\/product"}],"about":[{"href":"https:\/\/games.tactic.net\/pl\/wp-json\/wp\/v2\/types\/product"}],"wp:attachment":[{"href":"https:\/\/games.tactic.net\/pl\/wp-json\/wp\/v2\/media?parent=713419"}],"wp:term":[{"taxonomy":"product_brand","embeddable":true,"href":"https:\/\/games.tactic.net\/pl\/wp-json\/wp\/v2\/product_brand?post=713419"},{"taxonomy":"product_cat","embeddable":true,"href":"https:\/\/games.tactic.net\/pl\/wp-json\/wp\/v2\/product_cat?post=713419"},{"taxonomy":"product_tag","embeddable":true,"href":"https:\/\/games.tactic.net\/pl\/wp-json\/wp\/v2\/product_tag?post=713419"},{"taxonomy":"brand","embeddable":true,"href":"https:\/\/games.tactic.net\/pl\/wp-json\/wp\/v2\/brand?post=713419"},{"taxonomy":"target-group","embeddable":true,"href":"https:\/\/games.tactic.net\/pl\/wp-json\/wp\/v2\/target-group?post=713419"},{"taxonomy":"discontinued","embeddable":true,"href":"https:\/\/games.tactic.net\/pl\/wp-json\/wp\/v2\/discontinued?post=713419"}],"curies":[{"name":"wp","href":"https:\/\/api.w.org\/{rel}","templated":true}]}}