{"id":703509,"date":"2023-01-31T13:23:04","date_gmt":"2023-01-31T11:23:04","guid":{"rendered":"https:\/\/games.tactic.net\/tuote\/100-pcs-puzzle-hedgehogs\/"},"modified":"2023-10-19T14:42:08","modified_gmt":"2023-10-19T11:42:08","slug":"100-pcs-puzzle-hedgehogs","status":"publish","type":"product","link":"https:\/\/games.tactic.net\/pl\/tuote\/100-pcs-puzzle-hedgehogs\/","title":{"rendered":"Tactic Puzzle Lovers Hedgehogs 100 el. puzzle"},"content":{"rendered":"<p>Puzzle Tactic z kolekcji 100 element\u00f3w s\u0105 starannie zaprojektowane dla starszych dzieci oraz pocz\u0105tkuj\u0105cych doros\u0142ych mi\u0142o\u015bnik\u00f3w puzzli. To doskona\u0142e wprowadzenie i trening przed rozpocz\u0119ciem uk\u0142adania bardziej zaawansowanych wzor\u00f3w z naszej kolekcji (500-1000-1500 element\u00f3w).<\/p>\n<p>Pi\u0119kne i nie banalne w u\u0142o\u017ceniu motywy oraz urocze pude\u0142ko doskonale nadaj\u0105 si\u0119 na prezent.<br \/>\nZwariowane je\u017ce na pude\u0142ku przedstawiaj\u0105ce wz\u00f3r do u\u0142o\u017cenia, dodaj\u0105 niepowtarzalno\u015bci i wspaniale komponuj\u0105 si\u0119 z oryginalnym rozmiarem pude\u0142ka.<\/p>\n<p>\u0106wicz umys\u0142 z nami &#8211; witamy w ekscytuj\u0105cym \u015bwiecie puzzli Tactic!<br \/>\nOferujemy tylko najlepsz\u0105 jako\u015b\u0107 zar\u00f3wno zdj\u0119\u0107, jak i materia\u0142\u00f3w. <\/p>\n<p>Puzzle 100 element\u00f3w.<br \/>\nRozmiar obrazka po z\u0142o\u017ceniu 42&#215;29,7 cm.<\/p>\n","protected":false},"excerpt":{"rendered":"<p>Puzzle Tactic z kolekcji 100 element\u00f3w s\u0105 starannie zaprojektowane dla starszych dzieci oraz pocz\u0105tkuj\u0105cych doros\u0142ych mi\u0142o\u015bnik\u00f3w puzzli. To doskona\u0142e wprowadzenie i trening przed rozpocz\u0119ciem uk\u0142adania bardziej zaawansowanych wzor\u00f3w z naszej kolekcji (500-1000-1500 element\u00f3w). Pi\u0119kne i nie banalne w u\u0142o\u017ceniu motywy oraz urocze pude\u0142ko doskonale nadaj\u0105 si\u0119 na prezent. Zwariowane je\u017ce na pude\u0142ku przedstawiaj\u0105ce wz\u00f3r do [&hellip;]<\/p>\n","protected":false},"featured_media":0,"template":"","meta":{"content-type":"","_monsterinsights_skip_tracking":false,"_monsterinsights_sitenote_active":false,"_monsterinsights_sitenote_note":"","_monsterinsights_sitenote_category":0},"product_brand":[],"product_cat":[2139],"product_tag":[],"brand":[{"id":607,"name":"PuzzleLovers","slug":"puzzlelovers_pl"}],"target-group":[],"discontinued":[],"class_list":{"0":"post-703509","1":"product","2":"type-product","3":"status-publish","5":"product_cat-100-elementov","6":"brand-puzzlelovers_pl","8":"first","9":"instock","10":"taxable","11":"shipping-taxable","12":"product-type-simple"},"aioseo_notices":[],"_links":{"self":[{"href":"https:\/\/games.tactic.net\/pl\/wp-json\/wp\/v2\/product\/703509","targetHints":{"allow":["GET"]}}],"collection":[{"href":"https:\/\/games.tactic.net\/pl\/wp-json\/wp\/v2\/product"}],"about":[{"href":"https:\/\/games.tactic.net\/pl\/wp-json\/wp\/v2\/types\/product"}],"wp:attachment":[{"href":"https:\/\/games.tactic.net\/pl\/wp-json\/wp\/v2\/media?parent=703509"}],"wp:term":[{"taxonomy":"product_brand","embeddable":true,"href":"https:\/\/games.tactic.net\/pl\/wp-json\/wp\/v2\/product_brand?post=703509"},{"taxonomy":"product_cat","embeddable":true,"href":"https:\/\/games.tactic.net\/pl\/wp-json\/wp\/v2\/product_cat?post=703509"},{"taxonomy":"product_tag","embeddable":true,"href":"https:\/\/games.tactic.net\/pl\/wp-json\/wp\/v2\/product_tag?post=703509"},{"taxonomy":"brand","embeddable":true,"href":"https:\/\/games.tactic.net\/pl\/wp-json\/wp\/v2\/brand?post=703509"},{"taxonomy":"target-group","embeddable":true,"href":"https:\/\/games.tactic.net\/pl\/wp-json\/wp\/v2\/target-group?post=703509"},{"taxonomy":"discontinued","embeddable":true,"href":"https:\/\/games.tactic.net\/pl\/wp-json\/wp\/v2\/discontinued?post=703509"}],"curies":[{"name":"wp","href":"https:\/\/api.w.org\/{rel}","templated":true}]}}