{"id":701900,"date":"2023-01-25T17:55:21","date_gmt":"2023-01-25T15:55:21","guid":{"rendered":"https:\/\/games.tactic.net\/tuote\/matka-ziemia\/"},"modified":"2024-01-22T13:40:25","modified_gmt":"2024-01-22T11:40:25","slug":"matka-ziemia","status":"publish","type":"product","link":"https:\/\/games.tactic.net\/pl\/tuote\/matka-ziemia\/","title":{"rendered":"Tactic Matka Ziemia"},"content":{"rendered":"<p>To Twoja misja ratowania \u015bwiata! Nim b\u0119dzie za p\u00f3\u017ano &#8211; po\u0142\u0105czcie si\u0142y i odpowiadajcie na pytania z czterech kategorii, by wsp\u00f3lnie uko\u0144czy\u0107 misje powierzone Wam przez Matk\u0119 Ziemi\u0119&#8230; Wsp\u00f3\u0142praca mi\u0119dzy graczami ma w tej grze du\u017ce znaczenie &#8211; podobnie jak przy ratowaniu naszej planety! Zasoby Matki Ziemi s\u0105 obfite, ale ograniczone. Nadszed\u0142 czas, by okaza\u0107 jej wdzi\u0119czno\u015b\u0107 i zadba\u0107 o nasz dom. Wsp\u00f3lnie podejmijmy dzia\u0142ania na rzecz zr\u00f3wnowa\u017conego rozwoju poprzez pozytywne nastawienie! Czy wiecie, czym jest zr\u00f3wnowa\u017cona konsumpcja i jak zmniejszy\u0107 obci\u0105\u017cenie Ziemi? Czy chcieliby\u015bcie si\u0119 dowiedzie\u0107, jak pomaga\u0107 zagro\u017conym gatunkom zwierz\u0105t i zapobiega\u0107 utracie bior\u00f3\u017cnorodno\u015bci? Matka Ziemia to edukacyjna quizowa gra planszowa pe\u0142na konkretnych pomys\u0142\u00f3w na to, jak mo\u017cemy co\u015b zmieni\u0107, by pom\u00f3c naszej planecie. Z gry dowiecie si\u0119, jakie czynniki wp\u0142ywaj\u0105 na kwestie \u015brodowiskowe i podejmowane w ich sprawie decyzje, na kt\u00f3re jako jednostki mamy niewielki wp\u0142yw. Tre\u015b\u0107 pyta\u0144 oraz ciekawostek w grze zosta\u0142a opracowana we wsp\u00f3\u0142pracy ze studentami i studentkami Wydzia\u0142u Edukacji Uniwersytetu Lapo\u0144skiego. Dzi\u0119ki tej wsp\u00f3\u0142pracy mogli\u015bmy stworzy\u0107 gr\u0119 opart\u0105 na dog\u0142\u0119bnych badaniach, pe\u0142n\u0105 aktualnych temat\u00f3w i \u015bwie\u017cych punkt\u00f3w widzenia. Graj\u0105c w Matk\u0119 Ziemi\u0119 dzia\u0142amy na rzecz \u015brodowiska, gdy\u017c zwi\u0119kszamy \u015bwiadomo\u015b\u0107 ekologiczn\u0105 &#8211; a to doskona\u0142y spos\u00f3b na zmian\u0119 naszych postaw i wybor\u00f3w w kierunku bardziej zr\u00f3wnowa\u017conych sposob\u00f3w dzia\u0142ania. Wszystko po to, by uchroni\u0107 nasz\u0105 Ziemi\u0119 przed r\u00f3\u017cnymi zagro\u017ceniami. Gra kooperacyjna z walorem edukacyjnym. Produkt posiada certyfikat FSC. Zawarto\u015b\u0107: obrotowa plansza, 300 kart (276 kart pyta\u0144, 14 kart misji, 10 kart obra\u017ce\u0144), 1 drewniany pionek, 24 \u017cetony odpowiedzi, 2 drewniane ko\u015bci (1 z literami i 1 z cyframi), instrukcja. \u015aredni czas gry: 45 minut. Gra dla 2-6 graczy w wieku 8+.<\/p>\n","protected":false},"excerpt":{"rendered":"<p>Ile wiesz o naszej planecie? Sprawd\u017a swoj\u0105 wiedz\u0119 o Ziemi i dowiedz si\u0119, co jeszcze mo\u017cesz zrobi\u0107 dla jej dobra. Ten quiz nauczy ci\u0119, jak dba\u0107 o nasz\u0105 planet\u0119 i wszystkie cuda, kt\u00f3re nam zapewnia. Quiz pe\u0142en fascynuj\u0105cych, aktualnych tre\u015bci. Dowiedz si\u0119, co mo\u017cesz zrobi\u0107 dla naszej planety!<\/p>\n","protected":false},"featured_media":0,"template":"","meta":{"content-type":"","_monsterinsights_skip_tracking":false,"_monsterinsights_sitenote_active":false,"_monsterinsights_sitenote_note":"","_monsterinsights_sitenote_category":0},"product_brand":[],"product_cat":[1814],"product_tag":[1000,1277,995],"brand":[],"target-group":[],"discontinued":[],"class_list":{"0":"post-701900","1":"product","2":"type-product","3":"status-publish","5":"product_cat-quizowe-gry-rodzinne","6":"product_tag-edukacyjny","7":"product_tag-wiedza","8":"product_tag-wieloosobowe","10":"first","11":"instock","12":"taxable","13":"shipping-taxable","14":"product-type-simple"},"aioseo_notices":[],"_links":{"self":[{"href":"https:\/\/games.tactic.net\/pl\/wp-json\/wp\/v2\/product\/701900","targetHints":{"allow":["GET"]}}],"collection":[{"href":"https:\/\/games.tactic.net\/pl\/wp-json\/wp\/v2\/product"}],"about":[{"href":"https:\/\/games.tactic.net\/pl\/wp-json\/wp\/v2\/types\/product"}],"wp:attachment":[{"href":"https:\/\/games.tactic.net\/pl\/wp-json\/wp\/v2\/media?parent=701900"}],"wp:term":[{"taxonomy":"product_brand","embeddable":true,"href":"https:\/\/games.tactic.net\/pl\/wp-json\/wp\/v2\/product_brand?post=701900"},{"taxonomy":"product_cat","embeddable":true,"href":"https:\/\/games.tactic.net\/pl\/wp-json\/wp\/v2\/product_cat?post=701900"},{"taxonomy":"product_tag","embeddable":true,"href":"https:\/\/games.tactic.net\/pl\/wp-json\/wp\/v2\/product_tag?post=701900"},{"taxonomy":"brand","embeddable":true,"href":"https:\/\/games.tactic.net\/pl\/wp-json\/wp\/v2\/brand?post=701900"},{"taxonomy":"target-group","embeddable":true,"href":"https:\/\/games.tactic.net\/pl\/wp-json\/wp\/v2\/target-group?post=701900"},{"taxonomy":"discontinued","embeddable":true,"href":"https:\/\/games.tactic.net\/pl\/wp-json\/wp\/v2\/discontinued?post=701900"}],"curies":[{"name":"wp","href":"https:\/\/api.w.org\/{rel}","templated":true}]}}