{"id":701885,"date":"2023-01-25T17:31:39","date_gmt":"2023-01-25T15:31:39","guid":{"rendered":"https:\/\/games.tactic.net\/tuote\/lets-learn-feelings-puzzle\/"},"modified":"2023-09-27T12:38:22","modified_gmt":"2023-09-27T09:38:22","slug":"lets-learn-feelings-puzzle","status":"publish","type":"product","link":"https:\/\/games.tactic.net\/pl\/tuote\/lets-learn-feelings-puzzle\/","title":{"rendered":"Tactic Uczmy si\u0119 Emocje"},"content":{"rendered":"<p>Pi\u0119knie ilustrowana uk\u0142adanka pe\u0142na uczu\u0107 i emocji. Przy wsp\u00f3lnym uk\u0142adaniu porozmawiajcie o rado\u015bci, rozczarowaniu, \u0142zach szcz\u0119\u015bcia, ciekawo\u015bci, zazdro\u015bci i wielu innych uczuciach, korzystaj\u0105c z kart z pytaniami. Czy kto\u015b jest przestraszony? Co si\u0119 mog\u0142o sta\u0107? Ile \u015bmiej\u0105cych si\u0119 dzieci znajdziesz? Tyle emocji, tyle odpowiedzi na jedno proste pytanie \u2013 \u201eJak si\u0119 dzi\u015b czujesz?\u201d. Dzi\u0119ki tej uk\u0142adance-zgadywance z elementem gry, dzieci mog\u0105 nauczy\u0107 si\u0119 rozpoznawa\u0107 oraz rozumie\u0107 swoje emocje i uczucia poprzez zabaw\u0119! Wyszukiwanie, liczenie, zgadywanie i rozmawianie \u2013 uczmy si\u0119 o emocjach i rozwijajmy umiej\u0119tno\u015bci percepcyjne przy wsp\u00f3lnej zabawie! Rozmiar planszy po z\u0142o\u017ceniu 42&#215;30 cm. Produkt posiada certyfikat FSC. Zawarto\u015b\u0107: 56 element\u00f3w uk\u0142adanki, 33 karty do odkrywania ilustracji, instrukcja. Uk\u0142adanka dla 1 i wi\u0119cej graczy w wieku 5-8 lat.<\/p>\n","protected":false},"excerpt":{"rendered":"<p>Pi\u0119knie ilustrowana uk\u0142adanka pe\u0142na uczu\u0107 i emocji. Przy wsp\u00f3lnym uk\u0142adaniu porozmawiajcie o rado\u015bci, rozczarowaniu, \u0142zach szcz\u0119\u015bcia, ciekawo\u015bci, zazdro\u015bci i wielu innych uczuciach, korzystaj\u0105c z kart z pytaniami. Czy kto\u015b jest przestraszony? Co si\u0119 mog\u0142o sta\u0107? Ile \u015bmiej\u0105cych si\u0119 dzieci znajdziesz? Tyle emocji, tyle odpowiedzi na jedno proste pytanie \u2013 \u201eJak si\u0119 dzi\u015b czujesz?\u201d. Dzi\u0119ki tej [&hellip;]<\/p>\n","protected":false},"featured_media":0,"template":"","meta":{"content-type":"","_monsterinsights_skip_tracking":false,"_monsterinsights_sitenote_active":false,"_monsterinsights_sitenote_note":"","_monsterinsights_sitenote_category":0},"product_brand":[],"product_cat":[1819],"product_tag":[346],"brand":[{"id":869,"name":"Let's Learn","slug":"letslearn-pl"}],"target-group":[],"discontinued":[],"class_list":{"0":"post-701885","1":"product","2":"type-product","3":"status-publish","5":"product_cat-gry-edukacyjne","6":"product_tag-laczenie","7":"brand-letslearn-pl","9":"first","10":"instock","11":"taxable","12":"shipping-taxable","13":"product-type-simple"},"aioseo_notices":[],"_links":{"self":[{"href":"https:\/\/games.tactic.net\/pl\/wp-json\/wp\/v2\/product\/701885","targetHints":{"allow":["GET"]}}],"collection":[{"href":"https:\/\/games.tactic.net\/pl\/wp-json\/wp\/v2\/product"}],"about":[{"href":"https:\/\/games.tactic.net\/pl\/wp-json\/wp\/v2\/types\/product"}],"wp:attachment":[{"href":"https:\/\/games.tactic.net\/pl\/wp-json\/wp\/v2\/media?parent=701885"}],"wp:term":[{"taxonomy":"product_brand","embeddable":true,"href":"https:\/\/games.tactic.net\/pl\/wp-json\/wp\/v2\/product_brand?post=701885"},{"taxonomy":"product_cat","embeddable":true,"href":"https:\/\/games.tactic.net\/pl\/wp-json\/wp\/v2\/product_cat?post=701885"},{"taxonomy":"product_tag","embeddable":true,"href":"https:\/\/games.tactic.net\/pl\/wp-json\/wp\/v2\/product_tag?post=701885"},{"taxonomy":"brand","embeddable":true,"href":"https:\/\/games.tactic.net\/pl\/wp-json\/wp\/v2\/brand?post=701885"},{"taxonomy":"target-group","embeddable":true,"href":"https:\/\/games.tactic.net\/pl\/wp-json\/wp\/v2\/target-group?post=701885"},{"taxonomy":"discontinued","embeddable":true,"href":"https:\/\/games.tactic.net\/pl\/wp-json\/wp\/v2\/discontinued?post=701885"}],"curies":[{"name":"wp","href":"https:\/\/api.w.org\/{rel}","templated":true}]}}