{"id":697367,"date":"2023-01-16T11:21:59","date_gmt":"2023-01-16T09:21:59","guid":{"rendered":"http:\/\/games.tactic.net\/tuote\/moje-pierwsze-puzzle-i-gra-fox-in-the-forest\/"},"modified":"2023-10-19T14:55:55","modified_gmt":"2023-10-19T11:55:55","slug":"moje-pierwsze-puzzle-i-gra-fox-in-the-forest","status":"publish","type":"product","link":"https:\/\/games.tactic.net\/pl\/tuote\/moje-pierwsze-puzzle-i-gra-fox-in-the-forest\/","title":{"rendered":"Tactic Moje pierwsze puzzle i gra Fox in the Forest"},"content":{"rendered":"<p>Trenuj umys\u0142 i zr\u0119czno\u015b\u0107! Z\u0142\u00f3\u017c wielk\u0105 plansz\u0119, posk\u0142adaj figurki (mo\u017cesz te\u017c doda\u0107 swoje zabawki) i pu\u015b\u0107 wodze fantazji przy tworzeniu i odkrywaniu swojego w\u0142asnego \u015bwiata! Puzzle tworz\u0105 plansz\u0119 do kreatywnej zabawy.<br \/>\nRozmiar planszy po z\u0142o\u017ceniu 56&#215;55 cm.<br \/>\nProdukt posiada certyfikat FSC i wykonany zosta\u0142 w technologii Zero plastiku.<br \/>\nZawarto\u015b\u0107: 9 wielkich kawa\u0142k\u00f3w planszy (puzzli), 16 kartonowych pionk\u00f3w z ilustracjami postaci i rzeczy, 16 \u017ceton\u00f3w, 1 drewniana figurka (lisek).<br \/>\nPuzzle z elementem zabawy dla 1 i wi\u0119cej graczy w wieku 3+.<\/p>\n","protected":false},"excerpt":{"rendered":"<p>U\u0142\u00f3\u017c sw\u00f3j ma\u0142y \u015bwiat kreatywnych zabaw! Po\u0142\u0105cz du\u017ce puzzle, by stworzy\u0107 pe\u0142n\u0105 szczeg\u00f3\u0142\u00f3w krain\u0119. Oto wspania\u0142a sceneria do zabaw dla twoich ulubionych zabawek i figurek z gry! Nieko\u0144cz\u0105ca si\u0119 zabawa bez ogranicze\u0144! Zestaw zawiera 1 drewnian\u0105 figurk\u0119, 16 kartonowych postaci oraz 16 \u017ceton\u00f3w. Zbierz wszystkie trzy gry z serii i u\u0142\u00f3\u017c jeszcze wi\u0119kszy \u015bwiat zabaw!<\/p>\n","protected":false},"featured_media":0,"template":"","meta":{"content-type":"","_monsterinsights_skip_tracking":false,"_monsterinsights_sitenote_active":false,"_monsterinsights_sitenote_note":"","_monsterinsights_sitenote_category":0},"product_brand":[],"product_cat":[1792],"product_tag":[1000,376,995,991],"brand":[],"target-group":[],"discontinued":[],"class_list":{"0":"post-697367","1":"product","2":"type-product","3":"status-publish","5":"product_cat-puzzle-dla-dzieci-gry-dla-dzieci","6":"product_tag-edukacyjny","7":"product_tag-obliczenie","8":"product_tag-wieloosobowe","9":"product_tag-zabawa","11":"first","12":"instock","13":"taxable","14":"shipping-taxable","15":"product-type-simple"},"aioseo_notices":[],"_links":{"self":[{"href":"https:\/\/games.tactic.net\/pl\/wp-json\/wp\/v2\/product\/697367","targetHints":{"allow":["GET"]}}],"collection":[{"href":"https:\/\/games.tactic.net\/pl\/wp-json\/wp\/v2\/product"}],"about":[{"href":"https:\/\/games.tactic.net\/pl\/wp-json\/wp\/v2\/types\/product"}],"wp:attachment":[{"href":"https:\/\/games.tactic.net\/pl\/wp-json\/wp\/v2\/media?parent=697367"}],"wp:term":[{"taxonomy":"product_brand","embeddable":true,"href":"https:\/\/games.tactic.net\/pl\/wp-json\/wp\/v2\/product_brand?post=697367"},{"taxonomy":"product_cat","embeddable":true,"href":"https:\/\/games.tactic.net\/pl\/wp-json\/wp\/v2\/product_cat?post=697367"},{"taxonomy":"product_tag","embeddable":true,"href":"https:\/\/games.tactic.net\/pl\/wp-json\/wp\/v2\/product_tag?post=697367"},{"taxonomy":"brand","embeddable":true,"href":"https:\/\/games.tactic.net\/pl\/wp-json\/wp\/v2\/brand?post=697367"},{"taxonomy":"target-group","embeddable":true,"href":"https:\/\/games.tactic.net\/pl\/wp-json\/wp\/v2\/target-group?post=697367"},{"taxonomy":"discontinued","embeddable":true,"href":"https:\/\/games.tactic.net\/pl\/wp-json\/wp\/v2\/discontinued?post=697367"}],"curies":[{"name":"wp","href":"https:\/\/api.w.org\/{rel}","templated":true}]}}