{"id":697183,"date":"2023-01-16T11:17:51","date_gmt":"2023-01-16T09:17:51","guid":{"rendered":"http:\/\/games.tactic.net\/tuote\/moja-pierwsza-gra-fikaj-i-hycaj\/"},"modified":"2023-10-17T15:33:44","modified_gmt":"2023-10-17T12:33:44","slug":"moja-pierwsza-gra-fikaj-i-hycaj","status":"publish","type":"product","link":"https:\/\/games.tactic.net\/pl\/tuote\/moja-pierwsza-gra-fikaj-i-hycaj\/","title":{"rendered":"Tactic Moja pierwsza gra Fikaj i Hycaj"},"content":{"rendered":"<p>Moja pierwsza skacz\u0105ca gra! \u017babki wysz\u0142y pobawi\u0107 si\u0119 w stawie, ale czas ju\u017c by wr\u00f3ci\u0142y do domu. Mama i tata przywo\u0142uj\u0105 je s\u0142odk\u0105 pie\u015bni\u0105: \u201eKto pierwszy w domu \u2013 wygrywa!\u201d i zaczyna si\u0119 wy\u015bcig! Wygrywa pierwsza \u017cabka, kt\u00f3ra doskoczy do mety &#8211; na drug\u0105 stron\u0119 stawu! Produkt posiada certyfikat FSC i wykonany zosta\u0142 w technologii Zero plastiku. Zawarto\u015b\u0107: plansza, 4 drewniane \u017cabki, 13 li\u015bci lilii wodnych, specjalna kostka, instrukcja. Gra dla 2-4 graczy w wieku 3+.<\/p>\n","protected":false},"excerpt":{"rendered":"<p>Skaczcie po li\u015bciach lilii wodnych! Czas, by ma\u0142e \u017cabki wr\u00f3ci\u0142y do domu, ale najpierw musz\u0105 przedosta\u0107 si\u0119 przez staw. Poruszaj si\u0119 po liliowych li\u015bciach i rzucaj kostk\u0105, by sprawdzi\u0107, czy znajdziesz pod nimi niespodziank\u0119!<\/p>\n","protected":false},"featured_media":0,"template":"","meta":{"content-type":"","_monsterinsights_skip_tracking":false,"_monsterinsights_sitenote_active":false,"_monsterinsights_sitenote_note":"","_monsterinsights_sitenote_category":0},"product_brand":[],"product_cat":[1796],"product_tag":[1000,376,995,991],"brand":[],"target-group":[],"discontinued":[],"class_list":{"0":"post-697183","1":"product","2":"type-product","3":"status-publish","5":"product_cat-gry-planszowe-dla-dzieci","6":"product_tag-edukacyjny","7":"product_tag-obliczenie","8":"product_tag-wieloosobowe","9":"product_tag-zabawa","11":"first","12":"instock","13":"taxable","14":"shipping-taxable","15":"product-type-simple"},"aioseo_notices":[],"_links":{"self":[{"href":"https:\/\/games.tactic.net\/pl\/wp-json\/wp\/v2\/product\/697183","targetHints":{"allow":["GET"]}}],"collection":[{"href":"https:\/\/games.tactic.net\/pl\/wp-json\/wp\/v2\/product"}],"about":[{"href":"https:\/\/games.tactic.net\/pl\/wp-json\/wp\/v2\/types\/product"}],"wp:attachment":[{"href":"https:\/\/games.tactic.net\/pl\/wp-json\/wp\/v2\/media?parent=697183"}],"wp:term":[{"taxonomy":"product_brand","embeddable":true,"href":"https:\/\/games.tactic.net\/pl\/wp-json\/wp\/v2\/product_brand?post=697183"},{"taxonomy":"product_cat","embeddable":true,"href":"https:\/\/games.tactic.net\/pl\/wp-json\/wp\/v2\/product_cat?post=697183"},{"taxonomy":"product_tag","embeddable":true,"href":"https:\/\/games.tactic.net\/pl\/wp-json\/wp\/v2\/product_tag?post=697183"},{"taxonomy":"brand","embeddable":true,"href":"https:\/\/games.tactic.net\/pl\/wp-json\/wp\/v2\/brand?post=697183"},{"taxonomy":"target-group","embeddable":true,"href":"https:\/\/games.tactic.net\/pl\/wp-json\/wp\/v2\/target-group?post=697183"},{"taxonomy":"discontinued","embeddable":true,"href":"https:\/\/games.tactic.net\/pl\/wp-json\/wp\/v2\/discontinued?post=697183"}],"curies":[{"name":"wp","href":"https:\/\/api.w.org\/{rel}","templated":true}]}}