{"id":694943,"date":"2023-01-10T09:22:00","date_gmt":"2023-01-10T07:22:00","guid":{"rendered":"http:\/\/games.tactic.net\/tuote\/pierwsza-gra-moj-wlasny-kameleon\/"},"modified":"2023-10-17T15:35:02","modified_gmt":"2023-10-17T12:35:02","slug":"pierwsza-gra-moj-wlasny-kameleon","status":"publish","type":"product","link":"https:\/\/games.tactic.net\/pl\/tuote\/pierwsza-gra-moj-wlasny-kameleon\/","title":{"rendered":"Tactic Pierwsza gra M\u00f3j w\u0142asny Kameleon"},"content":{"rendered":"<p>Moja pierwsza kolorowa gra! Kameleony drzema\u0142y tak d\u0142ugo, \u017ce ich kolory zupe\u0142nie wyblak\u0142y&#8230; Pom\u00f3\u017ccie kameleonom je odszuka\u0107 i odzyska\u0107. Rzucajcie kostk\u0105, przesuwajcie si\u0119 po planszy i spr\u00f3bujcie znale\u017a\u0107 w\u0142a\u015bciwe kolory dla swojego kameleona! W tej zachwycaj\u0105cej grze dla najm\u0142odszych znajdziesz du\u017ce drewniane pionki i drewnian\u0105 kostk\u0119. Rozmiar planszy po z\u0142o\u017ceniu 56&#215;55 cm. Produkt posiada certyfikat FSC i wykonany zosta\u0142 w technologii Zero plastiku. Zawarto\u015b\u0107: plansza gry, 4 planszetki kameleon\u00f3w, 16 kolorowych pask\u00f3w, 4 pionki, kostka, instrukcja. Gra dla 2-4 graczy w wieku 3+.<\/p>\n","protected":false},"excerpt":{"rendered":"<p>Pom\u00f3\u017ccie kameleonom odnale\u017a\u0107 ich kolory! Te kameleony troch\u0119 zbyt d\u0142ugo drzemi\u0105, bo straci\u0142y wszystkie swoje barwy. Rzucaj kostk\u0105, przesuwaj si\u0119 po planszy i spr\u00f3buj znale\u017a\u0107 w\u0142a\u015bciwe kolory, by tw\u00f3j kameleon zn\u00f3w nabra\u0142 barw!<\/p>\n","protected":false},"featured_media":0,"template":"","meta":{"content-type":"","_monsterinsights_skip_tracking":false,"_monsterinsights_sitenote_active":false,"_monsterinsights_sitenote_note":"","_monsterinsights_sitenote_category":0},"product_brand":[],"product_cat":[1796],"product_tag":[],"brand":[],"target-group":[],"discontinued":[],"class_list":{"0":"post-694943","1":"product","2":"type-product","3":"status-publish","5":"product_cat-gry-planszowe-dla-dzieci","7":"first","8":"instock","9":"taxable","10":"shipping-taxable","11":"product-type-simple"},"aioseo_notices":[],"_links":{"self":[{"href":"https:\/\/games.tactic.net\/pl\/wp-json\/wp\/v2\/product\/694943","targetHints":{"allow":["GET"]}}],"collection":[{"href":"https:\/\/games.tactic.net\/pl\/wp-json\/wp\/v2\/product"}],"about":[{"href":"https:\/\/games.tactic.net\/pl\/wp-json\/wp\/v2\/types\/product"}],"wp:attachment":[{"href":"https:\/\/games.tactic.net\/pl\/wp-json\/wp\/v2\/media?parent=694943"}],"wp:term":[{"taxonomy":"product_brand","embeddable":true,"href":"https:\/\/games.tactic.net\/pl\/wp-json\/wp\/v2\/product_brand?post=694943"},{"taxonomy":"product_cat","embeddable":true,"href":"https:\/\/games.tactic.net\/pl\/wp-json\/wp\/v2\/product_cat?post=694943"},{"taxonomy":"product_tag","embeddable":true,"href":"https:\/\/games.tactic.net\/pl\/wp-json\/wp\/v2\/product_tag?post=694943"},{"taxonomy":"brand","embeddable":true,"href":"https:\/\/games.tactic.net\/pl\/wp-json\/wp\/v2\/brand?post=694943"},{"taxonomy":"target-group","embeddable":true,"href":"https:\/\/games.tactic.net\/pl\/wp-json\/wp\/v2\/target-group?post=694943"},{"taxonomy":"discontinued","embeddable":true,"href":"https:\/\/games.tactic.net\/pl\/wp-json\/wp\/v2\/discontinued?post=694943"}],"curies":[{"name":"wp","href":"https:\/\/api.w.org\/{rel}","templated":true}]}}