{"id":686213,"date":"2022-12-15T09:48:13","date_gmt":"2022-12-15T07:48:13","guid":{"rendered":"http:\/\/games.tactic.net\/tuote\/dinozaury-szukaj-i-znajdz\/"},"modified":"2023-10-23T09:19:56","modified_gmt":"2023-10-23T06:19:56","slug":"dinozaury-szukaj-i-znajdz","status":"publish","type":"product","link":"https:\/\/games.tactic.net\/pl\/tuote\/dinozaury-szukaj-i-znajdz\/","title":{"rendered":"Tactic Szukaj i Znajd\u017a Dinozaury"},"content":{"rendered":"<p>Witajcie w parku najwi\u0119kszych olbrzym\u00f3w jakie \u017cy\u0142y na \u015bwiecie! B\u0119dziecie tropili Dinozaury. Gdy kto\u015b spostrze\u017ce na planszy te, kt\u00f3re wskaza\u0142y karty \u2013 i wska\u017ce jednocze\u015bnie obydwa gady \u2013 otrzyma w nagrod\u0119 figurk\u0119 Dinozaura. Produkt oferuje dynamiczn\u0105 zabaw\u0119 rozwijaj\u0105c\u0105 refleks i zmys\u0142 obserwacji. Dwustronna plansza \u2013 sk\u0142adana z puzzli \u2013 za ka\u017cdym razem mo\u017ce przybiera\u0107 inny kszta\u0142t. Produkt posiada certyfikat FSC. Zawarto\u015b\u0107: 12 dwustronnych cz\u0119\u015bci planszy, 55 kart, 4 plansze-jaskinie, 17 figurek zwierz\u0105t, 5 \u017ceton\u00f3w jaj, broszura o dinozaurach oraz instrukcja. Gra dla 2-4 graczy w wieku 5+.<\/p>\n<p><img decoding=\"async\" src=\"https:\\\\\\\\games.tactic.net\\\\pic\\\\logo\\\\Awarded_concept.png\"><\/p>\n","protected":false},"excerpt":{"rendered":"<p>Czy znajdziesz wszystkie dinozaury ukrywaj\u0105ce si\u0119 w d\u017cungli? Plansza jest pe\u0142na pradawnych gad\u00f3w, ale czy odszukasz je wszystkie przed reszt\u0105 graczy? \u2013 Ci\u0105gle zmieniaj\u0105ca si\u0119 plansza, dzi\u0119ki kt\u00f3rej ka\u017cda rozgrywka jest inna! \u2013 Dwustronna plansza o dw\u00f3ch poziomach trudno\u015bci.<\/p>\n","protected":false},"featured_media":0,"template":"","meta":{"content-type":"","_monsterinsights_skip_tracking":false,"_monsterinsights_sitenote_active":false,"_monsterinsights_sitenote_note":"","_monsterinsights_sitenote_category":0},"product_brand":[],"product_cat":[1796],"product_tag":[1234],"brand":[],"target-group":[],"discontinued":[],"class_list":{"0":"post-686213","1":"product","2":"type-product","3":"status-publish","5":"product_cat-gry-planszowe-dla-dzieci","6":"product_tag-laczenie-pl","8":"first","9":"instock","10":"taxable","11":"shipping-taxable","12":"product-type-simple"},"aioseo_notices":[],"_links":{"self":[{"href":"https:\/\/games.tactic.net\/pl\/wp-json\/wp\/v2\/product\/686213","targetHints":{"allow":["GET"]}}],"collection":[{"href":"https:\/\/games.tactic.net\/pl\/wp-json\/wp\/v2\/product"}],"about":[{"href":"https:\/\/games.tactic.net\/pl\/wp-json\/wp\/v2\/types\/product"}],"wp:attachment":[{"href":"https:\/\/games.tactic.net\/pl\/wp-json\/wp\/v2\/media?parent=686213"}],"wp:term":[{"taxonomy":"product_brand","embeddable":true,"href":"https:\/\/games.tactic.net\/pl\/wp-json\/wp\/v2\/product_brand?post=686213"},{"taxonomy":"product_cat","embeddable":true,"href":"https:\/\/games.tactic.net\/pl\/wp-json\/wp\/v2\/product_cat?post=686213"},{"taxonomy":"product_tag","embeddable":true,"href":"https:\/\/games.tactic.net\/pl\/wp-json\/wp\/v2\/product_tag?post=686213"},{"taxonomy":"brand","embeddable":true,"href":"https:\/\/games.tactic.net\/pl\/wp-json\/wp\/v2\/brand?post=686213"},{"taxonomy":"target-group","embeddable":true,"href":"https:\/\/games.tactic.net\/pl\/wp-json\/wp\/v2\/target-group?post=686213"},{"taxonomy":"discontinued","embeddable":true,"href":"https:\/\/games.tactic.net\/pl\/wp-json\/wp\/v2\/discontinued?post=686213"}],"curies":[{"name":"wp","href":"https:\/\/api.w.org\/{rel}","templated":true}]}}