{"id":68331,"date":"2021-02-17T10:48:34","date_gmt":"2021-02-17T08:48:34","guid":{"rendered":"https:\/\/dev.tactic.net\/tuote\/zhakujesz-moje-haslo\/"},"modified":"2023-10-25T14:44:21","modified_gmt":"2023-10-25T11:44:21","slug":"zhakujesz-moje-haslo","status":"publish","type":"product","link":"https:\/\/games.tactic.net\/pl\/tuote\/zhakujesz-moje-haslo\/","title":{"rendered":"Gamestorm Zhakujesz moje has\u0142o? gra planszowa"},"content":{"rendered":"<p>Zhakujesz moje has\u0142o?<br \/>\nWciel si\u0119 w hakera i spr\u00f3buj przebi\u0107 przez zapor\u0119<br \/>\nogniow\u0105 przeciwnika, aby odkodowa\u0107 jego has\u0142o,<br \/>\nzanim on zhakuje twoje! Pierwszy gracz, kt\u00f3ry<br \/>\nzhakuje has\u0142o przeciwnika lub dotrze do linii mety,<br \/>\nwygrywa.<br \/>\n\u2022 Do wyboru r\u00f3\u017cne poziomy trudno\u015bci.<br \/>\n\u2022 \u015awietna do gry zespo\u0142owej.<br \/>\n\u2022 Po prostu cool!<br \/>\nGra rodzinna dla 2+ graczy w wieku 8+<\/p>\n","protected":false},"excerpt":{"rendered":"<p>Wciel si\u0119 w hakera i spr\u00f3buj przebi\u0107 przez zapor\u0119 ogniow\u0105 przeciwnika, aby odkodowa\u0107 jego has\u0142o, zanim on zhakuje Twoje! Pierwszy gracz, kt\u00f3ry zhakuje has\u0142o przeciwnika lub dotrze do linii mety, wygrywa.<\/p>\n","protected":false},"featured_media":0,"template":"","meta":{"content-type":"","_monsterinsights_skip_tracking":false,"_monsterinsights_sitenote_active":false,"_monsterinsights_sitenote_note":"","_monsterinsights_sitenote_category":0},"product_brand":[],"product_cat":[349],"product_tag":[1247,897],"brand":[{"id":889,"name":"Gamestorm Studio","slug":"gamestormstudio-pl"}],"target-group":[],"discontinued":[],"class_list":{"0":"post-68331","1":"product","2":"type-product","3":"status-publish","5":"product_cat-gry-rodzinne","6":"product_tag-strategia-pl","7":"product_tag-taktyka","8":"brand-gamestormstudio-pl","10":"first","11":"instock","12":"taxable","13":"shipping-taxable","14":"product-type-simple"},"aioseo_notices":[],"_links":{"self":[{"href":"https:\/\/games.tactic.net\/pl\/wp-json\/wp\/v2\/product\/68331","targetHints":{"allow":["GET"]}}],"collection":[{"href":"https:\/\/games.tactic.net\/pl\/wp-json\/wp\/v2\/product"}],"about":[{"href":"https:\/\/games.tactic.net\/pl\/wp-json\/wp\/v2\/types\/product"}],"wp:attachment":[{"href":"https:\/\/games.tactic.net\/pl\/wp-json\/wp\/v2\/media?parent=68331"}],"wp:term":[{"taxonomy":"product_brand","embeddable":true,"href":"https:\/\/games.tactic.net\/pl\/wp-json\/wp\/v2\/product_brand?post=68331"},{"taxonomy":"product_cat","embeddable":true,"href":"https:\/\/games.tactic.net\/pl\/wp-json\/wp\/v2\/product_cat?post=68331"},{"taxonomy":"product_tag","embeddable":true,"href":"https:\/\/games.tactic.net\/pl\/wp-json\/wp\/v2\/product_tag?post=68331"},{"taxonomy":"brand","embeddable":true,"href":"https:\/\/games.tactic.net\/pl\/wp-json\/wp\/v2\/brand?post=68331"},{"taxonomy":"target-group","embeddable":true,"href":"https:\/\/games.tactic.net\/pl\/wp-json\/wp\/v2\/target-group?post=68331"},{"taxonomy":"discontinued","embeddable":true,"href":"https:\/\/games.tactic.net\/pl\/wp-json\/wp\/v2\/discontinued?post=68331"}],"curies":[{"name":"wp","href":"https:\/\/api.w.org\/{rel}","templated":true}]}}