{"id":67986,"date":"2021-02-17T10:42:09","date_gmt":"2021-02-17T08:42:09","guid":{"rendered":"https:\/\/dev.tactic.net\/tuote\/canal-king\/"},"modified":"2025-07-17T14:29:36","modified_gmt":"2025-07-17T11:29:36","slug":"canal-king","status":"archive","type":"product","link":"https:\/\/games.tactic.net\/pl\/tuote\/canal-king\/","title":{"rendered":"Gamestorm Canal King gra planszowa"},"content":{"rendered":"<p>Ta wci\u0105gaj\u0105ca gra strategiczna zabierze was do dalekiej Brugii. B\u0119dziecie budowa\u0107 kana\u0142y \u0142\u0105cz\u0105ce port pocz\u0105tkowy z miejscem docelowym, a tak\u017ce portami po\u015brednimi. Gdy kana\u0142 zostanie uko\u0144czony, wyruszycie w podr\u00f3\u017c statkiem, by dotrze\u0107 do mety, nim dokonaj\u0105 tego inni.<br \/>\n Zawarto\u015b\u0107: plansza, arkusz z naklejkami, 6 \u017ceton\u00f3w postaci, 12 kart trasy, 6 kart postaci, 6 drewnianych statk\u00f3w, 147 fragment\u00f3w kana\u0142\u00f3w, 6 drewnianych p\u0142ytek specjalnych. Gra dla 2-6 os\u00f3b w wieku 8+.<\/p>\n","protected":false},"excerpt":{"rendered":"<p>Ta wci\u0105gaj\u0105ca gra strategiczna zabierze was do dalekiej Brugii. B\u0119dziecie budowa\u0107 kana\u0142y \u0142\u0105cz\u0105ce port pocz\u0105tkowy z miejscem docelowym, a tak\u017ce portami po\u015brednimi. Gdy kana\u0142 zostanie uko\u0144czony, wyruszycie w podr\u00f3\u017c statkiem, by dotrze\u0107 do mety, nim dokonaj\u0105 tego inni.<\/p>\n","protected":false},"featured_media":0,"template":"","meta":{"content-type":"","_monsterinsights_skip_tracking":false,"_monsterinsights_sitenote_active":false,"_monsterinsights_sitenote_note":"","_monsterinsights_sitenote_category":0},"product_brand":[],"product_cat":[1783,2332],"product_tag":[1247],"brand":[{"id":889,"name":"Gamestorm Studio","slug":"gamestormstudio-pl"}],"target-group":[],"discontinued":[],"class_list":{"0":"post-67986","1":"product","2":"type-product","3":"status-archive","5":"product_cat-strategiczne-gry-rodzinne","6":"product_cat-strategiczne-dla-doroslych-outlet-6","7":"product_tag-strategia-pl","8":"brand-gamestormstudio-pl","10":"first","11":"outofstock","12":"sale","13":"taxable","14":"shipping-taxable","15":"product-type-simple"},"aioseo_notices":[],"_links":{"self":[{"href":"https:\/\/games.tactic.net\/pl\/wp-json\/wp\/v2\/product\/67986","targetHints":{"allow":["GET"]}}],"collection":[{"href":"https:\/\/games.tactic.net\/pl\/wp-json\/wp\/v2\/product"}],"about":[{"href":"https:\/\/games.tactic.net\/pl\/wp-json\/wp\/v2\/types\/product"}],"wp:attachment":[{"href":"https:\/\/games.tactic.net\/pl\/wp-json\/wp\/v2\/media?parent=67986"}],"wp:term":[{"taxonomy":"product_brand","embeddable":true,"href":"https:\/\/games.tactic.net\/pl\/wp-json\/wp\/v2\/product_brand?post=67986"},{"taxonomy":"product_cat","embeddable":true,"href":"https:\/\/games.tactic.net\/pl\/wp-json\/wp\/v2\/product_cat?post=67986"},{"taxonomy":"product_tag","embeddable":true,"href":"https:\/\/games.tactic.net\/pl\/wp-json\/wp\/v2\/product_tag?post=67986"},{"taxonomy":"brand","embeddable":true,"href":"https:\/\/games.tactic.net\/pl\/wp-json\/wp\/v2\/brand?post=67986"},{"taxonomy":"target-group","embeddable":true,"href":"https:\/\/games.tactic.net\/pl\/wp-json\/wp\/v2\/target-group?post=67986"},{"taxonomy":"discontinued","embeddable":true,"href":"https:\/\/games.tactic.net\/pl\/wp-json\/wp\/v2\/discontinued?post=67986"}],"curies":[{"name":"wp","href":"https:\/\/api.w.org\/{rel}","templated":true}]}}