{"id":678468,"date":"2022-12-02T16:10:17","date_gmt":"2022-12-02T14:10:17","guid":{"rendered":"http:\/\/games.tactic.net\/tuote\/top-pranks-4-liquid-fun\/"},"modified":"2025-07-17T15:09:07","modified_gmt":"2025-07-17T12:09:07","slug":"top-pranks-4-liquid-fun","status":"archive","type":"product","link":"https:\/\/games.tactic.net\/pl\/tuote\/top-pranks-4-liquid-fun\/","title":{"rendered":"Top Pranks #4 Liquid Fun"},"content":{"rendered":"<p>Zosta\u0144 mistrzem w robieniu dowcip\u00f3w! Zbierz kolekcj\u0119 6 niewinnych pude\u0142eczek skrywaj\u0105cych rekwizyty do zrobienia przyjacio\u0142om kilkunastu niez\u0142ych psikus\u00f3w! Towar wysy\u0142amy ca\u0142ymi displayami. Prezentowany produkt to jedna z szcze\u015bciu niezale\u017cnych jednostek sprzeda\u017cowych, nale\u017c\u0105ca do displaya (nr prod. 56437). *** UWAGA ! *** Szanowni Pa\u0144stwo, Wszystkich Klient\u00f3w, kt\u00f3rzy zakupili powy\u017cszy produkt (numerze katalogowy 56441), prosimy o niezw\u0142oczny kontakt telefoniczny (723 735 774) lub e-mailowy (biuro@tactic.net) z powodu mo\u017cliwego przekroczenia normy EN71-9 w zakresie wska\u017anika PH w jednym z element\u00f3w zestawu. Ka\u017cdy Klient mo\u017ce zwr\u00f3ci\u0107 zakupiony zestaw; towar zostanie odebrany na nasz koszt i zostanie Pa\u0144stwu zwr\u00f3cona kwota zakupu. Szczeg\u00f3\u0142owe informacje: https:\/\/ec.europa.eu\/safety-gate-alerts\/screen\/webReport\/alertDetail\/10006892?lang=en<\/p>\n","protected":false},"excerpt":{"rendered":"<p>Zosta\u0144 mistrzem w robieniu dowcip\u00f3w! Zbierz kolekcj\u0119 6 niewinnych pude\u0142eczek skrywaj\u0105cych rekwizyty do zrobienia przyjacio\u0142om kilkunastu niez\u0142ych psikus\u00f3w! Towar wysy\u0142amy ca\u0142ymi displayami. Prezentowany produkt to jedna z szcze\u015bciu niezale\u017cnych jednostek sprzeda\u017cowych, nale\u017c\u0105ca do displaya (nr prod. 56437). *** UWAGA ! *** Szanowni Pa\u0144stwo, Wszystkich Klient\u00f3w, kt\u00f3rzy zakupili powy\u017cszy produkt (numerze katalogowy 56441), prosimy o niezw\u0142oczny [&hellip;]<\/p>\n","protected":false},"featured_media":0,"template":"","meta":{"content-type":"","_monsterinsights_skip_tracking":false,"_monsterinsights_sitenote_active":false,"_monsterinsights_sitenote_note":"","_monsterinsights_sitenote_category":0},"product_brand":[],"product_cat":[1704],"product_tag":[1230,991],"brand":[],"target-group":[],"discontinued":[],"class_list":{"0":"post-678468","1":"product","2":"type-product","3":"status-archive","5":"product_cat-zestawy-sztuczek-i-zarcikow","6":"product_tag-dzialanie-pl","7":"product_tag-zabawa","9":"first","10":"outofstock","11":"taxable","12":"shipping-taxable","13":"product-type-simple"},"aioseo_notices":[],"_links":{"self":[{"href":"https:\/\/games.tactic.net\/pl\/wp-json\/wp\/v2\/product\/678468","targetHints":{"allow":["GET"]}}],"collection":[{"href":"https:\/\/games.tactic.net\/pl\/wp-json\/wp\/v2\/product"}],"about":[{"href":"https:\/\/games.tactic.net\/pl\/wp-json\/wp\/v2\/types\/product"}],"wp:attachment":[{"href":"https:\/\/games.tactic.net\/pl\/wp-json\/wp\/v2\/media?parent=678468"}],"wp:term":[{"taxonomy":"product_brand","embeddable":true,"href":"https:\/\/games.tactic.net\/pl\/wp-json\/wp\/v2\/product_brand?post=678468"},{"taxonomy":"product_cat","embeddable":true,"href":"https:\/\/games.tactic.net\/pl\/wp-json\/wp\/v2\/product_cat?post=678468"},{"taxonomy":"product_tag","embeddable":true,"href":"https:\/\/games.tactic.net\/pl\/wp-json\/wp\/v2\/product_tag?post=678468"},{"taxonomy":"brand","embeddable":true,"href":"https:\/\/games.tactic.net\/pl\/wp-json\/wp\/v2\/brand?post=678468"},{"taxonomy":"target-group","embeddable":true,"href":"https:\/\/games.tactic.net\/pl\/wp-json\/wp\/v2\/target-group?post=678468"},{"taxonomy":"discontinued","embeddable":true,"href":"https:\/\/games.tactic.net\/pl\/wp-json\/wp\/v2\/discontinued?post=678468"}],"curies":[{"name":"wp","href":"https:\/\/api.w.org\/{rel}","templated":true}]}}