{"id":678439,"date":"2022-12-02T15:54:53","date_gmt":"2022-12-02T13:54:53","guid":{"rendered":"http:\/\/games.tactic.net\/tuote\/najlepsze-zarciki-display-36-szt-mix-6-rodzajow-po-6-szt-w-displayu\/"},"modified":"2023-09-26T20:36:19","modified_gmt":"2023-09-26T17:36:19","slug":"najlepsze-zarciki-display-36-szt-mix-6-rodzajow-po-6-szt-w-displayu","status":"publish","type":"product","link":"https:\/\/games.tactic.net\/pl\/tuote\/najlepsze-zarciki-display-36-szt-mix-6-rodzajow-po-6-szt-w-displayu\/","title":{"rendered":"Najlepsze \u017carciki display 36 szt mix (6 rodzaj\u00f3w po 6 szt w displayu)"},"content":{"rendered":"<p>Zosta\u0144 mistrzem w robieniu dowcip\u00f3w! Zbierz kolekcj\u0119 6 niewinnych pude\u0142eczek skrywaj\u0105cych rekwizyty do zrobienia przyjacio\u0142om kilkunastu niez\u0142ych psikus\u00f3w! Towar wysy\u0142amy ca\u0142ymi displayami. *** UWAGA ! *** Szanowni Pa\u0144stwo, Wszystkich Klient\u00f3w, kt\u00f3rzy zakupili produkt o numerze katalogowym 56441 z powy\u017cszego zestawu, prosimy o niezw\u0142oczny kontakt telefoniczny (723 735 774) lub e-mailowy (biuro@tactic.net) z powodu mo\u017cliwego przekroczenia normy EN71-9 w zakresie wska\u017anika PH w jednym z element\u00f3w zestawu. Ka\u017cdy Klient mo\u017ce zwr\u00f3ci\u0107 zakupiony zestaw; towar zostanie odebrany na nasz koszt i zostanie Pa\u0144stwu zwr\u00f3cona kwota zakupu. Szczeg\u00f3\u0142owe informacje: https:\/\/ec.europa.eu\/safety-gate-alerts\/screen\/webReport\/alertDetail\/10006892?lang=en<\/p>\n","protected":false},"excerpt":{"rendered":"<p>Zosta\u0144 mistrzem w robieniu dowcip\u00f3w! Zbierz kolekcj\u0119 6 niewinnych pude\u0142eczek skrywaj\u0105cych rekwizyty do zrobienia przyjacio\u0142om kilkunastu niez\u0142ych psikus\u00f3w! Towar wysy\u0142amy ca\u0142ymi displayami.<\/p>\n","protected":false},"featured_media":0,"template":"","meta":{"content-type":"","_monsterinsights_skip_tracking":false,"_monsterinsights_sitenote_active":false,"_monsterinsights_sitenote_note":"","_monsterinsights_sitenote_category":0},"product_brand":[],"product_cat":[1704],"product_tag":[],"brand":[],"target-group":[],"discontinued":[],"class_list":{"0":"post-678439","1":"product","2":"type-product","3":"status-publish","5":"product_cat-zestawy-sztuczek-i-zarcikow","7":"first","8":"instock","9":"taxable","10":"shipping-taxable","11":"product-type-simple"},"aioseo_notices":[],"_links":{"self":[{"href":"https:\/\/games.tactic.net\/pl\/wp-json\/wp\/v2\/product\/678439","targetHints":{"allow":["GET"]}}],"collection":[{"href":"https:\/\/games.tactic.net\/pl\/wp-json\/wp\/v2\/product"}],"about":[{"href":"https:\/\/games.tactic.net\/pl\/wp-json\/wp\/v2\/types\/product"}],"wp:attachment":[{"href":"https:\/\/games.tactic.net\/pl\/wp-json\/wp\/v2\/media?parent=678439"}],"wp:term":[{"taxonomy":"product_brand","embeddable":true,"href":"https:\/\/games.tactic.net\/pl\/wp-json\/wp\/v2\/product_brand?post=678439"},{"taxonomy":"product_cat","embeddable":true,"href":"https:\/\/games.tactic.net\/pl\/wp-json\/wp\/v2\/product_cat?post=678439"},{"taxonomy":"product_tag","embeddable":true,"href":"https:\/\/games.tactic.net\/pl\/wp-json\/wp\/v2\/product_tag?post=678439"},{"taxonomy":"brand","embeddable":true,"href":"https:\/\/games.tactic.net\/pl\/wp-json\/wp\/v2\/brand?post=678439"},{"taxonomy":"target-group","embeddable":true,"href":"https:\/\/games.tactic.net\/pl\/wp-json\/wp\/v2\/target-group?post=678439"},{"taxonomy":"discontinued","embeddable":true,"href":"https:\/\/games.tactic.net\/pl\/wp-json\/wp\/v2\/discontinued?post=678439"}],"curies":[{"name":"wp","href":"https:\/\/api.w.org\/{rel}","templated":true}]}}