{"id":668618,"date":"2022-11-10T13:14:16","date_gmt":"2022-11-10T11:14:16","guid":{"rendered":"http:\/\/games.tactic.net\/tuote\/vikings-tales-edge-of-the-world\/"},"modified":"2023-10-25T16:50:21","modified_gmt":"2023-10-25T13:50:21","slug":"vikings-tales-edge-of-the-world","status":"publish","type":"product","link":"https:\/\/games.tactic.net\/pl\/tuote\/vikings-tales-edge-of-the-world\/","title":{"rendered":"Gamestorm Viking\u00b4s Tales Edge of the World gra planszowa"},"content":{"rendered":"<p>Ahoj, przygodo! Jeste\u015b urodzonym wikingiem. Nawet jako dziecko wiedzia\u0142e\u015b, \u017ce uprawa, polowanie czy budowa nie s\u0105 dla ciebie. Twoje przeznaczenie czeka za rozszala\u0142ym morzem, w odleg\u0142ych krainach, gdzie w przybrze\u017cnych miastach zapiszesz swoje imi\u0119 na kartach historii. To, czy mieszka\u0144cy b\u0119d\u0105 wypowiada\u0107 je z szacunkiem czy trwo\u017cnym szeptem, zale\u017cy tylko od ciebie.<br \/>\nJednak nawet najlepsi \u017ceglarze nie maj\u0105 wp\u0142ywu na wiatry wype\u0142niaj\u0105ce ich \u017cagle ani na to, kogo lub co przyjdzie im spotka\u0107 po\u015br\u00f3d fal. Pewne jest tylko jedno \u2013 przygoda ci\u0119 wzywa! Zbierz wi\u0119c za\u0142og\u0119, postaw \u017cagle i ruszaj w \u015bwiat pe\u0142en bitew, bogactw i pie\u015bni!<br \/>\nZawarto\u015b\u0107: plansza, 4 pionki Statk\u00f3w, 4 plansze Statk\u00f3w, 52 karty Port\u00f3w, 58 kart Akcji, 26 \u017ceton\u00f3w Obrony, 52 \u017cetony Handlu, kartonowe monety (8 \u00d7 5, 32 \u00d7 10, 12 \u00d7 20), 8 \u017ceton\u00f3w Spl\u0105drowanego Portu\/&#8221;+1&#8243;, 4 ko\u015bci, 1 \u017ceton Specjalny, instrukcja.<br \/>\nGra dla 2-4 graczy w wieku 10+.<\/p>\n","protected":false},"excerpt":{"rendered":"<p>Ca\u0142a naprz\u00f3d ku przygodzie! Gotowi, by wyp\u0142yn\u0105\u0107 na kraniec \u015bwiata? Zbierz najlepsz\u0105 za\u0142og\u0119, handluj i staczaj bitwy w drodze w nieznane. Zwyci\u0119zc\u0105 zostanie jarl, kt\u00f3ry zdob\u0119dzie najwi\u0119ksz\u0105 fortun\u0119, ale uwa\u017cajcie\u2026 Po drodze czyha mn\u00f3stwo niebezpiecze\u0144stw&#8230;<\/p>\n","protected":false},"featured_media":0,"template":"","meta":{"content-type":"","_monsterinsights_skip_tracking":false,"_monsterinsights_sitenote_active":false,"_monsterinsights_sitenote_note":"","_monsterinsights_sitenote_category":0},"product_brand":[],"product_cat":[1783,1782],"product_tag":[1247],"brand":[{"id":889,"name":"Gamestorm Studio","slug":"gamestormstudio-pl"}],"target-group":[],"discontinued":[],"class_list":{"0":"post-668618","1":"product","2":"type-product","3":"status-publish","5":"product_cat-strategiczne-gry-rodzinne","6":"product_cat-strategiczne-dla-doroslych-gry-dla-doroslych","7":"product_tag-strategia-pl","8":"brand-gamestormstudio-pl","10":"first","11":"instock","12":"taxable","13":"shipping-taxable","14":"product-type-simple"},"aioseo_notices":[],"_links":{"self":[{"href":"https:\/\/games.tactic.net\/pl\/wp-json\/wp\/v2\/product\/668618","targetHints":{"allow":["GET"]}}],"collection":[{"href":"https:\/\/games.tactic.net\/pl\/wp-json\/wp\/v2\/product"}],"about":[{"href":"https:\/\/games.tactic.net\/pl\/wp-json\/wp\/v2\/types\/product"}],"wp:attachment":[{"href":"https:\/\/games.tactic.net\/pl\/wp-json\/wp\/v2\/media?parent=668618"}],"wp:term":[{"taxonomy":"product_brand","embeddable":true,"href":"https:\/\/games.tactic.net\/pl\/wp-json\/wp\/v2\/product_brand?post=668618"},{"taxonomy":"product_cat","embeddable":true,"href":"https:\/\/games.tactic.net\/pl\/wp-json\/wp\/v2\/product_cat?post=668618"},{"taxonomy":"product_tag","embeddable":true,"href":"https:\/\/games.tactic.net\/pl\/wp-json\/wp\/v2\/product_tag?post=668618"},{"taxonomy":"brand","embeddable":true,"href":"https:\/\/games.tactic.net\/pl\/wp-json\/wp\/v2\/brand?post=668618"},{"taxonomy":"target-group","embeddable":true,"href":"https:\/\/games.tactic.net\/pl\/wp-json\/wp\/v2\/target-group?post=668618"},{"taxonomy":"discontinued","embeddable":true,"href":"https:\/\/games.tactic.net\/pl\/wp-json\/wp\/v2\/discontinued?post=668618"}],"curies":[{"name":"wp","href":"https:\/\/api.w.org\/{rel}","templated":true}]}}