{"id":657909,"date":"2022-10-24T12:43:33","date_gmt":"2022-10-24T09:43:33","guid":{"rendered":"http:\/\/games.tactic.net\/tuote\/larsen-dinosaurs-that-fly-run-and-dive-maxi\/"},"modified":"2023-10-19T15:27:39","modified_gmt":"2023-10-19T12:27:39","slug":"larsen-dinosaurs-that-fly-run-and-dive-maxi","status":"publish","type":"product","link":"https:\/\/games.tactic.net\/pl\/tuote\/larsen-dinosaurs-that-fly-run-and-dive-maxi\/","title":{"rendered":"Larsen Maxi Dinosaurs that fly, run and dive 70 el. uk\u0142adanka"},"content":{"rendered":"<p>Uk\u0142adanka Maxi (36.5&#215;28.5 cm) z grubej tektury ze specjalnymi kszta\u0142tami, dzi\u0119ki kt\u00f3rym uczymy si\u0119 nie tylko cierpliwo\u015bci ale te\u017c j\u0119zyk\u00f3w, matematyki, geografii oraz wiedzy og\u00f3lnej. <\/p>\n<p>By\u0142o wiele p\u0142ytkich m\u00f3rz i ciep\u0142y klimat, gdy dinozaury rz\u0105dzi\u0142y ziemi\u0105. Tutaj r\u00f3\u017cowy pteranodon leci wysoko nad morderczym giganotozaurem. Giganotozaur by\u0142 nawet wi\u0119kszy od tyranozaura rexa, kt\u00f3ry na zdj\u0119ciu ma obie nogi w wodzie. Baryonyx z\u0142owi\u0142 ryb\u0119, kt\u00f3r\u0105 trzyma w swoim d\u0142ugim pysku, w kszta\u0142cie pyska krokodyla, idealnym do \u0142apania ryb. Dakozaur, kt\u00f3ry p\u0142ywa w lewym dolnym rogu, by\u0142 dalekim krewnym dzisiejszych krokodyli. Niebiesko-\u017c\u00f3\u0142ta ryba na dole zdj\u0119cia to dunkleosteus, by\u0107 mo\u017ce maj\u0105cy ponad 8 metr\u00f3w d\u0142ugo\u015bci. Wiele z 70 element\u00f3w ma kszta\u0142t dinozaur\u00f3w, dlatego uk\u0142adanka nadaje si\u0119 dla nieco starszych dzieci.<\/p>\n<p>Firma Larsen od 75 lat tworzy wysokiej jako\u015bci uk\u0142adanki z grubej (4mm) tektury. Nasz\u0105 ide\u0105 zawsze by\u0142o tworzenie wysokiej jako\u015bci produkt\u00f3w dla dzieci, kt\u00f3re s\u0105 zar\u00f3wno zabawne, jak i edukacyjne. Znajdujemy si\u0119 w Flekkefjord, idyllicznym miasteczku w po\u0142udniowej Norwegii, w po\u0142owie drogi mi\u0119dzy Kristiansand i Stavanger. Cieszymy si\u0119 \u017ce, dzi\u0119ki wsp\u00f3\u0142pracy z fi\u0144ska firm\u0105 Tactic Oy, mo\u017cemy oferowa\u0107 Pa\u0144stwu najwy\u017csz\u0105 jako\u015b\u0107 r\u00f3wnie\u017c w Polsce. <\/p>\n<p>Uk\u0142adanki Larsen odznaczaj\u0105 si\u0119<br \/>\n-nietypowymi i jedynymi w swoim rodzaju wykrojnikami, kt\u00f3re sprawiaj\u0105 wielk\u0105 przyjemno\u015b\u0107 z uk\u0142adania.<br \/>\n-produkcj\u0105 w Norwegii i wysok\u0105 jako\u015bci\u0105.<br \/>\n-starann\u0105 selekcj\u0105 obrazk\u00f3w dla ka\u017cdego wieku<br \/>\n-edukacyjnym charakterem uk\u0142adanek<br \/>\n-zlokalizowanymi wzorami na wiele rynk\u00f3w.<\/p>\n","protected":false},"excerpt":{"rendered":"<p>Uk\u0142adanka Maxi (36.5&#215;28.5 cm) z grubej tektury ze specjalnymi kszta\u0142tami, dzi\u0119ki kt\u00f3rym uczymy si\u0119 nie tylko cierpliwo\u015bci ale te\u017c j\u0119zyk\u00f3w, matematyki, geografii oraz wiedzy og\u00f3lnej. By\u0142o wiele p\u0142ytkich m\u00f3rz i ciep\u0142y klimat, gdy dinozaury rz\u0105dzi\u0142y ziemi\u0105. Tutaj r\u00f3\u017cowy pteranodon leci wysoko nad morderczym giganotozaurem. Giganotozaur by\u0142 nawet wi\u0119kszy od tyranozaura rexa, kt\u00f3ry na zdj\u0119ciu ma [&hellip;]<\/p>\n","protected":false},"featured_media":0,"template":"","meta":{"content-type":"","_monsterinsights_skip_tracking":false,"_monsterinsights_sitenote_active":false,"_monsterinsights_sitenote_note":"","_monsterinsights_sitenote_category":0},"product_brand":[],"product_cat":[1793],"product_tag":[1234,995,991],"brand":[],"target-group":[],"discontinued":[],"class_list":{"0":"post-657909","1":"product","2":"type-product","3":"status-publish","5":"product_cat-puzzle-dla-dzieci-puzzle","6":"product_tag-laczenie-pl","7":"product_tag-wieloosobowe","8":"product_tag-zabawa","10":"first","11":"instock","12":"taxable","13":"shipping-taxable","14":"product-type-simple"},"aioseo_notices":[],"_links":{"self":[{"href":"https:\/\/games.tactic.net\/pl\/wp-json\/wp\/v2\/product\/657909","targetHints":{"allow":["GET"]}}],"collection":[{"href":"https:\/\/games.tactic.net\/pl\/wp-json\/wp\/v2\/product"}],"about":[{"href":"https:\/\/games.tactic.net\/pl\/wp-json\/wp\/v2\/types\/product"}],"wp:attachment":[{"href":"https:\/\/games.tactic.net\/pl\/wp-json\/wp\/v2\/media?parent=657909"}],"wp:term":[{"taxonomy":"product_brand","embeddable":true,"href":"https:\/\/games.tactic.net\/pl\/wp-json\/wp\/v2\/product_brand?post=657909"},{"taxonomy":"product_cat","embeddable":true,"href":"https:\/\/games.tactic.net\/pl\/wp-json\/wp\/v2\/product_cat?post=657909"},{"taxonomy":"product_tag","embeddable":true,"href":"https:\/\/games.tactic.net\/pl\/wp-json\/wp\/v2\/product_tag?post=657909"},{"taxonomy":"brand","embeddable":true,"href":"https:\/\/games.tactic.net\/pl\/wp-json\/wp\/v2\/brand?post=657909"},{"taxonomy":"target-group","embeddable":true,"href":"https:\/\/games.tactic.net\/pl\/wp-json\/wp\/v2\/target-group?post=657909"},{"taxonomy":"discontinued","embeddable":true,"href":"https:\/\/games.tactic.net\/pl\/wp-json\/wp\/v2\/discontinued?post=657909"}],"curies":[{"name":"wp","href":"https:\/\/api.w.org\/{rel}","templated":true}]}}