{"id":657866,"date":"2022-10-24T12:43:00","date_gmt":"2022-10-24T09:43:00","guid":{"rendered":"http:\/\/games.tactic.net\/tuote\/larsen-cheerful-dinosaurs-maxi\/"},"modified":"2023-10-19T15:20:41","modified_gmt":"2023-10-19T12:20:41","slug":"larsen-cheerful-dinosaurs-maxi","status":"publish","type":"product","link":"https:\/\/games.tactic.net\/pl\/tuote\/larsen-cheerful-dinosaurs-maxi\/","title":{"rendered":"Larsen Maxi Cheerful Dinosaurs 43 el. uk\u0142adanka"},"content":{"rendered":"<p>Uk\u0142adanka Maxi (36.5&#215;28.5 cm) z grubej tektury ze specjalnymi kszta\u0142tami, dzi\u0119ki kt\u00f3rym uczymy si\u0119 nie tylko cierpliwo\u015bci ale te\u017c j\u0119zyk\u00f3w, matematyki, geografii oraz wiedzy og\u00f3lnej. <\/p>\n<p>Tutaj widzisz kolorow\u0105 i weso\u0142\u0105 kolekcj\u0119 dinozaur\u00f3w, kt\u00f3re \u017cy\u0142y na ziemi wiele milion\u00f3w lat temu. Niekt\u00f3re by\u0142y ogromne, a niekt\u00f3re ma\u0142e. Niekt\u00f3re by\u0142y drapie\u017cnikami, ale najwi\u0119ksze dinozaury jad\u0142y tylko ro\u015bliny. Dinozaury z d\u0142ug\u0105 szyj\u0105, kt\u00f3re wystaj\u0105 na g\u00f3rze obrazka s\u0105 ro\u015blino\u017cercami i jednymi z najwi\u0119kszych zwierz\u0105t, kt\u00f3re \u017cy\u0142y na l\u0105dzie. Przera\u017caj\u0105cy Tyrannosaurus Rex, kt\u00f3rego widzisz na \u015brodku obrazka, mia\u0142 du\u017c\u0105 g\u0142ow\u0119 i ogromn\u0105 paszcz\u0119 z wieloma ostrymi z\u0119bami. Triceratops mia\u0142 trzy rogi i dzi\u00f3b, kt\u00f3ry przypomina\u0142 dzi\u00f3b papugi. Niekt\u00f3re puzzle s\u0105 wyci\u0119te wzd\u0142u\u017c kontur\u00f3w obrazka, a niekt\u00f3re kawa\u0142ki maj\u0105 kszta\u0142t dinozaur\u00f3w.<\/p>\n<p>Firma Larsen od 75 lat tworzy wysokiej jako\u015bci uk\u0142adanki z grubej (4mm) tektury. Nasz\u0105 ide\u0105 zawsze by\u0142o tworzenie wysokiej jako\u015bci produkt\u00f3w dla dzieci, kt\u00f3re s\u0105 zar\u00f3wno zabawne, jak i edukacyjne. Znajdujemy si\u0119 w Flekkefjord, idyllicznym miasteczku w po\u0142udniowej Norwegii, w po\u0142owie drogi mi\u0119dzy Kristiansand i Stavanger. Cieszymy si\u0119 \u017ce, dzi\u0119ki wsp\u00f3\u0142pracy z fi\u0144ska firm\u0105 Tactic Oy, mo\u017cemy oferowa\u0107 Pa\u0144stwu najwy\u017csz\u0105 jako\u015b\u0107 r\u00f3wnie\u017c w Polsce. <\/p>\n<p>Uk\u0142adanki Larsen odznaczaj\u0105 si\u0119<br \/>\n-nietypowymi i jedynymi w swoim rodzaju wykrojnikami, kt\u00f3re sprawiaj\u0105 wielk\u0105 przyjemno\u015b\u0107 z uk\u0142adania.<br \/>\n-produkcj\u0105 w Norwegii i wysok\u0105 jako\u015bci\u0105.<br \/>\n-starann\u0105 selekcj\u0105 obrazk\u00f3w dla ka\u017cdego wieku<br \/>\n-edukacyjnym charakterem uk\u0142adanek<br \/>\n-zlokalizowanymi wzorami na wiele rynk\u00f3w. <\/p>\n","protected":false},"excerpt":{"rendered":"<p>Uk\u0142adanka Maxi (36.5&#215;28.5 cm) z grubej tektury ze specjalnymi kszta\u0142tami, dzi\u0119ki kt\u00f3rym uczymy si\u0119 nie tylko cierpliwo\u015bci ale te\u017c j\u0119zyk\u00f3w, matematyki, geografii oraz wiedzy og\u00f3lnej. Tutaj widzisz kolorow\u0105 i weso\u0142\u0105 kolekcj\u0119 dinozaur\u00f3w, kt\u00f3re \u017cy\u0142y na ziemi wiele milion\u00f3w lat temu. Niekt\u00f3re by\u0142y ogromne, a niekt\u00f3re ma\u0142e. Niekt\u00f3re by\u0142y drapie\u017cnikami, ale najwi\u0119ksze dinozaury jad\u0142y tylko ro\u015bliny. [&hellip;]<\/p>\n","protected":false},"featured_media":0,"template":"","meta":{"content-type":"","_monsterinsights_skip_tracking":false,"_monsterinsights_sitenote_active":false,"_monsterinsights_sitenote_note":"","_monsterinsights_sitenote_category":0},"product_brand":[],"product_cat":[1793],"product_tag":[1234,995,991],"brand":[],"target-group":[],"discontinued":[],"class_list":{"0":"post-657866","1":"product","2":"type-product","3":"status-publish","5":"product_cat-puzzle-dla-dzieci-puzzle","6":"product_tag-laczenie-pl","7":"product_tag-wieloosobowe","8":"product_tag-zabawa","10":"first","11":"instock","12":"taxable","13":"shipping-taxable","14":"product-type-simple"},"aioseo_notices":[],"_links":{"self":[{"href":"https:\/\/games.tactic.net\/pl\/wp-json\/wp\/v2\/product\/657866","targetHints":{"allow":["GET"]}}],"collection":[{"href":"https:\/\/games.tactic.net\/pl\/wp-json\/wp\/v2\/product"}],"about":[{"href":"https:\/\/games.tactic.net\/pl\/wp-json\/wp\/v2\/types\/product"}],"wp:attachment":[{"href":"https:\/\/games.tactic.net\/pl\/wp-json\/wp\/v2\/media?parent=657866"}],"wp:term":[{"taxonomy":"product_brand","embeddable":true,"href":"https:\/\/games.tactic.net\/pl\/wp-json\/wp\/v2\/product_brand?post=657866"},{"taxonomy":"product_cat","embeddable":true,"href":"https:\/\/games.tactic.net\/pl\/wp-json\/wp\/v2\/product_cat?post=657866"},{"taxonomy":"product_tag","embeddable":true,"href":"https:\/\/games.tactic.net\/pl\/wp-json\/wp\/v2\/product_tag?post=657866"},{"taxonomy":"brand","embeddable":true,"href":"https:\/\/games.tactic.net\/pl\/wp-json\/wp\/v2\/brand?post=657866"},{"taxonomy":"target-group","embeddable":true,"href":"https:\/\/games.tactic.net\/pl\/wp-json\/wp\/v2\/target-group?post=657866"},{"taxonomy":"discontinued","embeddable":true,"href":"https:\/\/games.tactic.net\/pl\/wp-json\/wp\/v2\/discontinued?post=657866"}],"curies":[{"name":"wp","href":"https:\/\/api.w.org\/{rel}","templated":true}]}}