{"id":657751,"date":"2022-10-24T12:41:08","date_gmt":"2022-10-24T09:41:08","guid":{"rendered":"http:\/\/games.tactic.net\/tuote\/larsen-bustling-life-on-the-forest-floor\/"},"modified":"2023-10-19T15:19:38","modified_gmt":"2023-10-19T12:19:38","slug":"larsen-bustling-life-on-the-forest-floor","status":"publish","type":"product","link":"https:\/\/games.tactic.net\/pl\/tuote\/larsen-bustling-life-on-the-forest-floor\/","title":{"rendered":"Larsen Maxi Bustling Life on the forest 40 el. floor uk\u0142adanka"},"content":{"rendered":"<p>Uk\u0142adanka Maxi (36.5&#215;28.5 cm) z grubej tektury ze specjalnymi kszta\u0142tami, dzi\u0119ki kt\u00f3rym uczymy si\u0119 nie tylko cierpliwo\u015bci ale te\u017c j\u0119zyk\u00f3w, matematyki, geografii oraz wiedzy og\u00f3lnej. <\/p>\n<p>Wiosn\u0105 i latem w lesie t\u0119tni \u017cycie. Pszczo\u0142y i motyle skacz\u0105 z kwiatka na kwiatek w poszukiwaniu po\u017cywienia, a tak\u017ce wykonuj\u0105 wa\u017cn\u0105 prac\u0119 zapylaj\u0105c kwiaty. Mr\u00f3wki s\u0105 zaj\u0119te budow\u0105 swoich mrowisk, a kr\u00f3lowa wewn\u0105trz mrowiska sk\u0142ada swoje jaja. Wiele ptak\u00f3w, owad\u00f3w i zwierz\u0105t zjada mr\u00f3wki, a europejski dzi\u0119cio\u0142 zielony ma j\u0119zyk, kt\u00f3ry si\u0119ga g\u0142\u0119boko w mrowisko. Ta uk\u0142adanka ma 40 element\u00f3w, odpowiednich dla r\u00f3\u017cnych poziom\u00f3w wiekowych. Starsze dzieci b\u0119d\u0105 uk\u0142ada\u0107 puzzle nieco szybciej. Niekt\u00f3re kawa\u0142ki pod\u0105\u017caj\u0105 za konturami obrazka, a inne maj\u0105 kszta\u0142t pszczo\u0142y, \u015blimaka, ptak\u00f3w i motyli. Ile ptak\u00f3w i motyli mo\u017cesz zobaczy\u0107? Czy mo\u017cesz znale\u017a\u0107 os\u0119 odlatuj\u0105c\u0105 z mr\u00f3wk\u0105?<\/p>\n<p>Firma Larsen od 75 lat tworzy wysokiej jako\u015bci uk\u0142adanki z grubej (4mm) tektury. Nasz\u0105 ide\u0105 zawsze by\u0142o tworzenie wysokiej jako\u015bci produkt\u00f3w dla dzieci, kt\u00f3re s\u0105 zar\u00f3wno zabawne, jak i edukacyjne. Znajdujemy si\u0119 w Flekkefjord, idyllicznym miasteczku w po\u0142udniowej Norwegii, w po\u0142owie drogi mi\u0119dzy Kristiansand i Stavanger. Cieszymy si\u0119 \u017ce, dzi\u0119ki wsp\u00f3\u0142pracy z fi\u0144ska firm\u0105 Tactic Oy, mo\u017cemy oferowa\u0107 Pa\u0144stwu najwy\u017csz\u0105 jako\u015b\u0107 r\u00f3wnie\u017c w Polsce. <\/p>\n<p>Uk\u0142adanki Larsen odznaczaj\u0105 si\u0119<br \/>\n-nietypowymi i jedynymi w swoim rodzaju wykrojnikami, kt\u00f3re sprawiaj\u0105 wielk\u0105 przyjemno\u015b\u0107 z uk\u0142adania.<br \/>\n-produkcj\u0105 w Norwegii i wysok\u0105 jako\u015bci\u0105.<br \/>\n-starann\u0105 selekcj\u0105 obrazk\u00f3w dla ka\u017cdego wieku<br \/>\n-edukacyjnym charakterem uk\u0142adanek<br \/>\n-zlokalizowanymi wzorami na wiele rynk\u00f3w.<\/p>\n","protected":false},"excerpt":{"rendered":"<p>Uk\u0142adanka Maxi (36.5&#215;28.5 cm) z grubej tektury ze specjalnymi kszta\u0142tami, dzi\u0119ki kt\u00f3rym uczymy si\u0119 nie tylko cierpliwo\u015bci ale te\u017c j\u0119zyk\u00f3w, matematyki, geografii oraz wiedzy og\u00f3lnej. Wiosn\u0105 i latem w lesie t\u0119tni \u017cycie. Pszczo\u0142y i motyle skacz\u0105 z kwiatka na kwiatek w poszukiwaniu po\u017cywienia, a tak\u017ce wykonuj\u0105 wa\u017cn\u0105 prac\u0119 zapylaj\u0105c kwiaty. Mr\u00f3wki s\u0105 zaj\u0119te budow\u0105 swoich [&hellip;]<\/p>\n","protected":false},"featured_media":0,"template":"","meta":{"content-type":"","_monsterinsights_skip_tracking":false,"_monsterinsights_sitenote_active":false,"_monsterinsights_sitenote_note":"","_monsterinsights_sitenote_category":0},"product_brand":[],"product_cat":[1793],"product_tag":[1234,995,991],"brand":[],"target-group":[],"discontinued":[],"class_list":{"0":"post-657751","1":"product","2":"type-product","3":"status-publish","5":"product_cat-puzzle-dla-dzieci-puzzle","6":"product_tag-laczenie-pl","7":"product_tag-wieloosobowe","8":"product_tag-zabawa","10":"first","11":"instock","12":"taxable","13":"shipping-taxable","14":"product-type-simple"},"aioseo_notices":[],"_links":{"self":[{"href":"https:\/\/games.tactic.net\/pl\/wp-json\/wp\/v2\/product\/657751","targetHints":{"allow":["GET"]}}],"collection":[{"href":"https:\/\/games.tactic.net\/pl\/wp-json\/wp\/v2\/product"}],"about":[{"href":"https:\/\/games.tactic.net\/pl\/wp-json\/wp\/v2\/types\/product"}],"wp:attachment":[{"href":"https:\/\/games.tactic.net\/pl\/wp-json\/wp\/v2\/media?parent=657751"}],"wp:term":[{"taxonomy":"product_brand","embeddable":true,"href":"https:\/\/games.tactic.net\/pl\/wp-json\/wp\/v2\/product_brand?post=657751"},{"taxonomy":"product_cat","embeddable":true,"href":"https:\/\/games.tactic.net\/pl\/wp-json\/wp\/v2\/product_cat?post=657751"},{"taxonomy":"product_tag","embeddable":true,"href":"https:\/\/games.tactic.net\/pl\/wp-json\/wp\/v2\/product_tag?post=657751"},{"taxonomy":"brand","embeddable":true,"href":"https:\/\/games.tactic.net\/pl\/wp-json\/wp\/v2\/brand?post=657751"},{"taxonomy":"target-group","embeddable":true,"href":"https:\/\/games.tactic.net\/pl\/wp-json\/wp\/v2\/target-group?post=657751"},{"taxonomy":"discontinued","embeddable":true,"href":"https:\/\/games.tactic.net\/pl\/wp-json\/wp\/v2\/discontinued?post=657751"}],"curies":[{"name":"wp","href":"https:\/\/api.w.org\/{rel}","templated":true}]}}