{"id":657736,"date":"2022-10-24T12:40:22","date_gmt":"2022-10-24T09:40:22","guid":{"rendered":"http:\/\/games.tactic.net\/tuote\/larsen-happy-forest-maxi\/"},"modified":"2023-10-19T15:37:37","modified_gmt":"2023-10-19T12:37:37","slug":"larsen-happy-forest-maxi","status":"publish","type":"product","link":"https:\/\/games.tactic.net\/pl\/tuote\/larsen-happy-forest-maxi\/","title":{"rendered":"Larsen Maxi Happy Forest 42 el. uk\u0142adanka"},"content":{"rendered":"<p>Uk\u0142adanka Maxi (36.5&#215;28.5 cm) z grubej tektury ze specjalnymi kszta\u0142tami, dzi\u0119ki kt\u00f3rym uczymy si\u0119 nie tylko cierpliwo\u015bci ale te\u017c j\u0119zyk\u00f3w, matematyki, geografii oraz wiedzy og\u00f3lnej. <\/p>\n<p>W ten pi\u0119kny letni dzie\u0144 w lesie wszystkie zwierz\u0119ta s\u0105 szcz\u0119\u015bliwe. Las jest pe\u0142en jedzenia i ka\u017cde z nich dobrze si\u0119 bawi\u0142o. Nied\u017awied\u017a zjad\u0142 pi\u0119kny posi\u0142ek z miodu, a wiewi\u00f3rki znalaz\u0142y wiele orzech\u00f3w. Ma\u0142e ptaki znalaz\u0142y jagody, nasiona i owady do jedzenia, a zaj\u0105ce znalaz\u0142y wiele ro\u015blin, kt\u00f3re uwa\u017caj\u0105 za bardzo smaczne. \u0141osie r\u00f3wnie\u017c przepadaj\u0105 za ro\u015blinami le\u015bnymi, a tak\u017ce lubi\u0105 li\u015bcie z drzew. Pan Lis w\u0142a\u015bnie zjad\u0142 dwie ma\u0142e myszki. Czy uda ci si\u0119 znale\u017a\u0107 bobra? Ta uk\u0142adanka ma 42 elementy, kt\u00f3re s\u0105 wyci\u0119te w specjalnych konturach. Jest odpowiednia dla m\u0142odszych dzieci, kt\u00f3re maj\u0105 do\u015bwiadczenie z uk\u0142adankami.<\/p>\n<p>Firma Larsen od 75 lat tworzy wysokiej jako\u015bci uk\u0142adanki z grubej (4mm) tektury. Nasz\u0105 ide\u0105 zawsze by\u0142o tworzenie wysokiej jako\u015bci produkt\u00f3w dla dzieci, kt\u00f3re s\u0105 zar\u00f3wno zabawne, jak i edukacyjne. Znajdujemy si\u0119 w Flekkefjord, idyllicznym miasteczku w po\u0142udniowej Norwegii, w po\u0142owie drogi mi\u0119dzy Kristiansand i Stavanger. Cieszymy si\u0119 \u017ce, dzi\u0119ki wsp\u00f3\u0142pracy z fi\u0144ska firm\u0105 Tactic Oy, mo\u017cemy oferowa\u0107 Pa\u0144stwu najwy\u017csz\u0105 jako\u015b\u0107 r\u00f3wnie\u017c w Polsce. <\/p>\n<p>Uk\u0142adanki Larsen odznaczaj\u0105 si\u0119<br \/>\n-nietypowymi i jedynymi w swoim rodzaju wykrojnikami, kt\u00f3re sprawiaj\u0105 wielk\u0105 przyjemno\u015b\u0107 z uk\u0142adania.<br \/>\n-produkcj\u0105 w Norwegii i wysok\u0105 jako\u015bci\u0105.<br \/>\n-starann\u0105 selekcj\u0105 obrazk\u00f3w dla ka\u017cdego wieku<br \/>\n-edukacyjnym charakterem uk\u0142adanek<br \/>\n-zlokalizowanymi wzorami na wiele rynk\u00f3w.<\/p>\n","protected":false},"excerpt":{"rendered":"<p>Uk\u0142adanka Maxi (36.5&#215;28.5 cm) z grubej tektury ze specjalnymi kszta\u0142tami, dzi\u0119ki kt\u00f3rym uczymy si\u0119 nie tylko cierpliwo\u015bci ale te\u017c j\u0119zyk\u00f3w, matematyki, geografii oraz wiedzy og\u00f3lnej. W ten pi\u0119kny letni dzie\u0144 w lesie wszystkie zwierz\u0119ta s\u0105 szcz\u0119\u015bliwe. Las jest pe\u0142en jedzenia i ka\u017cde z nich dobrze si\u0119 bawi\u0142o. Nied\u017awied\u017a zjad\u0142 pi\u0119kny posi\u0142ek z miodu, a wiewi\u00f3rki [&hellip;]<\/p>\n","protected":false},"featured_media":0,"template":"","meta":{"content-type":"","_monsterinsights_skip_tracking":false,"_monsterinsights_sitenote_active":false,"_monsterinsights_sitenote_note":"","_monsterinsights_sitenote_category":0},"product_brand":[],"product_cat":[1793],"product_tag":[346,995,991],"brand":[],"target-group":[],"discontinued":[],"class_list":{"0":"post-657736","1":"product","2":"type-product","3":"status-publish","5":"product_cat-puzzle-dla-dzieci-puzzle","6":"product_tag-laczenie","7":"product_tag-wieloosobowe","8":"product_tag-zabawa","10":"first","11":"instock","12":"taxable","13":"shipping-taxable","14":"product-type-simple"},"aioseo_notices":[],"_links":{"self":[{"href":"https:\/\/games.tactic.net\/pl\/wp-json\/wp\/v2\/product\/657736","targetHints":{"allow":["GET"]}}],"collection":[{"href":"https:\/\/games.tactic.net\/pl\/wp-json\/wp\/v2\/product"}],"about":[{"href":"https:\/\/games.tactic.net\/pl\/wp-json\/wp\/v2\/types\/product"}],"wp:attachment":[{"href":"https:\/\/games.tactic.net\/pl\/wp-json\/wp\/v2\/media?parent=657736"}],"wp:term":[{"taxonomy":"product_brand","embeddable":true,"href":"https:\/\/games.tactic.net\/pl\/wp-json\/wp\/v2\/product_brand?post=657736"},{"taxonomy":"product_cat","embeddable":true,"href":"https:\/\/games.tactic.net\/pl\/wp-json\/wp\/v2\/product_cat?post=657736"},{"taxonomy":"product_tag","embeddable":true,"href":"https:\/\/games.tactic.net\/pl\/wp-json\/wp\/v2\/product_tag?post=657736"},{"taxonomy":"brand","embeddable":true,"href":"https:\/\/games.tactic.net\/pl\/wp-json\/wp\/v2\/brand?post=657736"},{"taxonomy":"target-group","embeddable":true,"href":"https:\/\/games.tactic.net\/pl\/wp-json\/wp\/v2\/target-group?post=657736"},{"taxonomy":"discontinued","embeddable":true,"href":"https:\/\/games.tactic.net\/pl\/wp-json\/wp\/v2\/discontinued?post=657736"}],"curies":[{"name":"wp","href":"https:\/\/api.w.org\/{rel}","templated":true}]}}