{"id":657721,"date":"2022-10-24T12:39:24","date_gmt":"2022-10-24T09:39:24","guid":{"rendered":"http:\/\/games.tactic.net\/tuote\/larsen-unicorns-maxi\/"},"modified":"2023-10-19T16:31:58","modified_gmt":"2023-10-19T13:31:58","slug":"larsen-unicorns-maxi","status":"publish","type":"product","link":"https:\/\/games.tactic.net\/pl\/tuote\/larsen-unicorns-maxi\/","title":{"rendered":"Larsen Maxi Unicorns 32 el. uk\u0142adanka"},"content":{"rendered":"<p>Uk\u0142adanka Maxi (36.5&#215;28.5 cm) z grubej tektury ze specjalnymi kszta\u0142tami, dzi\u0119ki kt\u00f3rym uczymy si\u0119 nie tylko cierpliwo\u015bci ale te\u017c j\u0119zyk\u00f3w, matematyki, geografii oraz wiedzy og\u00f3lnej. <\/p>\n<p>Jednoro\u017cce wyst\u0119puj\u0105 w folklorach i bajkach od setek lat, a \u017cyj\u0105 w tej uroczej uk\u0142adance. M\u00f3wi si\u0119, \u017ce jednoro\u017cce s\u0105 mi\u0142e i czyste. Cz\u0119sto pojawiaj\u0105 si\u0119 w pobli\u017cu t\u0119czy i pomog\u0142y wielu ksi\u0119\u017cniczkom w niebezpiecze\u0144stwie. Ta kolorowa uk\u0142adanka z 32 du\u017cymi kawa\u0142kami zosta\u0142a zaprojektowana tak, aby anga\u017cowa\u0107 i stymulowa\u0107 wyobra\u017ani\u0119 ma\u0142ych dzieci. Kawa\u0142ki s\u0105 poci\u0119te w kszta\u0142ty, takie jak g\u0142owa jednoro\u017cca, g\u0142owa konia, serce, kucyk, zamek, \u0142ab\u0119d\u017a i go\u0142\u0105b. Jak my\u015blicie, jak nazywa si\u0119 najmniejszy jednoro\u017cec?<\/p>\n<p>Firma Larsen od 75 lat tworzy wysokiej jako\u015bci uk\u0142adanki z grubej (4mm) tektury. Nasz\u0105 ide\u0105 zawsze by\u0142o tworzenie wysokiej jako\u015bci produkt\u00f3w dla dzieci, kt\u00f3re s\u0105 zar\u00f3wno zabawne, jak i edukacyjne. Znajdujemy si\u0119 w Flekkefjord, idyllicznym miasteczku w po\u0142udniowej Norwegii, w po\u0142owie drogi mi\u0119dzy Kristiansand i Stavanger. Cieszymy si\u0119 \u017ce, dzi\u0119ki wsp\u00f3\u0142pracy z fi\u0144ska firm\u0105 Tactic Oy, mo\u017cemy oferowa\u0107 Pa\u0144stwu najwy\u017csz\u0105 jako\u015b\u0107 r\u00f3wnie\u017c w Polsce. <\/p>\n<p>Uk\u0142adanki Larsen odznaczaj\u0105 si\u0119<br \/>\n-nietypowymi i jedynymi w swoim rodzaju wykrojnikami, kt\u00f3re sprawiaj\u0105 wielk\u0105 przyjemno\u015b\u0107 z uk\u0142adania.<br \/>\n-produkcj\u0105 w Norwegii i wysok\u0105 jako\u015bci\u0105.<br \/>\n-starann\u0105 selekcj\u0105 obrazk\u00f3w dla ka\u017cdego wieku<br \/>\n-edukacyjnym charakterem uk\u0142adanek<br \/>\n-zlokalizowanymi wzorami na wiele rynk\u00f3w.<\/p>\n","protected":false},"excerpt":{"rendered":"<p>Uk\u0142adanka Maxi (36.5&#215;28.5 cm) z grubej tektury ze specjalnymi kszta\u0142tami, dzi\u0119ki kt\u00f3rym uczymy si\u0119 nie tylko cierpliwo\u015bci ale te\u017c j\u0119zyk\u00f3w, matematyki, geografii oraz wiedzy og\u00f3lnej. Jednoro\u017cce wyst\u0119puj\u0105 w folklorach i bajkach od setek lat, a \u017cyj\u0105 w tej uroczej uk\u0142adance. M\u00f3wi si\u0119, \u017ce jednoro\u017cce s\u0105 mi\u0142e i czyste. Cz\u0119sto pojawiaj\u0105 si\u0119 w pobli\u017cu t\u0119czy i [&hellip;]<\/p>\n","protected":false},"featured_media":0,"template":"","meta":{"content-type":"","_monsterinsights_skip_tracking":false,"_monsterinsights_sitenote_active":false,"_monsterinsights_sitenote_note":"","_monsterinsights_sitenote_category":0},"product_brand":[],"product_cat":[1793],"product_tag":[1234,995,991],"brand":[],"target-group":[],"discontinued":[],"class_list":{"0":"post-657721","1":"product","2":"type-product","3":"status-publish","5":"product_cat-puzzle-dla-dzieci-puzzle","6":"product_tag-laczenie-pl","7":"product_tag-wieloosobowe","8":"product_tag-zabawa","10":"first","11":"instock","12":"taxable","13":"shipping-taxable","14":"product-type-simple"},"aioseo_notices":[],"_links":{"self":[{"href":"https:\/\/games.tactic.net\/pl\/wp-json\/wp\/v2\/product\/657721","targetHints":{"allow":["GET"]}}],"collection":[{"href":"https:\/\/games.tactic.net\/pl\/wp-json\/wp\/v2\/product"}],"about":[{"href":"https:\/\/games.tactic.net\/pl\/wp-json\/wp\/v2\/types\/product"}],"wp:attachment":[{"href":"https:\/\/games.tactic.net\/pl\/wp-json\/wp\/v2\/media?parent=657721"}],"wp:term":[{"taxonomy":"product_brand","embeddable":true,"href":"https:\/\/games.tactic.net\/pl\/wp-json\/wp\/v2\/product_brand?post=657721"},{"taxonomy":"product_cat","embeddable":true,"href":"https:\/\/games.tactic.net\/pl\/wp-json\/wp\/v2\/product_cat?post=657721"},{"taxonomy":"product_tag","embeddable":true,"href":"https:\/\/games.tactic.net\/pl\/wp-json\/wp\/v2\/product_tag?post=657721"},{"taxonomy":"brand","embeddable":true,"href":"https:\/\/games.tactic.net\/pl\/wp-json\/wp\/v2\/brand?post=657721"},{"taxonomy":"target-group","embeddable":true,"href":"https:\/\/games.tactic.net\/pl\/wp-json\/wp\/v2\/target-group?post=657721"},{"taxonomy":"discontinued","embeddable":true,"href":"https:\/\/games.tactic.net\/pl\/wp-json\/wp\/v2\/discontinued?post=657721"}],"curies":[{"name":"wp","href":"https:\/\/api.w.org\/{rel}","templated":true}]}}