{"id":657474,"date":"2022-10-24T12:27:40","date_gmt":"2022-10-24T09:27:40","guid":{"rendered":"http:\/\/games.tactic.net\/tuote\/larsen-horses-maxi\/"},"modified":"2023-10-19T15:38:10","modified_gmt":"2023-10-19T12:38:10","slug":"larsen-horses-maxi","status":"publish","type":"product","link":"https:\/\/games.tactic.net\/pl\/tuote\/larsen-horses-maxi\/","title":{"rendered":"Larsen Maxi Horses 65 el. uk\u0142adanka"},"content":{"rendered":"<p>Uk\u0142adanka Maxi (36.5&#215;28.5 cm) z grubej tektury ze specjalnymi kszta\u0142tami, dzi\u0119ki kt\u00f3rym uczymy si\u0119 nie tylko cierpliwo\u015bci ale te\u017c j\u0119zyk\u00f3w, matematyki, geografii oraz wiedzy og\u00f3lnej. <\/p>\n<p>Ta pi\u0119kna uk\u0142adanka pokazuje siedem figlarnych koni, kt\u00f3re ciesz\u0105 si\u0119 z wolno\u015bci i natury na otwartym polu. Z \u201eCzarn\u0105 Pi\u0119kno\u015bci\u0105\u201d i anielskim bia\u0142ym koniem po przeciwnych stronach, br\u0105zowe konie zbieraj\u0105 si\u0119 razem i galopuj\u0105 wok\u00f3\u0142 siebie w zabawny spos\u00f3b. Z \u017c\u00f3\u0142tym i czarnym motylem trzepocz\u0105cym nad traw\u0105, du\u017ce kawa\u0142ki b\u0142ota pokrywaj\u0105 traw\u0119, gdzie konie przegalopowa\u0142y. W uk\u0142adance znajduje si\u0119 65 element\u00f3w, przeznaczonych dla starszych dzieci. Niekt\u00f3re z kawa\u0142k\u00f3w s\u0105 odpowiednio ukszta\u0142towane jak lama, motyl, banan, kubek, pingwin i ryba. Ta uk\u0142adanka o tematyce je\u017adzieckiej pomo\u017ce Twojemu dziecku rozwin\u0105\u0107 drobne umiej\u0119tno\u015bci motoryczne, zdolno\u015bci poznawcze i dobr\u0105 pami\u0119\u0107.<\/p>\n<p>Firma Larsen od 75 lat tworzy wysokiej jako\u015bci uk\u0142adanki z grubej (4mm) tektury. Nasz\u0105 ide\u0105 zawsze by\u0142o tworzenie wysokiej jako\u015bci produkt\u00f3w dla dzieci, kt\u00f3re s\u0105 zar\u00f3wno zabawne, jak i edukacyjne. Znajdujemy si\u0119 w Flekkefjord, idyllicznym miasteczku w po\u0142udniowej Norwegii, w po\u0142owie drogi mi\u0119dzy Kristiansand i Stavanger. Cieszymy si\u0119 \u017ce, dzi\u0119ki wsp\u00f3\u0142pracy z fi\u0144ska firm\u0105 Tactic Oy, mo\u017cemy oferowa\u0107 Pa\u0144stwu najwy\u017csz\u0105 jako\u015b\u0107 r\u00f3wnie\u017c w Polsce. <\/p>\n<p>Uk\u0142adanki Larsen odznaczaj\u0105 si\u0119<br \/>\n-nietypowymi i jedynymi w swoim rodzaju wykrojnikami, kt\u00f3re sprawiaj\u0105 wielk\u0105 przyjemno\u015b\u0107 z uk\u0142adania.<br \/>\n-produkcj\u0105 w Norwegii i wysok\u0105 jako\u015bci\u0105.<br \/>\n-starann\u0105 selekcj\u0105 obrazk\u00f3w dla ka\u017cdego wieku<br \/>\n-edukacyjnym charakterem uk\u0142adanek<br \/>\n-zlokalizowanymi wzorami na wiele rynk\u00f3w.<\/p>\n","protected":false},"excerpt":{"rendered":"<p>Uk\u0142adanka Maxi (36.5&#215;28.5 cm) z grubej tektury ze specjalnymi kszta\u0142tami, dzi\u0119ki kt\u00f3rym uczymy si\u0119 nie tylko cierpliwo\u015bci ale te\u017c j\u0119zyk\u00f3w, matematyki, geografii oraz wiedzy og\u00f3lnej. Ta pi\u0119kna uk\u0142adanka pokazuje siedem figlarnych koni, kt\u00f3re ciesz\u0105 si\u0119 z wolno\u015bci i natury na otwartym polu. Z \u201eCzarn\u0105 Pi\u0119kno\u015bci\u0105\u201d i anielskim bia\u0142ym koniem po przeciwnych stronach, br\u0105zowe konie zbieraj\u0105 [&hellip;]<\/p>\n","protected":false},"featured_media":0,"template":"","meta":{"content-type":"","_monsterinsights_skip_tracking":false,"_monsterinsights_sitenote_active":false,"_monsterinsights_sitenote_note":"","_monsterinsights_sitenote_category":0},"product_brand":[],"product_cat":[1793],"product_tag":[346,995,991],"brand":[],"target-group":[],"discontinued":[],"class_list":{"0":"post-657474","1":"product","2":"type-product","3":"status-publish","5":"product_cat-puzzle-dla-dzieci-puzzle","6":"product_tag-laczenie","7":"product_tag-wieloosobowe","8":"product_tag-zabawa","10":"first","11":"instock","12":"taxable","13":"shipping-taxable","14":"product-type-simple"},"aioseo_notices":[],"_links":{"self":[{"href":"https:\/\/games.tactic.net\/pl\/wp-json\/wp\/v2\/product\/657474","targetHints":{"allow":["GET"]}}],"collection":[{"href":"https:\/\/games.tactic.net\/pl\/wp-json\/wp\/v2\/product"}],"about":[{"href":"https:\/\/games.tactic.net\/pl\/wp-json\/wp\/v2\/types\/product"}],"wp:attachment":[{"href":"https:\/\/games.tactic.net\/pl\/wp-json\/wp\/v2\/media?parent=657474"}],"wp:term":[{"taxonomy":"product_brand","embeddable":true,"href":"https:\/\/games.tactic.net\/pl\/wp-json\/wp\/v2\/product_brand?post=657474"},{"taxonomy":"product_cat","embeddable":true,"href":"https:\/\/games.tactic.net\/pl\/wp-json\/wp\/v2\/product_cat?post=657474"},{"taxonomy":"product_tag","embeddable":true,"href":"https:\/\/games.tactic.net\/pl\/wp-json\/wp\/v2\/product_tag?post=657474"},{"taxonomy":"brand","embeddable":true,"href":"https:\/\/games.tactic.net\/pl\/wp-json\/wp\/v2\/brand?post=657474"},{"taxonomy":"target-group","embeddable":true,"href":"https:\/\/games.tactic.net\/pl\/wp-json\/wp\/v2\/target-group?post=657474"},{"taxonomy":"discontinued","embeddable":true,"href":"https:\/\/games.tactic.net\/pl\/wp-json\/wp\/v2\/discontinued?post=657474"}],"curies":[{"name":"wp","href":"https:\/\/api.w.org\/{rel}","templated":true}]}}