{"id":657375,"date":"2022-10-24T12:26:25","date_gmt":"2022-10-24T09:26:25","guid":{"rendered":"http:\/\/games.tactic.net\/tuote\/larsen-subtra-puzzle-maxi\/"},"modified":"2022-10-24T12:26:25","modified_gmt":"2022-10-24T09:26:25","slug":"larsen-subtra-puzzle-maxi","status":"publish","type":"product","link":"https:\/\/games.tactic.net\/pl\/tuote\/larsen-subtra-puzzle-maxi\/","title":{"rendered":"Larsen Maxi Subtra uk\u0142adanka 58 el. uk\u0142adanka"},"content":{"rendered":"<p>Uk\u0142adanka Maxi (36.5&#215;28.5 cm) z grubej tektury ze specjalnymi kszta\u0142tami, dzi\u0119ki kt\u00f3rym uczymy si\u0119 nie tylko cierpliwo\u015bci ale te\u017c j\u0119zyk\u00f3w, matematyki, geografii oraz wiedzy og\u00f3lnej. <\/p>\n<p>Naucz si\u0119 podstawowego odejmowania dzi\u0119ki tej uk\u0142adance z 58 elementami. Na ka\u017cdym kawa\u0142ku znajdziesz 1 matematyczny 'problem&#8217;. Odpowied\u017a na ka\u017cdy 'problem&#8217; jest wy\u015bwietlana w jasnych neonowych kolorach pod spodem, na ramce. Ka\u017cdy z kawa\u0142k\u00f3w z zakrzywionymi kraw\u0119dziami wygl\u0105da tak samo, mimo \u017ce s\u0105 r\u00f3\u017cne. Ka\u017cdy kawa\u0142ek b\u0119dzie pasowa\u0142 tylko wtedy, gdy zostanie umieszczony nad swoj\u0105 w\u0142a\u015bciw\u0105 odpowiedzi\u0105. Z t\u0105 \u0142amig\u0142\u00f3wk\u0105 mo\u017cna si\u0119 \u015bwietnie bawi\u0107 i jednocze\u015bnie wiele nauczy\u0107. Dodatkowo wspiera motywacj\u0119 i zdolno\u015b\u0107 do koncentracji. Mo\u017cna pracowa\u0107 we w\u0142asnym tempie i od razu wida\u0107, czy ma si\u0119 racj\u0119, czy nie. Uk\u0142adanka najlepiej nadaje si\u0119 dla nieco starszych dzieci.<\/p>\n<p>Firma Larsen od 75 lat tworzy wysokiej jako\u015bci uk\u0142adanki z grubej (4mm) tektury. Nasz\u0105 ide\u0105 zawsze by\u0142o tworzenie wysokiej jako\u015bci produkt\u00f3w dla dzieci, kt\u00f3re s\u0105 zar\u00f3wno zabawne, jak i edukacyjne. Znajdujemy si\u0119 w Flekkefjord, idyllicznym miasteczku w po\u0142udniowej Norwegii, w po\u0142owie drogi mi\u0119dzy Kristiansand i Stavanger. Cieszymy si\u0119 \u017ce, dzi\u0119ki wsp\u00f3\u0142pracy z fi\u0144ska firm\u0105 Tactic Oy, mo\u017cemy oferowa\u0107 Pa\u0144stwu najwy\u017csz\u0105 jako\u015b\u0107 r\u00f3wnie\u017c w Polsce. <\/p>\n<p>Uk\u0142adanki Larsen odznaczaj\u0105 si\u0119<br \/>\n-nietypowymi i jedynymi w swoim rodzaju wykrojnikami, kt\u00f3re sprawiaj\u0105 wielk\u0105 przyjemno\u015b\u0107 z uk\u0142adania.<br \/>\n-produkcj\u0105 w Norwegii i wysok\u0105 jako\u015bci\u0105.<br \/>\n-starann\u0105 selekcj\u0105 obrazk\u00f3w dla ka\u017cdego wieku<br \/>\n-edukacyjnym charakterem uk\u0142adanek<br \/>\n-zlokalizowanymi wzorami na wiele rynk\u00f3w. <\/p>\n","protected":false},"excerpt":{"rendered":"<p>Uk\u0142adanka Maxi (36.5&#215;28.5 cm) z grubej tektury ze specjalnymi kszta\u0142tami, dzi\u0119ki kt\u00f3rym uczymy si\u0119 nie tylko cierpliwo\u015bci ale te\u017c j\u0119zyk\u00f3w, matematyki, geografii oraz wiedzy og\u00f3lnej. Naucz si\u0119 podstawowego odejmowania dzi\u0119ki tej uk\u0142adance z 58 elementami. Na ka\u017cdym kawa\u0142ku znajdziesz 1 matematyczny 'problem&#8217;. Odpowied\u017a na ka\u017cdy 'problem&#8217; jest wy\u015bwietlana w jasnych neonowych kolorach pod spodem, na [&hellip;]<\/p>\n","protected":false},"featured_media":0,"template":"","meta":{"content-type":"","_monsterinsights_skip_tracking":false,"_monsterinsights_sitenote_active":false,"_monsterinsights_sitenote_note":"","_monsterinsights_sitenote_category":0},"product_brand":[],"product_cat":[1793],"product_tag":[1234,995,991],"brand":[],"target-group":[],"discontinued":[],"class_list":{"0":"post-657375","1":"product","2":"type-product","3":"status-publish","5":"product_cat-puzzle-dla-dzieci-puzzle","6":"product_tag-laczenie-pl","7":"product_tag-wieloosobowe","8":"product_tag-zabawa","10":"first","11":"outofstock","12":"taxable","13":"shipping-taxable","14":"product-type-simple"},"aioseo_notices":[],"_links":{"self":[{"href":"https:\/\/games.tactic.net\/pl\/wp-json\/wp\/v2\/product\/657375","targetHints":{"allow":["GET"]}}],"collection":[{"href":"https:\/\/games.tactic.net\/pl\/wp-json\/wp\/v2\/product"}],"about":[{"href":"https:\/\/games.tactic.net\/pl\/wp-json\/wp\/v2\/types\/product"}],"wp:attachment":[{"href":"https:\/\/games.tactic.net\/pl\/wp-json\/wp\/v2\/media?parent=657375"}],"wp:term":[{"taxonomy":"product_brand","embeddable":true,"href":"https:\/\/games.tactic.net\/pl\/wp-json\/wp\/v2\/product_brand?post=657375"},{"taxonomy":"product_cat","embeddable":true,"href":"https:\/\/games.tactic.net\/pl\/wp-json\/wp\/v2\/product_cat?post=657375"},{"taxonomy":"product_tag","embeddable":true,"href":"https:\/\/games.tactic.net\/pl\/wp-json\/wp\/v2\/product_tag?post=657375"},{"taxonomy":"brand","embeddable":true,"href":"https:\/\/games.tactic.net\/pl\/wp-json\/wp\/v2\/brand?post=657375"},{"taxonomy":"target-group","embeddable":true,"href":"https:\/\/games.tactic.net\/pl\/wp-json\/wp\/v2\/target-group?post=657375"},{"taxonomy":"discontinued","embeddable":true,"href":"https:\/\/games.tactic.net\/pl\/wp-json\/wp\/v2\/discontinued?post=657375"}],"curies":[{"name":"wp","href":"https:\/\/api.w.org\/{rel}","templated":true}]}}