{"id":657345,"date":"2022-10-24T12:24:14","date_gmt":"2022-10-24T09:24:14","guid":{"rendered":"http:\/\/games.tactic.net\/tuote\/larsen-learning-english-at-school-maxi-en\/"},"modified":"2023-10-19T15:38:49","modified_gmt":"2023-10-19T12:38:49","slug":"larsen-learning-english-at-school-maxi-en","status":"publish","type":"product","link":"https:\/\/games.tactic.net\/pl\/tuote\/larsen-learning-english-at-school-maxi-en\/","title":{"rendered":"Larsen Maxi Learning English at School 70 el. uk\u0142adanka"},"content":{"rendered":"<p>Uk\u0142adanka Maxi (36.5&#215;28.5 cm) z grubej tektury ze specjalnymi kszta\u0142tami, dzi\u0119ki kt\u00f3rym uczymy si\u0119 nie tylko cierpliwo\u015bci ale te\u017c j\u0119zyk\u00f3w, matematyki, geografii oraz wiedzy og\u00f3lnej. <\/p>\n<p>Naucz si\u0119 52 s\u0142\u00f3w w j\u0119zyku angielskim dzi\u0119ki tej edukacyjnej uk\u0142adance. W \u015brodku znajduje si\u0119 ma\u0142a uk\u0142adanka z 18 kawa\u0142kami i sta\u0142\u0105 ramk\u0105 wok\u00f3\u0142 kawa\u0142k\u00f3w. Na puzzlach jest rysunek ze szko\u0142y i s\u0105 52 s\u0142owa w j\u0119zyku angielskim dla przedmiot\u00f3w, kt\u00f3re wida\u0107 na rysunku. Te same 52 s\u0142owa znajduj\u0105 si\u0119 na ramce na zewn\u0105trz, a na niej 52 kawa\u0142ki z obrazkiem. Ka\u017cdy z kawa\u0142k\u00f3w powinien by\u0107 umieszczony obok w\u0142a\u015bciwego s\u0142owa. Najpierw umie\u015b\u0107 kawa\u0142ki przedmiot\u00f3w obok s\u0142\u00f3w, kt\u00f3re znasz. Nast\u0119pnie uzupe\u0142nij puzzle na \u015brodku &#8211; tutaj znajdziesz angielskie s\u0142\u00f3wka, kt\u00f3rych jeszcze nie pozna\u0142e\u015b. Wtedy z \u0142atwo\u015bci\u0105 u\u0142o\u017cysz reszt\u0119 element\u00f3w na swoim miejscu. Po kilku razach przypomnisz sobie nowe s\u0142owa, kt\u00f3rych si\u0119 nauczy\u0142e\u015b.<\/p>\n<p>Firma Larsen od 75 lat tworzy wysokiej jako\u015bci uk\u0142adanki z grubej (4mm) tektury. Nasz\u0105 ide\u0105 zawsze by\u0142o tworzenie wysokiej jako\u015bci produkt\u00f3w dla dzieci, kt\u00f3re s\u0105 zar\u00f3wno zabawne, jak i edukacyjne. Znajdujemy si\u0119 w Flekkefjord, idyllicznym miasteczku w po\u0142udniowej Norwegii, w po\u0142owie drogi mi\u0119dzy Kristiansand i Stavanger. Cieszymy si\u0119 \u017ce, dzi\u0119ki wsp\u00f3\u0142pracy z fi\u0144ska firm\u0105 Tactic Oy, mo\u017cemy oferowa\u0107 Pa\u0144stwu najwy\u017csz\u0105 jako\u015b\u0107 r\u00f3wnie\u017c w Polsce. <\/p>\n<p>Uk\u0142adanki Larsen odznaczaj\u0105 si\u0119<br \/>\n-nietypowymi i jedynymi w swoim rodzaju wykrojnikami, kt\u00f3re sprawiaj\u0105 wielk\u0105 przyjemno\u015b\u0107 z uk\u0142adania.<br \/>\n-produkcj\u0105 w Norwegii i wysok\u0105 jako\u015bci\u0105.<br \/>\n-starann\u0105 selekcj\u0105 obrazk\u00f3w dla ka\u017cdego wieku<br \/>\n-edukacyjnym charakterem uk\u0142adanek<br \/>\n-zlokalizowanymi wzorami na wiele rynk\u00f3w.<\/p>\n","protected":false},"excerpt":{"rendered":"<p>Uk\u0142adanka Maxi (36.5&#215;28.5 cm) z grubej tektury ze specjalnymi kszta\u0142tami, dzi\u0119ki kt\u00f3rym uczymy si\u0119 nie tylko cierpliwo\u015bci ale te\u017c j\u0119zyk\u00f3w, matematyki, geografii oraz wiedzy og\u00f3lnej. Naucz si\u0119 52 s\u0142\u00f3w w j\u0119zyku angielskim dzi\u0119ki tej edukacyjnej uk\u0142adance. W \u015brodku znajduje si\u0119 ma\u0142a uk\u0142adanka z 18 kawa\u0142kami i sta\u0142\u0105 ramk\u0105 wok\u00f3\u0142 kawa\u0142k\u00f3w. Na puzzlach jest rysunek ze [&hellip;]<\/p>\n","protected":false},"featured_media":0,"template":"","meta":{"content-type":"","_monsterinsights_skip_tracking":false,"_monsterinsights_sitenote_active":false,"_monsterinsights_sitenote_note":"","_monsterinsights_sitenote_category":0},"product_brand":[],"product_cat":[1793],"product_tag":[1234,995,991],"brand":[],"target-group":[],"discontinued":[],"class_list":{"0":"post-657345","1":"product","2":"type-product","3":"status-publish","5":"product_cat-puzzle-dla-dzieci-puzzle","6":"product_tag-laczenie-pl","7":"product_tag-wieloosobowe","8":"product_tag-zabawa","10":"first","11":"instock","12":"taxable","13":"shipping-taxable","14":"product-type-simple"},"aioseo_notices":[],"_links":{"self":[{"href":"https:\/\/games.tactic.net\/pl\/wp-json\/wp\/v2\/product\/657345","targetHints":{"allow":["GET"]}}],"collection":[{"href":"https:\/\/games.tactic.net\/pl\/wp-json\/wp\/v2\/product"}],"about":[{"href":"https:\/\/games.tactic.net\/pl\/wp-json\/wp\/v2\/types\/product"}],"wp:attachment":[{"href":"https:\/\/games.tactic.net\/pl\/wp-json\/wp\/v2\/media?parent=657345"}],"wp:term":[{"taxonomy":"product_brand","embeddable":true,"href":"https:\/\/games.tactic.net\/pl\/wp-json\/wp\/v2\/product_brand?post=657345"},{"taxonomy":"product_cat","embeddable":true,"href":"https:\/\/games.tactic.net\/pl\/wp-json\/wp\/v2\/product_cat?post=657345"},{"taxonomy":"product_tag","embeddable":true,"href":"https:\/\/games.tactic.net\/pl\/wp-json\/wp\/v2\/product_tag?post=657345"},{"taxonomy":"brand","embeddable":true,"href":"https:\/\/games.tactic.net\/pl\/wp-json\/wp\/v2\/brand?post=657345"},{"taxonomy":"target-group","embeddable":true,"href":"https:\/\/games.tactic.net\/pl\/wp-json\/wp\/v2\/target-group?post=657345"},{"taxonomy":"discontinued","embeddable":true,"href":"https:\/\/games.tactic.net\/pl\/wp-json\/wp\/v2\/discontinued?post=657345"}],"curies":[{"name":"wp","href":"https:\/\/api.w.org\/{rel}","templated":true}]}}