{"id":657195,"date":"2022-10-24T12:16:11","date_gmt":"2022-10-24T09:16:11","guid":{"rendered":"http:\/\/games.tactic.net\/tuote\/larsen-apollo-11-maxi\/"},"modified":"2023-10-19T15:09:11","modified_gmt":"2023-10-19T12:09:11","slug":"larsen-apollo-11-maxi","status":"publish","type":"product","link":"https:\/\/games.tactic.net\/pl\/tuote\/larsen-apollo-11-maxi\/","title":{"rendered":"Larsen Maxi Apollo 11 50 el. uk\u0142adanka"},"content":{"rendered":"<p>Uk\u0142adanka Maxi (36.5&#215;28.5 cm) z grubej tektury ze specjalnymi kszta\u0142tami, dzi\u0119ki kt\u00f3rym uczymy si\u0119 nie tylko cierpliwo\u015bci ale te\u017c j\u0119zyk\u00f3w, matematyki, geografii oraz wiedzy og\u00f3lnej. <\/p>\n<p>5, 4, 3, 2, 1 START! Czy do\u0142\u0105czysz do pana Armstronga na jego trasie Apollo 11, podczas gdy rakieta Columbia b\u0119dzie orbitowa\u0107 wok\u00f3\u0142 Ksi\u0119\u017cyca? A mo\u017ce spojrzysz w przestrze\u0144 kosmiczn\u0105 i zostaniesz oszo\u0142omiony przez gwiazdy? Neil Armstrong pokonuje drog\u0119 w d\u00f3\u0142 po drabinie, podczas gdy miliony gwiazd migocz\u0105 na nocnym niebie. Podczas gdy statek kosmiczny Orze\u0142 przygotowuje si\u0119 do l\u0105dowania na Ksi\u0119\u017cycu, czy zgadniesz kto leci &#8222;Columbi\u0105&#8221; w jego samotnych podr\u00f3\u017cach? Ta 50-elementowa uk\u0142adanka ze statkami kosmicznymi zawiera ponadczasow\u0105 ilustracj\u0119 rakiet i statk\u00f3w kosmicznych kr\u0105\u017c\u0105cych wok\u00f3\u0142 Ziemi i Ksi\u0119\u017cyca. 5 kawa\u0142k\u00f3w tworzy ziemi\u0119, z jednym z tych kawa\u0142k\u00f3w celowo stworzonym jak statek kosmiczny. Jaki rodzaj statku kosmicznego mo\u017ce to by\u0107? <\/p>\n<p>Firma Larsen od 75 lat tworzy wysokiej jako\u015bci uk\u0142adanki z grubej (4mm) tektury. Nasz\u0105 ide\u0105 zawsze by\u0142o tworzenie wysokiej jako\u015bci produkt\u00f3w dla dzieci, kt\u00f3re s\u0105 zar\u00f3wno zabawne, jak i edukacyjne. Znajdujemy si\u0119 w Flekkefjord, idyllicznym miasteczku w po\u0142udniowej Norwegii, w po\u0142owie drogi mi\u0119dzy Kristiansand i Stavanger. Cieszymy si\u0119 \u017ce, dzi\u0119ki wsp\u00f3\u0142pracy z fi\u0144ska firm\u0105 Tactic Oy, mo\u017cemy oferowa\u0107 Pa\u0144stwu najwy\u017csz\u0105 jako\u015b\u0107 r\u00f3wnie\u017c w Polsce. <\/p>\n<p>Uk\u0142adanki Larsen odznaczaj\u0105 si\u0119<br \/>\n-nietypowymi i jedynymi w swoim rodzaju wykrojnikami, kt\u00f3re sprawiaj\u0105 wielk\u0105 przyjemno\u015b\u0107 z uk\u0142adania.<br \/>\n-produkcj\u0105 w Norwegii i wysok\u0105 jako\u015bci\u0105.<br \/>\n-starann\u0105 selekcj\u0105 obrazk\u00f3w dla ka\u017cdego wieku<br \/>\n-edukacyjnym charakterem uk\u0142adanek<br \/>\n-zlokalizowanymi wzorami na wiele rynk\u00f3w.<\/p>\n","protected":false},"excerpt":{"rendered":"<p>Uk\u0142adanka Maxi (36.5&#215;28.5 cm) z grubej tektury ze specjalnymi kszta\u0142tami, dzi\u0119ki kt\u00f3rym uczymy si\u0119 nie tylko cierpliwo\u015bci ale te\u017c j\u0119zyk\u00f3w, matematyki, geografii oraz wiedzy og\u00f3lnej. 5, 4, 3, 2, 1 START! Czy do\u0142\u0105czysz do pana Armstronga na jego trasie Apollo 11, podczas gdy rakieta Columbia b\u0119dzie orbitowa\u0107 wok\u00f3\u0142 Ksi\u0119\u017cyca? A mo\u017ce spojrzysz w przestrze\u0144 kosmiczn\u0105 [&hellip;]<\/p>\n","protected":false},"featured_media":0,"template":"","meta":{"content-type":"","_monsterinsights_skip_tracking":false,"_monsterinsights_sitenote_active":false,"_monsterinsights_sitenote_note":"","_monsterinsights_sitenote_category":0},"product_brand":[],"product_cat":[1793],"product_tag":[346,995,991],"brand":[],"target-group":[],"discontinued":[],"class_list":{"0":"post-657195","1":"product","2":"type-product","3":"status-publish","5":"product_cat-puzzle-dla-dzieci-puzzle","6":"product_tag-laczenie","7":"product_tag-wieloosobowe","8":"product_tag-zabawa","10":"first","11":"instock","12":"taxable","13":"shipping-taxable","14":"product-type-simple"},"aioseo_notices":[],"_links":{"self":[{"href":"https:\/\/games.tactic.net\/pl\/wp-json\/wp\/v2\/product\/657195","targetHints":{"allow":["GET"]}}],"collection":[{"href":"https:\/\/games.tactic.net\/pl\/wp-json\/wp\/v2\/product"}],"about":[{"href":"https:\/\/games.tactic.net\/pl\/wp-json\/wp\/v2\/types\/product"}],"wp:attachment":[{"href":"https:\/\/games.tactic.net\/pl\/wp-json\/wp\/v2\/media?parent=657195"}],"wp:term":[{"taxonomy":"product_brand","embeddable":true,"href":"https:\/\/games.tactic.net\/pl\/wp-json\/wp\/v2\/product_brand?post=657195"},{"taxonomy":"product_cat","embeddable":true,"href":"https:\/\/games.tactic.net\/pl\/wp-json\/wp\/v2\/product_cat?post=657195"},{"taxonomy":"product_tag","embeddable":true,"href":"https:\/\/games.tactic.net\/pl\/wp-json\/wp\/v2\/product_tag?post=657195"},{"taxonomy":"brand","embeddable":true,"href":"https:\/\/games.tactic.net\/pl\/wp-json\/wp\/v2\/brand?post=657195"},{"taxonomy":"target-group","embeddable":true,"href":"https:\/\/games.tactic.net\/pl\/wp-json\/wp\/v2\/target-group?post=657195"},{"taxonomy":"discontinued","embeddable":true,"href":"https:\/\/games.tactic.net\/pl\/wp-json\/wp\/v2\/discontinued?post=657195"}],"curies":[{"name":"wp","href":"https:\/\/api.w.org\/{rel}","templated":true}]}}