{"id":657180,"date":"2022-10-24T12:15:01","date_gmt":"2022-10-24T09:15:01","guid":{"rendered":"http:\/\/games.tactic.net\/tuote\/larsen-dogs-in-a-field-with-flowers-maxi\/"},"modified":"2023-10-19T15:28:28","modified_gmt":"2023-10-19T12:28:28","slug":"larsen-dogs-in-a-field-with-flowers-maxi","status":"publish","type":"product","link":"https:\/\/games.tactic.net\/pl\/tuote\/larsen-dogs-in-a-field-with-flowers-maxi\/","title":{"rendered":"Larsen Maxi Dogs in a field with flowers 32 el. uk\u0142adanka"},"content":{"rendered":"<p>Uk\u0142adanka Maxi (36.5&#215;28.5 cm) z grubej tektury ze specjalnymi kszta\u0142tami, dzi\u0119ki kt\u00f3rym uczymy si\u0119 nie tylko cierpliwo\u015bci ale te\u017c j\u0119zyk\u00f3w, matematyki, geografii oraz wiedzy og\u00f3lnej. <\/p>\n<p>Ten pi\u0119kny ogr\u00f3d kwiatowy sprawi, \u017ce do\u0142\u0105czysz do ps\u00f3w, relaksuj\u0105cych si\u0119 na polach. Przyci\u0105gaj\u0105ca wzrok i jaskrawa kolorowa ilustracja b\u0142yskawicznie przyci\u0105gnie uwag\u0119 Twojego malucha. Niezale\u017cnie od tego, czy dziecko jest mi\u0142o\u015bnikiem kwiat\u00f3w, czy mi\u0142o\u015bnikiem ps\u00f3w, w ka\u017cdym odcieniu i kolorze znajdzie co\u015b, co zapewni mu pe\u0142ne mi\u0142o\u015bci i ciep\u0142a wspomnienia. Na polach kwiatowych znajdziesz rozkoszne stokrotki, astry, aubreti\u0119, lawend\u0119, pomara\u0144czowe byliny, a w\u015br\u00f3d trawy eremurus. Psy zbieraj\u0105 si\u0119 na polach, aby cieszy\u0107 si\u0119 spokojem i cisz\u0105 w ogrodzie. W tej 32-elementowej uk\u0142adance niekt\u00f3re elementy s\u0105 starannie wykonane jak r\u00f3\u017cnorodne pieski i ko\u015b\u0107, doskona\u0142e dla m\u0142odszych dzieci. Twoje dziecko b\u0119dzie mog\u0142o zapozna\u0107 si\u0119 z r\u00f3\u017cnymi rasami ps\u00f3w, w tym z owczarkiem niemieckim, golden retrieverem, border collie, chartem w\u0142oskim, buldogiem francuskim, chihuahua, cavalier king charles spanielem, yorkshire terrierem, pudlem i bichon frise.<\/p>\n<p>Firma Larsen od 75 lat tworzy wysokiej jako\u015bci uk\u0142adanki z grubej (4mm) tektury. Nasz\u0105 ide\u0105 zawsze by\u0142o tworzenie wysokiej jako\u015bci produkt\u00f3w dla dzieci, kt\u00f3re s\u0105 zar\u00f3wno zabawne, jak i edukacyjne. Znajdujemy si\u0119 w Flekkefjord, idyllicznym miasteczku w po\u0142udniowej Norwegii, w po\u0142owie drogi mi\u0119dzy Kristiansand i Stavanger. Cieszymy si\u0119 \u017ce, dzi\u0119ki wsp\u00f3\u0142pracy z fi\u0144ska firm\u0105 Tactic Oy, mo\u017cemy oferowa\u0107 Pa\u0144stwu najwy\u017csz\u0105 jako\u015b\u0107 r\u00f3wnie\u017c w Polsce. <\/p>\n<p>Uk\u0142adanki Larsen odznaczaj\u0105 si\u0119<br \/>\n-nietypowymi i jedynymi w swoim rodzaju wykrojnikami, kt\u00f3re sprawiaj\u0105 wielk\u0105 przyjemno\u015b\u0107 z uk\u0142adania.<br \/>\n-produkcj\u0105 w Norwegii i wysok\u0105 jako\u015bci\u0105.<br \/>\n-starann\u0105 selekcj\u0105 obrazk\u00f3w dla ka\u017cdego wieku<br \/>\n-edukacyjnym charakterem uk\u0142adanek<br \/>\n-zlokalizowanymi wzorami na wiele rynk\u00f3w.<\/p>\n","protected":false},"excerpt":{"rendered":"<p>Uk\u0142adanka Maxi (36.5&#215;28.5 cm) z grubej tektury ze specjalnymi kszta\u0142tami, dzi\u0119ki kt\u00f3rym uczymy si\u0119 nie tylko cierpliwo\u015bci ale te\u017c j\u0119zyk\u00f3w, matematyki, geografii oraz wiedzy og\u00f3lnej. Ten pi\u0119kny ogr\u00f3d kwiatowy sprawi, \u017ce do\u0142\u0105czysz do ps\u00f3w, relaksuj\u0105cych si\u0119 na polach. Przyci\u0105gaj\u0105ca wzrok i jaskrawa kolorowa ilustracja b\u0142yskawicznie przyci\u0105gnie uwag\u0119 Twojego malucha. Niezale\u017cnie od tego, czy dziecko jest [&hellip;]<\/p>\n","protected":false},"featured_media":0,"template":"","meta":{"content-type":"","_monsterinsights_skip_tracking":false,"_monsterinsights_sitenote_active":false,"_monsterinsights_sitenote_note":"","_monsterinsights_sitenote_category":0},"product_brand":[],"product_cat":[1793],"product_tag":[346,995,991],"brand":[],"target-group":[],"discontinued":[],"class_list":{"0":"post-657180","1":"product","2":"type-product","3":"status-publish","5":"product_cat-puzzle-dla-dzieci-puzzle","6":"product_tag-laczenie","7":"product_tag-wieloosobowe","8":"product_tag-zabawa","10":"first","11":"outofstock","12":"taxable","13":"shipping-taxable","14":"product-type-simple"},"aioseo_notices":[],"_links":{"self":[{"href":"https:\/\/games.tactic.net\/pl\/wp-json\/wp\/v2\/product\/657180","targetHints":{"allow":["GET"]}}],"collection":[{"href":"https:\/\/games.tactic.net\/pl\/wp-json\/wp\/v2\/product"}],"about":[{"href":"https:\/\/games.tactic.net\/pl\/wp-json\/wp\/v2\/types\/product"}],"wp:attachment":[{"href":"https:\/\/games.tactic.net\/pl\/wp-json\/wp\/v2\/media?parent=657180"}],"wp:term":[{"taxonomy":"product_brand","embeddable":true,"href":"https:\/\/games.tactic.net\/pl\/wp-json\/wp\/v2\/product_brand?post=657180"},{"taxonomy":"product_cat","embeddable":true,"href":"https:\/\/games.tactic.net\/pl\/wp-json\/wp\/v2\/product_cat?post=657180"},{"taxonomy":"product_tag","embeddable":true,"href":"https:\/\/games.tactic.net\/pl\/wp-json\/wp\/v2\/product_tag?post=657180"},{"taxonomy":"brand","embeddable":true,"href":"https:\/\/games.tactic.net\/pl\/wp-json\/wp\/v2\/brand?post=657180"},{"taxonomy":"target-group","embeddable":true,"href":"https:\/\/games.tactic.net\/pl\/wp-json\/wp\/v2\/target-group?post=657180"},{"taxonomy":"discontinued","embeddable":true,"href":"https:\/\/games.tactic.net\/pl\/wp-json\/wp\/v2\/discontinued?post=657180"}],"curies":[{"name":"wp","href":"https:\/\/api.w.org\/{rel}","templated":true}]}}