{"id":657165,"date":"2022-10-24T12:14:34","date_gmt":"2022-10-24T09:14:34","guid":{"rendered":"http:\/\/games.tactic.net\/tuote\/larsen-nature-maxi\/"},"modified":"2022-10-24T12:14:34","modified_gmt":"2022-10-24T09:14:34","slug":"larsen-nature-maxi","status":"publish","type":"product","link":"https:\/\/games.tactic.net\/pl\/tuote\/larsen-nature-maxi\/","title":{"rendered":"Larsen Maxi Nature 20 el. uk\u0142adanka"},"content":{"rendered":"<p>Uk\u0142adanka Maxi (36.5&#215;28.5 cm) z grubej tektury ze specjalnymi kszta\u0142tami, dzi\u0119ki kt\u00f3rym uczymy si\u0119 nie tylko cierpliwo\u015bci ale te\u017c j\u0119zyk\u00f3w, matematyki, geografii oraz wiedzy og\u00f3lnej. <\/p>\n<p>Oddychaj \u015bwie\u017cym powietrzem pod bladym b\u0142\u0119kitem nieba i zno\u015b spok\u00f3j, cisz\u0119 i wolno\u015b\u0107 w ogrodzie natury. Ta idylliczna uk\u0142adanka ogr\u00f3d natury jest w komplecie z 20 elementami. Niekt\u00f3re z kawa\u0142k\u00f3w maj\u0105 wygodny kszta\u0142t motyla, kwiatu i kr\u00f3lika. Malownicza uk\u0142adanka zawiera ilustracje fioletowych naparstnic, pomara\u0144czowego czubka (motyla), skowronka i jego piskl\u0105t, mniszka lekarskiego, szpak\u00f3w, brz\u0119cz\u0105cego szerszenia, rzymskiego \u015blimaka, pi\u0119knej kolekcji kwiat\u00f3w, skacz\u0105cych kr\u00f3lik\u00f3w, pe\u0142zaj\u0105cej g\u0105sienicy, br\u0105zowej myszy, ropuchy, wielkiego zielonego konika polnego, czerwonego motyla admira\u0142a, doskona\u0142ego pawia, biedronki, przyjaznego olbrzymiego paj\u0105ka, kreta kopi\u0105cego b\u0142oto i zielonego \u017cuka tygrysiego, otoczonego r\u00f3\u017cnorodnymi kwiatami natury. Ta uk\u0142adanka jest idealna dla mniejszych d\u0142oni, poniewa\u017c umo\u017cliwia m\u0142odszym dzieciom pomoc w stymulowaniu ich umys\u0142u.<\/p>\n<p>Firma Larsen od 75 lat tworzy wysokiej jako\u015bci uk\u0142adanki z grubej (4mm) tektury. Nasz\u0105 ide\u0105 zawsze by\u0142o tworzenie wysokiej jako\u015bci produkt\u00f3w dla dzieci, kt\u00f3re s\u0105 zar\u00f3wno zabawne, jak i edukacyjne. Znajdujemy si\u0119 w Flekkefjord, idyllicznym miasteczku w po\u0142udniowej Norwegii, w po\u0142owie drogi mi\u0119dzy Kristiansand i Stavanger. Cieszymy si\u0119 \u017ce, dzi\u0119ki wsp\u00f3\u0142pracy z fi\u0144ska firm\u0105 Tactic Oy, mo\u017cemy oferowa\u0107 Pa\u0144stwu najwy\u017csz\u0105 jako\u015b\u0107 r\u00f3wnie\u017c w Polsce. <\/p>\n<p>Uk\u0142adanki Larsen odznaczaj\u0105 si\u0119<br \/>\n-nietypowymi i jedynymi w swoim rodzaju wykrojnikami, kt\u00f3re sprawiaj\u0105 wielk\u0105 przyjemno\u015b\u0107 z uk\u0142adania.<br \/>\n-produkcj\u0105 w Norwegii i wysok\u0105 jako\u015bci\u0105.<br \/>\n-starann\u0105 selekcj\u0105 obrazk\u00f3w dla ka\u017cdego wieku<br \/>\n-edukacyjnym charakterem uk\u0142adanek<br \/>\n-zlokalizowanymi wzorami na wiele rynk\u00f3w. <\/p>\n","protected":false},"excerpt":{"rendered":"<p>Uk\u0142adanka Maxi (36.5&#215;28.5 cm) z grubej tektury ze specjalnymi kszta\u0142tami, dzi\u0119ki kt\u00f3rym uczymy si\u0119 nie tylko cierpliwo\u015bci ale te\u017c j\u0119zyk\u00f3w, matematyki, geografii oraz wiedzy og\u00f3lnej. Oddychaj \u015bwie\u017cym powietrzem pod bladym b\u0142\u0119kitem nieba i zno\u015b spok\u00f3j, cisz\u0119 i wolno\u015b\u0107 w ogrodzie natury. Ta idylliczna uk\u0142adanka ogr\u00f3d natury jest w komplecie z 20 elementami. Niekt\u00f3re z kawa\u0142k\u00f3w [&hellip;]<\/p>\n","protected":false},"featured_media":0,"template":"","meta":{"content-type":"","_monsterinsights_skip_tracking":false,"_monsterinsights_sitenote_active":false,"_monsterinsights_sitenote_note":"","_monsterinsights_sitenote_category":0},"product_brand":[],"product_cat":[1793],"product_tag":[1234,995,991],"brand":[],"target-group":[],"discontinued":[],"class_list":{"0":"post-657165","1":"product","2":"type-product","3":"status-publish","5":"product_cat-puzzle-dla-dzieci-puzzle","6":"product_tag-laczenie-pl","7":"product_tag-wieloosobowe","8":"product_tag-zabawa","10":"first","11":"outofstock","12":"taxable","13":"shipping-taxable","14":"product-type-simple"},"aioseo_notices":[],"_links":{"self":[{"href":"https:\/\/games.tactic.net\/pl\/wp-json\/wp\/v2\/product\/657165","targetHints":{"allow":["GET"]}}],"collection":[{"href":"https:\/\/games.tactic.net\/pl\/wp-json\/wp\/v2\/product"}],"about":[{"href":"https:\/\/games.tactic.net\/pl\/wp-json\/wp\/v2\/types\/product"}],"wp:attachment":[{"href":"https:\/\/games.tactic.net\/pl\/wp-json\/wp\/v2\/media?parent=657165"}],"wp:term":[{"taxonomy":"product_brand","embeddable":true,"href":"https:\/\/games.tactic.net\/pl\/wp-json\/wp\/v2\/product_brand?post=657165"},{"taxonomy":"product_cat","embeddable":true,"href":"https:\/\/games.tactic.net\/pl\/wp-json\/wp\/v2\/product_cat?post=657165"},{"taxonomy":"product_tag","embeddable":true,"href":"https:\/\/games.tactic.net\/pl\/wp-json\/wp\/v2\/product_tag?post=657165"},{"taxonomy":"brand","embeddable":true,"href":"https:\/\/games.tactic.net\/pl\/wp-json\/wp\/v2\/brand?post=657165"},{"taxonomy":"target-group","embeddable":true,"href":"https:\/\/games.tactic.net\/pl\/wp-json\/wp\/v2\/target-group?post=657165"},{"taxonomy":"discontinued","embeddable":true,"href":"https:\/\/games.tactic.net\/pl\/wp-json\/wp\/v2\/discontinued?post=657165"}],"curies":[{"name":"wp","href":"https:\/\/api.w.org\/{rel}","templated":true}]}}