{"id":653201,"date":"2022-10-21T10:48:54","date_gmt":"2022-10-21T07:48:54","guid":{"rendered":"http:\/\/games.tactic.net\/tuote\/vikings-tales-odins-table\/"},"modified":"2023-10-25T16:53:19","modified_gmt":"2023-10-25T13:53:19","slug":"vikings-tales-odins-table","status":"publish","type":"product","link":"https:\/\/games.tactic.net\/pl\/tuote\/vikings-tales-odins-table\/","title":{"rendered":"Gamestorm Vikings\u2019 Tales Odin\u2019s Table gra planszowa"},"content":{"rendered":"<p>Pokonaj mocniejszego! Tw\u00f3j wr\u00f3g mo\u017ce i ma wi\u0119ksze do\u015bwiadczenie na polach bitew, ostrzejszy miecz i grubsz\u0105 tarcz\u0119\u2026 Nie gwarantuj\u0105 one jednak przychylno\u015bci kapry\u015bnych b\u00f3stw! A bez boskiego wstawiennictwa nawet zwyci\u0119ska walka to tylko zwyk\u0142a jatka.<br \/>\nSzcz\u0119\u015bliwie t\u0119 bitw\u0119 mo\u017cna rozegra\u0107 z przyjacielem, i to na planszy, a nie w prawdziwym \u017cyciu.<br \/>\nOdin\u2019s Table to strategiczna gra planszowa o wikingach i ich boskim panteonie, w kt\u00f3rej dwie osoby tocz\u0105 ze sob\u0105 b\u00f3j, a wspomagaj\u0105 je w tym staro\u017cytni nordyccy bogowie! Czekaj\u0105 na was strategiczne wyzwania i nieoczekiwane zwroty akcji, a Odyn, Freja i inne b\u00f3stwa u\u017cycz\u0105 wam swych or\u0119\u017cy w walce!<br \/>\nZawarto\u015b\u0107: Plansza, 6 Czarnych Pionk\u00f3w, 6 Bia\u0142ych Pionk\u00f3w, 2 Stojaki Na Karty, 54 Karty Bog\u00f3w (2 \u00d7 27), instrukcja.<br \/>\nGra strategiczna dla 2 graczy w wieku 15+.<\/p>\n","protected":false},"excerpt":{"rendered":"<p>U\u017cyj mocy bog\u00f3w, by wygra\u0107 w przebieg\u0142ej grze pe\u0142nej blefowania i taktycznych posuni\u0119\u0107! W tej strategicznej grze planszowej dwie osoby walcz\u0105 o dominacj\u0119 z pomoc\u0105 staro\u017cytnych wiki\u0144skich b\u00f3stw. Umie\u015b\u0107 3 \u017cetony w forcie przeciwnika, czerpi\u0105c z najwy\u017cszej mocy Odyna, ze sprytu Lokiego i z si\u0142y o\u015bmiu innych przedstawicieli nordyckiego panteonu!<\/p>\n","protected":false},"featured_media":0,"template":"","meta":{"content-type":"","_monsterinsights_skip_tracking":false,"_monsterinsights_sitenote_active":false,"_monsterinsights_sitenote_note":"","_monsterinsights_sitenote_category":0},"product_brand":[],"product_cat":[1783],"product_tag":[1247],"brand":[{"id":889,"name":"Gamestorm Studio","slug":"gamestormstudio-pl"}],"target-group":[],"discontinued":[],"class_list":{"0":"post-653201","1":"product","2":"type-product","3":"status-publish","5":"product_cat-strategiczne-gry-rodzinne","6":"product_tag-strategia-pl","7":"brand-gamestormstudio-pl","9":"first","10":"instock","11":"taxable","12":"shipping-taxable","13":"product-type-simple"},"aioseo_notices":[],"_links":{"self":[{"href":"https:\/\/games.tactic.net\/pl\/wp-json\/wp\/v2\/product\/653201","targetHints":{"allow":["GET"]}}],"collection":[{"href":"https:\/\/games.tactic.net\/pl\/wp-json\/wp\/v2\/product"}],"about":[{"href":"https:\/\/games.tactic.net\/pl\/wp-json\/wp\/v2\/types\/product"}],"wp:attachment":[{"href":"https:\/\/games.tactic.net\/pl\/wp-json\/wp\/v2\/media?parent=653201"}],"wp:term":[{"taxonomy":"product_brand","embeddable":true,"href":"https:\/\/games.tactic.net\/pl\/wp-json\/wp\/v2\/product_brand?post=653201"},{"taxonomy":"product_cat","embeddable":true,"href":"https:\/\/games.tactic.net\/pl\/wp-json\/wp\/v2\/product_cat?post=653201"},{"taxonomy":"product_tag","embeddable":true,"href":"https:\/\/games.tactic.net\/pl\/wp-json\/wp\/v2\/product_tag?post=653201"},{"taxonomy":"brand","embeddable":true,"href":"https:\/\/games.tactic.net\/pl\/wp-json\/wp\/v2\/brand?post=653201"},{"taxonomy":"target-group","embeddable":true,"href":"https:\/\/games.tactic.net\/pl\/wp-json\/wp\/v2\/target-group?post=653201"},{"taxonomy":"discontinued","embeddable":true,"href":"https:\/\/games.tactic.net\/pl\/wp-json\/wp\/v2\/discontinued?post=653201"}],"curies":[{"name":"wp","href":"https:\/\/api.w.org\/{rel}","templated":true}]}}