{"id":653114,"date":"2022-10-21T10:18:20","date_gmt":"2022-10-21T07:18:20","guid":{"rendered":"http:\/\/games.tactic.net\/tuote\/vikings-tales-tafl-king\/"},"modified":"2023-10-25T16:56:28","modified_gmt":"2023-10-25T13:56:28","slug":"vikings-tales-tafl-king","status":"publish","type":"product","link":"https:\/\/games.tactic.net\/pl\/tuote\/vikings-tales-tafl-king\/","title":{"rendered":"Gamestorm Vikings\u00b4 Tales Tafl King gra planszowa"},"content":{"rendered":"<p>Tw\u00f3j fort jest otoczony! Dudni\u0105c w tarcze, \u017c\u0105dni krwi wiki\u0144scy wojownicy zbli\u017caj\u0105 si\u0119 do mur\u00f3w gotowi obali\u0107 twojego kr\u00f3la. Ale cho\u0107 atakuj\u0105cy maj\u0105 przewag\u0119 liczebn\u0105, przysz\u0142o\u015b\u0107 nie jest jeszcze taka pewna. Przygotuj si\u0119 do bitwy. Niech wygra najlepszy strateg! TAFL KING to dwuosobowa strategiczna gra planszowa rodem z czas\u00f3w wiki\u0144skich sag. Jeden z graczy jest atakuj\u0105cym, a drugi \u2013 broni\u0105cym si\u0119. Ka\u017cda z pozycji ma swoje mocne i s\u0142abe strony, lecz do\u015bwiadczony strateg b\u0119dzie umia\u0142 wykorzysta\u0107 je na swoj\u0105 korzy\u015b\u0107. Nie daj si\u0119 ponie\u015b\u0107 pewno\u015bci siebie \u2013 to przepis na przegran\u0105 bitw\u0119. Walka potrwa, p\u00f3ki kr\u00f3l nie b\u0119dzie bezpieczny. Lub nie zostanie obalony\u2026 TAFL KING to autentyczna gra z czas\u00f3w wiking\u00f3w, o kt\u00f3rej wspominaj\u0105 liczne sagi. O jej statusie i popularno\u015bci \u015bwiadczy to, jak cz\u0119sto by\u0142a odkrywana w wiki\u0144skich grobowcach obok innych wa\u017cnych przedmiot\u00f3w takich jak bro\u0144 czy bi\u017cuteria. Trzymasz w swoich r\u0119kach prawdziwe, starannie zaprojektowane i wyprodukowane \u201ewiki\u0144skie szachy\u201d \u2013 szybk\u0105 gr\u0119 strategiczn\u0105, w kt\u00f3r\u0105 grali nawet najbardziej bezwzgl\u0119dni berserkowie. Zawarto\u015b\u0107: Plansza, 36 pionk\u00f3w + 1 kr\u00f3l, instrukcja. Gra strategiczna dla 2 graczy w wieku 15+.<\/p>\n","protected":false},"excerpt":{"rendered":"<p>Czy umiesz gra\u0107 tak dobrze, jak wikingowie? Ta prastara nordycka gra to pojedynek dw\u00f3ch os\u00f3b \u2013 jedna chroni, a druga atakuje kr\u00f3la. Atakuj\u0105ce pionki ustawiaj\u0105 si\u0119 po bokach planszy, a kr\u00f3l wraz ze swoj\u0105 armi\u0105 stoi w jej \u015brodku. Czy kr\u00f3l zostanie obroniony, czy zwyci\u0119\u017c\u0105 napastnicy?<\/p>\n","protected":false},"featured_media":0,"template":"","meta":{"content-type":"","_monsterinsights_skip_tracking":false,"_monsterinsights_sitenote_active":false,"_monsterinsights_sitenote_note":"","_monsterinsights_sitenote_category":0},"product_brand":[],"product_cat":[1783],"product_tag":[1247,897],"brand":[{"id":889,"name":"Gamestorm Studio","slug":"gamestormstudio-pl"}],"target-group":[],"discontinued":[],"class_list":{"0":"post-653114","1":"product","2":"type-product","3":"status-publish","5":"product_cat-strategiczne-gry-rodzinne","6":"product_tag-strategia-pl","7":"product_tag-taktyka","8":"brand-gamestormstudio-pl","10":"first","11":"instock","12":"taxable","13":"shipping-taxable","14":"product-type-simple"},"aioseo_notices":[],"_links":{"self":[{"href":"https:\/\/games.tactic.net\/pl\/wp-json\/wp\/v2\/product\/653114","targetHints":{"allow":["GET"]}}],"collection":[{"href":"https:\/\/games.tactic.net\/pl\/wp-json\/wp\/v2\/product"}],"about":[{"href":"https:\/\/games.tactic.net\/pl\/wp-json\/wp\/v2\/types\/product"}],"wp:attachment":[{"href":"https:\/\/games.tactic.net\/pl\/wp-json\/wp\/v2\/media?parent=653114"}],"wp:term":[{"taxonomy":"product_brand","embeddable":true,"href":"https:\/\/games.tactic.net\/pl\/wp-json\/wp\/v2\/product_brand?post=653114"},{"taxonomy":"product_cat","embeddable":true,"href":"https:\/\/games.tactic.net\/pl\/wp-json\/wp\/v2\/product_cat?post=653114"},{"taxonomy":"product_tag","embeddable":true,"href":"https:\/\/games.tactic.net\/pl\/wp-json\/wp\/v2\/product_tag?post=653114"},{"taxonomy":"brand","embeddable":true,"href":"https:\/\/games.tactic.net\/pl\/wp-json\/wp\/v2\/brand?post=653114"},{"taxonomy":"target-group","embeddable":true,"href":"https:\/\/games.tactic.net\/pl\/wp-json\/wp\/v2\/target-group?post=653114"},{"taxonomy":"discontinued","embeddable":true,"href":"https:\/\/games.tactic.net\/pl\/wp-json\/wp\/v2\/discontinued?post=653114"}],"curies":[{"name":"wp","href":"https:\/\/api.w.org\/{rel}","templated":true}]}}