{"id":643408,"date":"2022-10-18T13:57:25","date_gmt":"2022-10-18T10:57:25","guid":{"rendered":"http:\/\/games.tactic.net\/tuote\/larsen-constellations-maxi-pl\/"},"modified":"2023-10-16T14:22:42","modified_gmt":"2023-10-16T11:22:42","slug":"larsen-constellations-maxi-pl","status":"publish","type":"product","link":"https:\/\/games.tactic.net\/pl\/tuote\/larsen-constellations-maxi-pl\/","title":{"rendered":"Larsen Maxi Constellations 70 el. uk\u0142adanka"},"content":{"rendered":"<p>Uk\u0142adanka Maxi (36.5&#215;28.5 cm) z grubej tektury ze specjalnymi kszta\u0142tami, dzi\u0119ki kt\u00f3rym uczymy si\u0119 nie tylko cierpliwo\u015bci ale te\u017c j\u0119zyk\u00f3w, matematyki, geografii oraz wiedzy og\u00f3lnej. Ta ilustracyjna uk\u0142adanka Mapa Konstelacji przedstawia 25 najja\u015bniejszych i najbli\u017cszych gwiazd, czerwonych olbrzym\u00f3w i superolbrzym\u00f3w \u2013 wszystkie z p\u00f3\u0142kuli p\u00f3\u0142nocnej. Znajdziesz tu znaki zodiaku i dwana\u015bcie miesi\u0119cy w roku. Ponadto dowiesz si\u0119 o przesileniu zimowym i letnim, r\u00f3wnonocy wiosennej i jesiennej. Ta szczeg\u00f3\u0142owa \u0142amig\u0142\u00f3wka zawiera 70 element\u00f3w uk\u0142adanki w tradycyjnym stylu puzzli, a wszystkie nazwy gwiazdozbior\u00f3w zaznaczone w uk\u0142adance nosz\u0105 nazwy pochodz\u0105ce z mitologii greckiej. Czarny okr\u0105g na zdj\u0119ciu po\u015br\u00f3d puzzli pokazuje ciemne, rozgwie\u017cd\u017cone niebo. Ta \u0142amig\u0142\u00f3wka jest odpowiednia dla starszych dzieci, ale tak\u017ce dla doros\u0142ych, kt\u00f3rzy interesuj\u0105 si\u0119 gwiazdami i uznaj\u0105 je za najbardziej fascynuj\u0105ce i pouczaj\u0105ce. Firma Larsen od 75 lat tworzy wysokiej jako\u015bci uk\u0142adanki z grubej (4mm) tektury. Nasz\u0105 ide\u0105 zawsze by\u0142o tworzenie wysokiej jako\u015bci produkt\u00f3w dla dzieci, kt\u00f3re s\u0105 zar\u00f3wno zabawne, jak i edukacyjne. Znajdujemy si\u0119 w Flekkefjord, idyllicznym miasteczku w po\u0142udniowej Norwegii, w po\u0142owie drogi mi\u0119dzy Kristiansand i Stavanger. Cieszymy si\u0119 \u017ce, dzi\u0119ki wsp\u00f3\u0142pracy z fi\u0144ska firm\u0105 Tactic Oy, mo\u017cemy oferowa\u0107 Pa\u0144stwu najwy\u017csz\u0105 jako\u015b\u0107 r\u00f3wnie\u017c w Polsce. Uk\u0142adanki Larsen odznaczaj\u0105 si\u0119 -nietypowymi i jedynymi w swoim rodzaju wykrojnikami, kt\u00f3re sprawiaj\u0105 wielk\u0105 przyjemno\u015b\u0107 z uk\u0142adania. -produkcj\u0105 w Norwegii i wysok\u0105 jako\u015bci\u0105. -starann\u0105 selekcj\u0105 obrazk\u00f3w dla ka\u017cdego wieku -edukacyjnym charakterem uk\u0142adanek -zlokalizowanymi wzorami na wiele rynk\u00f3w.<\/p>\n","protected":false},"excerpt":{"rendered":"<p>Uk\u0142adanka Maxi (36.5&#215;28.5 cm) z grubej tektury ze specjalnymi kszta\u0142tami, dzi\u0119ki kt\u00f3rym uczymy si\u0119 nie tylko cierpliwo\u015bci ale te\u017c j\u0119zyk\u00f3w, matematyki, geografii oraz wiedzy og\u00f3lnej. Ta ilustracyjna uk\u0142adanka Mapa Konstelacji przedstawia 25 najja\u015bniejszych i najbli\u017cszych gwiazd, czerwonych olbrzym\u00f3w i superolbrzym\u00f3w \u2013 wszystkie z p\u00f3\u0142kuli p\u00f3\u0142nocnej. Znajdziesz tu znaki zodiaku i dwana\u015bcie miesi\u0119cy w roku. Ponadto [&hellip;]<\/p>\n","protected":false},"featured_media":0,"template":"","meta":{"content-type":"","_monsterinsights_skip_tracking":false,"_monsterinsights_sitenote_active":false,"_monsterinsights_sitenote_note":"","_monsterinsights_sitenote_category":0},"product_brand":[],"product_cat":[1793],"product_tag":[],"brand":[],"target-group":[],"discontinued":[],"class_list":{"0":"post-643408","1":"product","2":"type-product","3":"status-publish","5":"product_cat-puzzle-dla-dzieci-puzzle","7":"first","8":"instock","9":"taxable","10":"shipping-taxable","11":"product-type-simple"},"aioseo_notices":[],"_links":{"self":[{"href":"https:\/\/games.tactic.net\/pl\/wp-json\/wp\/v2\/product\/643408","targetHints":{"allow":["GET"]}}],"collection":[{"href":"https:\/\/games.tactic.net\/pl\/wp-json\/wp\/v2\/product"}],"about":[{"href":"https:\/\/games.tactic.net\/pl\/wp-json\/wp\/v2\/types\/product"}],"wp:attachment":[{"href":"https:\/\/games.tactic.net\/pl\/wp-json\/wp\/v2\/media?parent=643408"}],"wp:term":[{"taxonomy":"product_brand","embeddable":true,"href":"https:\/\/games.tactic.net\/pl\/wp-json\/wp\/v2\/product_brand?post=643408"},{"taxonomy":"product_cat","embeddable":true,"href":"https:\/\/games.tactic.net\/pl\/wp-json\/wp\/v2\/product_cat?post=643408"},{"taxonomy":"product_tag","embeddable":true,"href":"https:\/\/games.tactic.net\/pl\/wp-json\/wp\/v2\/product_tag?post=643408"},{"taxonomy":"brand","embeddable":true,"href":"https:\/\/games.tactic.net\/pl\/wp-json\/wp\/v2\/brand?post=643408"},{"taxonomy":"target-group","embeddable":true,"href":"https:\/\/games.tactic.net\/pl\/wp-json\/wp\/v2\/target-group?post=643408"},{"taxonomy":"discontinued","embeddable":true,"href":"https:\/\/games.tactic.net\/pl\/wp-json\/wp\/v2\/discontinued?post=643408"}],"curies":[{"name":"wp","href":"https:\/\/api.w.org\/{rel}","templated":true}]}}