{"id":643407,"date":"2022-10-18T13:56:57","date_gmt":"2022-10-18T10:56:57","guid":{"rendered":"http:\/\/games.tactic.net\/tuote\/larsen-solar-system-maxi-pl\/"},"modified":"2023-10-16T14:28:01","modified_gmt":"2023-10-16T11:28:01","slug":"larsen-solar-system-maxi-pl","status":"publish","type":"product","link":"https:\/\/games.tactic.net\/pl\/tuote\/larsen-solar-system-maxi-pl\/","title":{"rendered":"Larsen Maxi Solar System 70 el. uk\u0142adanka"},"content":{"rendered":"<p>Uk\u0142adanka Maxi (36.5&#215;28.5 cm) z grubej tektury ze specjalnymi kszta\u0142tami, dzi\u0119ki kt\u00f3rym uczymy si\u0119 nie tylko cierpliwo\u015bci ale te\u017c j\u0119zyk\u00f3w, matematyki, geografii oraz wiedzy og\u00f3lnej. Czy b\u0119dziesz ta\u0144czy\u0107 taniec S\u0142o\u0144ca podczas okresu orbitalnego planet, czy te\u017c b\u0119dziesz wpatrywa\u0107 si\u0119 w gwiazdy? Ta hipnotyzuj\u0105ca uk\u0142adanka z Uk\u0142adem S\u0142onecznym jest wysoce edukacyjna i wzmocni oraz rozwinie naukow\u0105 wiedz\u0119 Twojego dziecka o Uk\u0142adzie S\u0142onecznym. Historyczne i naukowe fakty s\u0105 rozsiane po ca\u0142ej uk\u0142adance, dzi\u0119ki czemu Twoje dziecko mo\u017ce dowiedzie\u0107 si\u0119 o \u015brednicy ka\u017cdej planety, okresie orbitalnym i odleg\u0142o\u015bci od s\u0142o\u0144ca. 5 planet kar\u0142owatych, w tym Eris, Makemake, Haumea, Ceres i Pluton s\u0105 r\u00f3wnie\u017c pokazane, tylko ze \u015brednic\u0105 i okresem orbitalnym. Uk\u0142adanka sk\u0142ada si\u0119 z 70 kawa\u0142k\u00f3w w tradycyjnym stylu puzzli. Wszystkie s\u0105 podobnie wyci\u0119te. Dzi\u0119ki tradycyjnemu stylowi i faktom naukowym, ta uk\u0142adanka najlepiej nadaje si\u0119 dla nieco starszych dzieci rozwijaj\u0105cych swoj\u0105 wiedz\u0119 o uk\u0142adzie s\u0142onecznym. Firma Larsen od 75 lat tworzy wysokiej jako\u015bci uk\u0142adanki z grubej (4mm) tektury. Nasz\u0105 ide\u0105 zawsze by\u0142o tworzenie wysokiej jako\u015bci produkt\u00f3w dla dzieci, kt\u00f3re s\u0105 zar\u00f3wno zabawne, jak i edukacyjne. Znajdujemy si\u0119 w Flekkefjord, idyllicznym miasteczku w po\u0142udniowej Norwegii, w po\u0142owie drogi mi\u0119dzy Kristiansand i Stavanger. Cieszymy si\u0119 \u017ce, dzi\u0119ki wsp\u00f3\u0142pracy z fi\u0144ska firm\u0105 Tactic Oy, mo\u017cemy oferowa\u0107 Pa\u0144stwu najwy\u017csz\u0105 jako\u015b\u0107 r\u00f3wnie\u017c w Polsce. Uk\u0142adanki Larsen odznaczaj\u0105 si\u0119 -nietypowymi i jedynymi w swoim rodzaju wykrojnikami, kt\u00f3re sprawiaj\u0105 wielk\u0105 przyjemno\u015b\u0107 z uk\u0142adania. -produkcj\u0105 w Norwegii i wysok\u0105 jako\u015bci\u0105. -starann\u0105 selekcj\u0105 obrazk\u00f3w dla ka\u017cdego wieku -edukacyjnym charakterem uk\u0142adanek -zlokalizowanymi wzorami na wiele rynk\u00f3w.<\/p>\n","protected":false},"excerpt":{"rendered":"<p>Uk\u0142adanka Maxi (36.5&#215;28.5 cm) z grubej tektury ze specjalnymi kszta\u0142tami, dzi\u0119ki kt\u00f3rym uczymy si\u0119 nie tylko cierpliwo\u015bci ale te\u017c j\u0119zyk\u00f3w, matematyki, geografii oraz wiedzy og\u00f3lnej. Czy b\u0119dziesz ta\u0144czy\u0107 taniec S\u0142o\u0144ca podczas okresu orbitalnego planet, czy te\u017c b\u0119dziesz wpatrywa\u0107 si\u0119 w gwiazdy? Ta hipnotyzuj\u0105ca uk\u0142adanka z Uk\u0142adem S\u0142onecznym jest wysoce edukacyjna i wzmocni oraz rozwinie naukow\u0105 [&hellip;]<\/p>\n","protected":false},"featured_media":0,"template":"","meta":{"content-type":"","_monsterinsights_skip_tracking":false,"_monsterinsights_sitenote_active":false,"_monsterinsights_sitenote_note":"","_monsterinsights_sitenote_category":0},"product_brand":[],"product_cat":[1793],"product_tag":[],"brand":[],"target-group":[],"discontinued":[],"class_list":{"0":"post-643407","1":"product","2":"type-product","3":"status-publish","5":"product_cat-puzzle-dla-dzieci-puzzle","7":"first","8":"outofstock","9":"taxable","10":"shipping-taxable","11":"product-type-simple"},"aioseo_notices":[],"_links":{"self":[{"href":"https:\/\/games.tactic.net\/pl\/wp-json\/wp\/v2\/product\/643407","targetHints":{"allow":["GET"]}}],"collection":[{"href":"https:\/\/games.tactic.net\/pl\/wp-json\/wp\/v2\/product"}],"about":[{"href":"https:\/\/games.tactic.net\/pl\/wp-json\/wp\/v2\/types\/product"}],"wp:attachment":[{"href":"https:\/\/games.tactic.net\/pl\/wp-json\/wp\/v2\/media?parent=643407"}],"wp:term":[{"taxonomy":"product_brand","embeddable":true,"href":"https:\/\/games.tactic.net\/pl\/wp-json\/wp\/v2\/product_brand?post=643407"},{"taxonomy":"product_cat","embeddable":true,"href":"https:\/\/games.tactic.net\/pl\/wp-json\/wp\/v2\/product_cat?post=643407"},{"taxonomy":"product_tag","embeddable":true,"href":"https:\/\/games.tactic.net\/pl\/wp-json\/wp\/v2\/product_tag?post=643407"},{"taxonomy":"brand","embeddable":true,"href":"https:\/\/games.tactic.net\/pl\/wp-json\/wp\/v2\/brand?post=643407"},{"taxonomy":"target-group","embeddable":true,"href":"https:\/\/games.tactic.net\/pl\/wp-json\/wp\/v2\/target-group?post=643407"},{"taxonomy":"discontinued","embeddable":true,"href":"https:\/\/games.tactic.net\/pl\/wp-json\/wp\/v2\/discontinued?post=643407"}],"curies":[{"name":"wp","href":"https:\/\/api.w.org\/{rel}","templated":true}]}}