{"id":643406,"date":"2022-10-18T13:56:16","date_gmt":"2022-10-18T10:56:16","guid":{"rendered":"http:\/\/games.tactic.net\/tuote\/larsen-our-climate-and-greenhouse-effect-maxi-pl\/"},"modified":"2023-10-19T16:20:18","modified_gmt":"2023-10-19T13:20:18","slug":"larsen-our-climate-and-greenhouse-effect-maxi-pl","status":"publish","type":"product","link":"https:\/\/games.tactic.net\/pl\/tuote\/larsen-our-climate-and-greenhouse-effect-maxi-pl\/","title":{"rendered":"Larsen Maxi Our Climate and Greenhouse Effect 69 el. uk\u0142adanka"},"content":{"rendered":"<p>Uk\u0142adanka Maxi (36.5&#215;28.5 cm) z grubej tektury ze specjalnymi kszta\u0142tami, dzi\u0119ki kt\u00f3rym uczymy si\u0119 nie tylko cierpliwo\u015bci ale te\u017c j\u0119zyk\u00f3w, matematyki, geografii oraz wiedzy og\u00f3lnej. Na przestrzeni lat i ca\u0142ej historii nasz klimat si\u0119 zmienia\u0142. Efekt cieplarniany to naturalny proces, kt\u00f3ry ogrzewa powierzchni\u0119 Ziemi. Kiedy energia s\u0142oneczna dociera do atmosfery Ziemi, cz\u0119\u015b\u0107 z niej jest odbijana z powrotem w przestrze\u0144, a reszta jest poch\u0142aniana i ponownie wypromieniowywana przez gazy cieplarniane. Jest to pokazane na ilustracji w ramach tej uk\u0142adanki. Dowiesz si\u0119 wszystkiego o atmosferze, dwutlenku w\u0119gla z samochod\u00f3w i innych form transportu oraz o potrzebach ro\u015blin. Puzzle pokazuj\u0105, jak ciep\u0142o s\u0142oneczne jest zatrzymywane i zwracane na ziemi\u0119 przez gazy cieplarniane w atmosferze. Pokazuje, jak zwierz\u0119ta potrzebuj\u0105 ro\u015blin do jedzenia i oddychania. Bez \u015bwiat\u0142a s\u0142onecznego ro\u015bliny nie b\u0119d\u0105 rosn\u0105\u0107, a zatem nie spowoduj\u0105 reprodukcji ludzi lub zwierz\u0105t, poniewa\u017c ro\u015bliny uwalniaj\u0105 tlen dla nas wszystkich, aby oddycha\u0107. Uk\u0142adanka dostarczana jest w komplecie z 69 wyci\u0119tymi w specjalny spos\u00f3b elementami i najlepiej nadaj\u0105 si\u0119 dla nieco starszych dzieci ucz\u0105cych si\u0119 o naszym klimacie. Firma Larsen od 75 lat tworzy wysokiej jako\u015bci uk\u0142adanki z grubej (4mm) tektury. Nasz\u0105 ide\u0105 zawsze by\u0142o tworzenie wysokiej jako\u015bci produkt\u00f3w dla dzieci, kt\u00f3re s\u0105 zar\u00f3wno zabawne, jak i edukacyjne. Znajdujemy si\u0119 w Flekkefjord, idyllicznym miasteczku w po\u0142udniowej Norwegii, w po\u0142owie drogi mi\u0119dzy Kristiansand i Stavanger. Cieszymy si\u0119 \u017ce, dzi\u0119ki wsp\u00f3\u0142pracy z fi\u0144ska firm\u0105 Tactic Oy, mo\u017cemy oferowa\u0107 Pa\u0144stwu najwy\u017csz\u0105 jako\u015b\u0107 r\u00f3wnie\u017c w Polsce. Uk\u0142adanki Larsen odznaczaj\u0105 si\u0119 -nietypowymi i jedynymi w swoim rodzaju wykrojnikami, kt\u00f3re sprawiaj\u0105 wielk\u0105 przyjemno\u015b\u0107 z uk\u0142adania. -produkcj\u0105 w Norwegii i wysok\u0105 jako\u015bci\u0105. -starann\u0105 selekcj\u0105 obrazk\u00f3w dla ka\u017cdego wieku -edukacyjnym charakterem uk\u0142adanek -zlokalizowanymi wzorami na wiele rynk\u00f3w.<\/p>\n","protected":false},"excerpt":{"rendered":"<p>Uk\u0142adanka Maxi (36.5&#215;28.5 cm) z grubej tektury ze specjalnymi kszta\u0142tami, dzi\u0119ki kt\u00f3rym uczymy si\u0119 nie tylko cierpliwo\u015bci ale te\u017c j\u0119zyk\u00f3w, matematyki, geografii oraz wiedzy og\u00f3lnej. Na przestrzeni lat i ca\u0142ej historii nasz klimat si\u0119 zmienia\u0142. Efekt cieplarniany to naturalny proces, kt\u00f3ry ogrzewa powierzchni\u0119 Ziemi. Kiedy energia s\u0142oneczna dociera do atmosfery Ziemi, cz\u0119\u015b\u0107 z niej jest [&hellip;]<\/p>\n","protected":false},"featured_media":0,"template":"","meta":{"content-type":"","_monsterinsights_skip_tracking":false,"_monsterinsights_sitenote_active":false,"_monsterinsights_sitenote_note":"","_monsterinsights_sitenote_category":0},"product_brand":[],"product_cat":[1793],"product_tag":[],"brand":[],"target-group":[],"discontinued":[],"class_list":{"0":"post-643406","1":"product","2":"type-product","3":"status-publish","5":"product_cat-puzzle-dla-dzieci-puzzle","7":"first","8":"instock","9":"taxable","10":"shipping-taxable","11":"product-type-simple"},"aioseo_notices":[],"_links":{"self":[{"href":"https:\/\/games.tactic.net\/pl\/wp-json\/wp\/v2\/product\/643406","targetHints":{"allow":["GET"]}}],"collection":[{"href":"https:\/\/games.tactic.net\/pl\/wp-json\/wp\/v2\/product"}],"about":[{"href":"https:\/\/games.tactic.net\/pl\/wp-json\/wp\/v2\/types\/product"}],"wp:attachment":[{"href":"https:\/\/games.tactic.net\/pl\/wp-json\/wp\/v2\/media?parent=643406"}],"wp:term":[{"taxonomy":"product_brand","embeddable":true,"href":"https:\/\/games.tactic.net\/pl\/wp-json\/wp\/v2\/product_brand?post=643406"},{"taxonomy":"product_cat","embeddable":true,"href":"https:\/\/games.tactic.net\/pl\/wp-json\/wp\/v2\/product_cat?post=643406"},{"taxonomy":"product_tag","embeddable":true,"href":"https:\/\/games.tactic.net\/pl\/wp-json\/wp\/v2\/product_tag?post=643406"},{"taxonomy":"brand","embeddable":true,"href":"https:\/\/games.tactic.net\/pl\/wp-json\/wp\/v2\/brand?post=643406"},{"taxonomy":"target-group","embeddable":true,"href":"https:\/\/games.tactic.net\/pl\/wp-json\/wp\/v2\/target-group?post=643406"},{"taxonomy":"discontinued","embeddable":true,"href":"https:\/\/games.tactic.net\/pl\/wp-json\/wp\/v2\/discontinued?post=643406"}],"curies":[{"name":"wp","href":"https:\/\/api.w.org\/{rel}","templated":true}]}}