{"id":643404,"date":"2022-10-18T13:55:04","date_gmt":"2022-10-18T10:55:04","guid":{"rendered":"http:\/\/games.tactic.net\/tuote\/larsen-abc-puzzle-maxi-pl\/"},"modified":"2023-10-19T15:06:59","modified_gmt":"2023-10-19T12:06:59","slug":"larsen-abc-puzzle-maxi-pl","status":"publish","type":"product","link":"https:\/\/games.tactic.net\/pl\/tuote\/larsen-abc-puzzle-maxi-pl\/","title":{"rendered":"Larsen Maxi ABC 29 el. uk\u0142adanka"},"content":{"rendered":"<p>Uk\u0142adanka Maxi (36.5&#215;28.5 cm) z grubej tektury ze specjalnymi kszta\u0142tami, dzi\u0119ki kt\u00f3rym uczymy si\u0119 nie tylko cierpliwo\u015bci ale te\u017c j\u0119zyk\u00f3w, matematyki, geografii oraz wiedzy og\u00f3lnej. Dzi\u0119ki tej uk\u0142adance dzieci poznaj\u0105 wielkie litery i alfabet, a tak\u017ce ucz\u0105 si\u0119 wymawia\u0107 pierwszy d\u017awi\u0119k w s\u0142owach zaczynaj\u0105cych si\u0119 na ka\u017cd\u0105 liter\u0119. Uk\u0142adanka ma 29 element\u00f3w, a na ka\u017cdym elemencie jest jedna literka. Na ramce pod ka\u017cdym kawa\u0142kiem znajduje si\u0119 obrazek ilustruj\u0105cy s\u0142owo, kt\u00f3re zaczyna si\u0119 od danej litery. Wszystkie elementy uk\u0142adanki s\u0105 r\u00f3\u017cne, mimo \u017ce wygl\u0105daj\u0105 tak samo, pasuj\u0105 tylko w odpowiednim miejscu. Dzi\u0119ki takiej uk\u0142adance dziecko mo\u017ce pr\u00f3bowa\u0107 i \u0107wiczy\u0107 cierpliwo\u015b\u0107. Mo\u017ce pracowa\u0107 we w\u0142asnym tempie, koncentrowa\u0107 si\u0119 i w ko\u0144cu uczy si\u0119 coraz wi\u0119cej. Je\u015bli same dzieci s\u0105 zainteresowane, mog\u0105 zacz\u0105\u0107 nauk\u0119 liter od trzeciego roku \u017cycia. Firma Larsen od 75 lat tworzy wysokiej jako\u015bci uk\u0142adanki z grubej (4mm) tektury. Nasz\u0105 ide\u0105 zawsze by\u0142o tworzenie wysokiej jako\u015bci produkt\u00f3w dla dzieci, kt\u00f3re s\u0105 zar\u00f3wno zabawne, jak i edukacyjne. Znajdujemy si\u0119 w Flekkefjord, idyllicznym miasteczku w po\u0142udniowej Norwegii, w po\u0142owie drogi mi\u0119dzy Kristiansand i Stavanger. Cieszymy si\u0119 \u017ce, dzi\u0119ki wsp\u00f3\u0142pracy z fi\u0144ska firm\u0105 Tactic Oy, mo\u017cemy oferowa\u0107 Pa\u0144stwu najwy\u017csz\u0105 jako\u015b\u0107 r\u00f3wnie\u017c w Polsce. Uk\u0142adanki Larsen odznaczaj\u0105 si\u0119 -nietypowymi i jedynymi w swoim rodzaju wykrojnikami, kt\u00f3re sprawiaj\u0105 wielk\u0105 przyjemno\u015b\u0107 z uk\u0142adania. -produkcj\u0105 w Norwegii i wysok\u0105 jako\u015bci\u0105. -starann\u0105 selekcj\u0105 obrazk\u00f3w dla ka\u017cdego wieku -edukacyjnym charakterem uk\u0142adanek -zlokalizowanymi wzorami na wiele rynk\u00f3w.<\/p>\n","protected":false},"excerpt":{"rendered":"<p>Uk\u0142adanka Maxi (36.5&#215;28.5 cm) z grubej tektury ze specjalnymi kszta\u0142tami, dzi\u0119ki kt\u00f3rym uczymy si\u0119 nie tylko cierpliwo\u015bci ale te\u017c j\u0119zyk\u00f3w, matematyki, geografii oraz wiedzy og\u00f3lnej. Dzi\u0119ki tej uk\u0142adance dzieci poznaj\u0105 wielkie litery i alfabet, a tak\u017ce ucz\u0105 si\u0119 wymawia\u0107 pierwszy d\u017awi\u0119k w s\u0142owach zaczynaj\u0105cych si\u0119 na ka\u017cd\u0105 liter\u0119. Uk\u0142adanka ma 29 element\u00f3w, a na ka\u017cdym [&hellip;]<\/p>\n","protected":false},"featured_media":0,"template":"","meta":{"content-type":"","_monsterinsights_skip_tracking":false,"_monsterinsights_sitenote_active":false,"_monsterinsights_sitenote_note":"","_monsterinsights_sitenote_category":0},"product_brand":[],"product_cat":[1793],"product_tag":[],"brand":[],"target-group":[],"discontinued":[],"class_list":{"0":"post-643404","1":"product","2":"type-product","3":"status-publish","5":"product_cat-puzzle-dla-dzieci-puzzle","7":"first","8":"instock","9":"taxable","10":"shipping-taxable","11":"product-type-simple"},"aioseo_notices":[],"_links":{"self":[{"href":"https:\/\/games.tactic.net\/pl\/wp-json\/wp\/v2\/product\/643404","targetHints":{"allow":["GET"]}}],"collection":[{"href":"https:\/\/games.tactic.net\/pl\/wp-json\/wp\/v2\/product"}],"about":[{"href":"https:\/\/games.tactic.net\/pl\/wp-json\/wp\/v2\/types\/product"}],"wp:attachment":[{"href":"https:\/\/games.tactic.net\/pl\/wp-json\/wp\/v2\/media?parent=643404"}],"wp:term":[{"taxonomy":"product_brand","embeddable":true,"href":"https:\/\/games.tactic.net\/pl\/wp-json\/wp\/v2\/product_brand?post=643404"},{"taxonomy":"product_cat","embeddable":true,"href":"https:\/\/games.tactic.net\/pl\/wp-json\/wp\/v2\/product_cat?post=643404"},{"taxonomy":"product_tag","embeddable":true,"href":"https:\/\/games.tactic.net\/pl\/wp-json\/wp\/v2\/product_tag?post=643404"},{"taxonomy":"brand","embeddable":true,"href":"https:\/\/games.tactic.net\/pl\/wp-json\/wp\/v2\/brand?post=643404"},{"taxonomy":"target-group","embeddable":true,"href":"https:\/\/games.tactic.net\/pl\/wp-json\/wp\/v2\/target-group?post=643404"},{"taxonomy":"discontinued","embeddable":true,"href":"https:\/\/games.tactic.net\/pl\/wp-json\/wp\/v2\/discontinued?post=643404"}],"curies":[{"name":"wp","href":"https:\/\/api.w.org\/{rel}","templated":true}]}}