{"id":643403,"date":"2022-10-18T13:54:28","date_gmt":"2022-10-18T10:54:28","guid":{"rendered":"http:\/\/games.tactic.net\/tuote\/larsen-flag-puzzle-maxi-pl\/"},"modified":"2023-10-16T14:23:37","modified_gmt":"2023-10-16T11:23:37","slug":"larsen-flag-puzzle-maxi-pl","status":"publish","type":"product","link":"https:\/\/games.tactic.net\/pl\/tuote\/larsen-flag-puzzle-maxi-pl\/","title":{"rendered":"Larsen Maxi Flag 80 el. uk\u0142adanka"},"content":{"rendered":"<p>Uk\u0142adanka Maxi (36.5&#215;28.5 cm) z grubej tektury ze specjalnymi kszta\u0142tami, dzi\u0119ki kt\u00f3rym uczymy si\u0119 nie tylko cierpliwo\u015bci ale te\u017c j\u0119zyk\u00f3w, matematyki, geografii oraz wiedzy og\u00f3lnej. Czy mo\u017cesz znale\u017a\u0107 swoj\u0105 ulubion\u0105 flag\u0119 w tej 80-elementowej uk\u0142adance z flagami \u015bwiata? Ta klasyczna uk\u0142adanka z flag\u0105 zawiera kraj i stolic\u0119 na ka\u017cdym kawa\u0142ku. W zestawie znajduje si\u0119 quiz w stylu pytanie i odpowied\u017a, gdzie flaga to pytanie, a nazwa kraju znajduje si\u0119 na ramce. Ta technika dodaje elementy wyzwania i zach\u0119ca do \u0107wiczenia umiej\u0119tno\u015bci pami\u0119ciowych. W tej uk\u0142adance znajduj\u0105 si\u0119 r\u00f3\u017cne kraje i kontynenty z ca\u0142ego \u015bwiata. Ma na celu umo\u017cliwienie Twojemu dziecku zdobycia i zwi\u0119kszenia wiedzy geograficznej i jest skierowana g\u0142\u00f3wnie do nieco starszych dzieci. Firma Larsen od 75 lat tworzy wysokiej jako\u015bci uk\u0142adanki z grubej (4mm) tektury. Nasz\u0105 ide\u0105 zawsze by\u0142o tworzenie wysokiej jako\u015bci produkt\u00f3w dla dzieci, kt\u00f3re s\u0105 zar\u00f3wno zabawne, jak i edukacyjne. Znajdujemy si\u0119 w Flekkefjord, idyllicznym miasteczku w po\u0142udniowej Norwegii, w po\u0142owie drogi mi\u0119dzy Kristiansand i Stavanger. Cieszymy si\u0119 \u017ce, dzi\u0119ki wsp\u00f3\u0142pracy z fi\u0144ska firm\u0105 Tactic Oy, mo\u017cemy oferowa\u0107 Pa\u0144stwu najwy\u017csz\u0105 jako\u015b\u0107 r\u00f3wnie\u017c w Polsce. Uk\u0142adanki Larsen odznaczaj\u0105 si\u0119 -nietypowymi i jedynymi w swoim rodzaju wykrojnikami, kt\u00f3re sprawiaj\u0105 wielk\u0105 przyjemno\u015b\u0107 z uk\u0142adania. -produkcj\u0105 w Norwegii i wysok\u0105 jako\u015bci\u0105. -starann\u0105 selekcj\u0105 obrazk\u00f3w dla ka\u017cdego wieku -edukacyjnym charakterem uk\u0142adanek -zlokalizowanymi wzorami na wiele rynk\u00f3w.<\/p>\n","protected":false},"excerpt":{"rendered":"<p>Uk\u0142adanka Maxi (36.5&#215;28.5 cm) z grubej tektury ze specjalnymi kszta\u0142tami, dzi\u0119ki kt\u00f3rym uczymy si\u0119 nie tylko cierpliwo\u015bci ale te\u017c j\u0119zyk\u00f3w, matematyki, geografii oraz wiedzy og\u00f3lnej. Czy mo\u017cesz znale\u017a\u0107 swoj\u0105 ulubion\u0105 flag\u0119 w tej 80-elementowej uk\u0142adance z flagami \u015bwiata? Ta klasyczna uk\u0142adanka z flag\u0105 zawiera kraj i stolic\u0119 na ka\u017cdym kawa\u0142ku. W zestawie znajduje si\u0119 quiz [&hellip;]<\/p>\n","protected":false},"featured_media":0,"template":"","meta":{"content-type":"","_monsterinsights_skip_tracking":false,"_monsterinsights_sitenote_active":false,"_monsterinsights_sitenote_note":"","_monsterinsights_sitenote_category":0},"product_brand":[],"product_cat":[1793],"product_tag":[],"brand":[],"target-group":[],"discontinued":[],"class_list":{"0":"post-643403","1":"product","2":"type-product","3":"status-publish","5":"product_cat-puzzle-dla-dzieci-puzzle","7":"first","8":"instock","9":"taxable","10":"shipping-taxable","11":"product-type-simple"},"aioseo_notices":[],"_links":{"self":[{"href":"https:\/\/games.tactic.net\/pl\/wp-json\/wp\/v2\/product\/643403","targetHints":{"allow":["GET"]}}],"collection":[{"href":"https:\/\/games.tactic.net\/pl\/wp-json\/wp\/v2\/product"}],"about":[{"href":"https:\/\/games.tactic.net\/pl\/wp-json\/wp\/v2\/types\/product"}],"wp:attachment":[{"href":"https:\/\/games.tactic.net\/pl\/wp-json\/wp\/v2\/media?parent=643403"}],"wp:term":[{"taxonomy":"product_brand","embeddable":true,"href":"https:\/\/games.tactic.net\/pl\/wp-json\/wp\/v2\/product_brand?post=643403"},{"taxonomy":"product_cat","embeddable":true,"href":"https:\/\/games.tactic.net\/pl\/wp-json\/wp\/v2\/product_cat?post=643403"},{"taxonomy":"product_tag","embeddable":true,"href":"https:\/\/games.tactic.net\/pl\/wp-json\/wp\/v2\/product_tag?post=643403"},{"taxonomy":"brand","embeddable":true,"href":"https:\/\/games.tactic.net\/pl\/wp-json\/wp\/v2\/brand?post=643403"},{"taxonomy":"target-group","embeddable":true,"href":"https:\/\/games.tactic.net\/pl\/wp-json\/wp\/v2\/target-group?post=643403"},{"taxonomy":"discontinued","embeddable":true,"href":"https:\/\/games.tactic.net\/pl\/wp-json\/wp\/v2\/discontinued?post=643403"}],"curies":[{"name":"wp","href":"https:\/\/api.w.org\/{rel}","templated":true}]}}