{"id":643402,"date":"2022-10-18T13:53:50","date_gmt":"2022-10-18T10:53:50","guid":{"rendered":"http:\/\/games.tactic.net\/tuote\/larsen-poland-physical-map-maxi\/"},"modified":"2023-10-19T16:21:51","modified_gmt":"2023-10-19T13:21:51","slug":"larsen-poland-physical-map-maxi","status":"publish","type":"product","link":"https:\/\/games.tactic.net\/pl\/tuote\/larsen-poland-physical-map-maxi\/","title":{"rendered":"Larsen Maxi Poland Physical Map 61 el. uk\u0142adanka"},"content":{"rendered":"<p>Uk\u0142adanka Maxi (36.5&#215;28.5 cm) z grubej tektury ze specjalnymi kszta\u0142tami, dzi\u0119ki kt\u00f3rym uczymy si\u0119 nie tylko cierpliwo\u015bci ale te\u017c j\u0119zyk\u00f3w, matematyki, geografii oraz wiedzy og\u00f3lnej. Poznaj Polsk\u0119 dzi\u0119ki tej dekoracyjnej uk\u0142adance z map\u0105. Na mapie fizycznej znajduj\u0105 si\u0119 nazwy miast, rzek, jezior, krain i pasm g\u00f3rskich. Najwy\u017csze szczyty g\u00f3rskie s\u0105 oznaczone wysoko\u015bci\u0105 w metrach. Niekt\u00f3re kawa\u0142ki maj\u0105 ciekawe kszta\u0142ty np. dzianinowej czapki, sa\u0144. Uk\u0142adanka z 61 elementami najlepiej nadaje si\u0119 dla nieco starszych dzieci, ale r\u00f3wnie\u017c doro\u015bli mog\u0105 czerpa\u0107 przyjemno\u015b\u0107 z uk\u0142adania. Dobrym pomys\u0142em jest przestudiowanie mapy przed wyj\u0119ciem element\u00f3w z ramki i czytanie tego, co jest napisane na elementach podczas uk\u0142adania puzzli, wtedy wkr\u00f3tce b\u0119dziesz uczy\u0142 si\u0119 geografii Polski. Wok\u00f3\u0142 mapy znajduj\u0105 si\u0119 \u0142adne rysunki zwierz\u0105t \u017cyj\u0105cych w pi\u0119knej polskiej przyrodzie. Firma Larsen od 75 lat tworzy wysokiej jako\u015bci uk\u0142adanki z grubej (4mm) tektury. Nasz\u0105 ide\u0105 zawsze by\u0142o tworzenie wysokiej jako\u015bci produkt\u00f3w dla dzieci, kt\u00f3re s\u0105 zar\u00f3wno zabawne, jak i edukacyjne. Znajdujemy si\u0119 w Flekkefjord, idyllicznym miasteczku w po\u0142udniowej Norwegii, w po\u0142owie drogi mi\u0119dzy Kristiansand i Stavanger. Cieszymy si\u0119 \u017ce, dzi\u0119ki wsp\u00f3\u0142pracy z fi\u0144ska firm\u0105 Tactic Oy, mo\u017cemy oferowa\u0107 Pa\u0144stwu najwy\u017csz\u0105 jako\u015b\u0107 r\u00f3wnie\u017c w Polsce. Uk\u0142adanki Larsen odznaczaj\u0105 si\u0119 -nietypowymi i jedynymi w swoim rodzaju wykrojnikami, kt\u00f3re sprawiaj\u0105 wielk\u0105 przyjemno\u015b\u0107 z uk\u0142adania. -produkcj\u0105 w Norwegii i wysok\u0105 jako\u015bci\u0105. -starann\u0105 selekcj\u0105 obrazk\u00f3w dla ka\u017cdego wieku -edukacyjnym charakterem uk\u0142adanek -zlokalizowanymi wzorami na wiele rynk\u00f3w.<\/p>\n","protected":false},"excerpt":{"rendered":"<p>Uk\u0142adanka Maxi (36.5&#215;28.5 cm) z grubej tektury ze specjalnymi kszta\u0142tami, dzi\u0119ki kt\u00f3rym uczymy si\u0119 nie tylko cierpliwo\u015bci ale te\u017c j\u0119zyk\u00f3w, matematyki, geografii oraz wiedzy og\u00f3lnej. Poznaj Polsk\u0119 dzi\u0119ki tej dekoracyjnej uk\u0142adance z map\u0105. Na mapie fizycznej znajduj\u0105 si\u0119 nazwy miast, rzek, jezior, krain i pasm g\u00f3rskich. Najwy\u017csze szczyty g\u00f3rskie s\u0105 oznaczone wysoko\u015bci\u0105 w metrach. Niekt\u00f3re [&hellip;]<\/p>\n","protected":false},"featured_media":0,"template":"","meta":{"content-type":"","_monsterinsights_skip_tracking":false,"_monsterinsights_sitenote_active":false,"_monsterinsights_sitenote_note":"","_monsterinsights_sitenote_category":0},"product_brand":[],"product_cat":[1793],"product_tag":[],"brand":[],"target-group":[],"discontinued":[],"class_list":{"0":"post-643402","1":"product","2":"type-product","3":"status-publish","5":"product_cat-puzzle-dla-dzieci-puzzle","7":"first","8":"instock","9":"taxable","10":"shipping-taxable","11":"product-type-simple"},"aioseo_notices":[],"_links":{"self":[{"href":"https:\/\/games.tactic.net\/pl\/wp-json\/wp\/v2\/product\/643402","targetHints":{"allow":["GET"]}}],"collection":[{"href":"https:\/\/games.tactic.net\/pl\/wp-json\/wp\/v2\/product"}],"about":[{"href":"https:\/\/games.tactic.net\/pl\/wp-json\/wp\/v2\/types\/product"}],"wp:attachment":[{"href":"https:\/\/games.tactic.net\/pl\/wp-json\/wp\/v2\/media?parent=643402"}],"wp:term":[{"taxonomy":"product_brand","embeddable":true,"href":"https:\/\/games.tactic.net\/pl\/wp-json\/wp\/v2\/product_brand?post=643402"},{"taxonomy":"product_cat","embeddable":true,"href":"https:\/\/games.tactic.net\/pl\/wp-json\/wp\/v2\/product_cat?post=643402"},{"taxonomy":"product_tag","embeddable":true,"href":"https:\/\/games.tactic.net\/pl\/wp-json\/wp\/v2\/product_tag?post=643402"},{"taxonomy":"brand","embeddable":true,"href":"https:\/\/games.tactic.net\/pl\/wp-json\/wp\/v2\/brand?post=643402"},{"taxonomy":"target-group","embeddable":true,"href":"https:\/\/games.tactic.net\/pl\/wp-json\/wp\/v2\/target-group?post=643402"},{"taxonomy":"discontinued","embeddable":true,"href":"https:\/\/games.tactic.net\/pl\/wp-json\/wp\/v2\/discontinued?post=643402"}],"curies":[{"name":"wp","href":"https:\/\/api.w.org\/{rel}","templated":true}]}}