{"id":643401,"date":"2022-10-18T13:53:21","date_gmt":"2022-10-18T10:53:21","guid":{"rendered":"http:\/\/games.tactic.net\/tuote\/larsen-poland-political-map-maxi\/"},"modified":"2023-10-19T16:21:57","modified_gmt":"2023-10-19T13:21:57","slug":"larsen-poland-political-map-maxi","status":"publish","type":"product","link":"https:\/\/games.tactic.net\/pl\/tuote\/larsen-poland-political-map-maxi\/","title":{"rendered":"Larsen Maxi Poland Political Map 70 el. uk\u0142adanka"},"content":{"rendered":"<p>Uk\u0142adanka Maxi (36.5&#215;28.5 cm) z grubej tektury ze specjalnymi kszta\u0142tami, dzi\u0119ki kt\u00f3rym uczymy si\u0119 nie tylko cierpliwo\u015bci ale te\u017c j\u0119zyk\u00f3w, matematyki, geografii oraz wiedzy og\u00f3lnej. Przestudiuj map\u0119 Polski przed wyj\u0119ciem element\u00f3w tej ciekawej uk\u0142adanki. Regiony Polski maj\u0105 r\u00f3\u017cne kolory, kt\u00f3re wyra\u017anie odr\u00f3\u017cniaj\u0105 je od siebie. Ka\u017cdy region ma swoj\u0105 stolic\u0119, kt\u00f3ra jest zaznaczona na mapie wraz z innymi wi\u0119kszymi miastami, nazwami region\u00f3w, rzek i jezior. Wok\u00f3\u0142 mapy znajduj\u0105 si\u0119 nazwy pa\u0144stw s\u0105siednich, Rosji, Litwy, Bia\u0142orusi, Ukrainy, S\u0142owacji, Czech i Niemiec. Znajdziesz tu r\u00f3wnie\u017c flag\u0119 Polski, god\u0142o pa\u0144stwowe oraz herby najwi\u0119kszych miast. 70 element\u00f3w wygl\u0105da tak samo i uk\u0142adanka najlepiej nadaje si\u0119 dla starszych dzieci i doros\u0142ych. Je\u015bli przyjrzysz si\u0119 kolorom i przeczytasz nazwy, to podczas uk\u0142adania nauczysz si\u0119 sporo geografii. Firma Larsen od 75 lat tworzy wysokiej jako\u015bci uk\u0142adanki z grubej (4mm) tektury. Nasz\u0105 ide\u0105 zawsze by\u0142o tworzenie wysokiej jako\u015bci produkt\u00f3w dla dzieci, kt\u00f3re s\u0105 zar\u00f3wno zabawne, jak i edukacyjne. Znajdujemy si\u0119 w Flekkefjord, idyllicznym miasteczku w po\u0142udniowej Norwegii, w po\u0142owie drogi mi\u0119dzy Kristiansand i Stavanger. Cieszymy si\u0119 \u017ce, dzi\u0119ki wsp\u00f3\u0142pracy z fi\u0144ska firm\u0105 Tactic Oy, mo\u017cemy oferowa\u0107 Pa\u0144stwu najwy\u017csz\u0105 jako\u015b\u0107 r\u00f3wnie\u017c w Polsce. Uk\u0142adanki Larsen odznaczaj\u0105 si\u0119 -nietypowymi i jedynymi w swoim rodzaju wykrojnikami, kt\u00f3re sprawiaj\u0105 wielk\u0105 przyjemno\u015b\u0107 z uk\u0142adania. -produkcj\u0105 w Norwegii i wysok\u0105 jako\u015bci\u0105. -starann\u0105 selekcj\u0105 obrazk\u00f3w dla ka\u017cdego wieku -edukacyjnym charakterem uk\u0142adanek -zlokalizowanymi wzorami na wiele rynk\u00f3w.<\/p>\n","protected":false},"excerpt":{"rendered":"<p>Uk\u0142adanka Maxi (36.5&#215;28.5 cm) z grubej tektury ze specjalnymi kszta\u0142tami, dzi\u0119ki kt\u00f3rym uczymy si\u0119 nie tylko cierpliwo\u015bci ale te\u017c j\u0119zyk\u00f3w, matematyki, geografii oraz wiedzy og\u00f3lnej. Przestudiuj map\u0119 Polski przed wyj\u0119ciem element\u00f3w tej ciekawej uk\u0142adanki. Regiony Polski maj\u0105 r\u00f3\u017cne kolory, kt\u00f3re wyra\u017anie odr\u00f3\u017cniaj\u0105 je od siebie. Ka\u017cdy region ma swoj\u0105 stolic\u0119, kt\u00f3ra jest zaznaczona na mapie [&hellip;]<\/p>\n","protected":false},"featured_media":0,"template":"","meta":{"content-type":"","_monsterinsights_skip_tracking":false,"_monsterinsights_sitenote_active":false,"_monsterinsights_sitenote_note":"","_monsterinsights_sitenote_category":0},"product_brand":[],"product_cat":[1793],"product_tag":[],"brand":[],"target-group":[],"discontinued":[],"class_list":{"0":"post-643401","1":"product","2":"type-product","3":"status-publish","5":"product_cat-puzzle-dla-dzieci-puzzle","7":"first","8":"instock","9":"taxable","10":"shipping-taxable","11":"product-type-simple"},"aioseo_notices":[],"_links":{"self":[{"href":"https:\/\/games.tactic.net\/pl\/wp-json\/wp\/v2\/product\/643401","targetHints":{"allow":["GET"]}}],"collection":[{"href":"https:\/\/games.tactic.net\/pl\/wp-json\/wp\/v2\/product"}],"about":[{"href":"https:\/\/games.tactic.net\/pl\/wp-json\/wp\/v2\/types\/product"}],"wp:attachment":[{"href":"https:\/\/games.tactic.net\/pl\/wp-json\/wp\/v2\/media?parent=643401"}],"wp:term":[{"taxonomy":"product_brand","embeddable":true,"href":"https:\/\/games.tactic.net\/pl\/wp-json\/wp\/v2\/product_brand?post=643401"},{"taxonomy":"product_cat","embeddable":true,"href":"https:\/\/games.tactic.net\/pl\/wp-json\/wp\/v2\/product_cat?post=643401"},{"taxonomy":"product_tag","embeddable":true,"href":"https:\/\/games.tactic.net\/pl\/wp-json\/wp\/v2\/product_tag?post=643401"},{"taxonomy":"brand","embeddable":true,"href":"https:\/\/games.tactic.net\/pl\/wp-json\/wp\/v2\/brand?post=643401"},{"taxonomy":"target-group","embeddable":true,"href":"https:\/\/games.tactic.net\/pl\/wp-json\/wp\/v2\/target-group?post=643401"},{"taxonomy":"discontinued","embeddable":true,"href":"https:\/\/games.tactic.net\/pl\/wp-json\/wp\/v2\/discontinued?post=643401"}],"curies":[{"name":"wp","href":"https:\/\/api.w.org\/{rel}","templated":true}]}}