{"id":643400,"date":"2022-10-18T13:52:39","date_gmt":"2022-10-18T10:52:39","guid":{"rendered":"http:\/\/games.tactic.net\/tuote\/larsen-the-europe-physical-maxi-pl\/"},"modified":"2023-10-16T14:28:36","modified_gmt":"2023-10-16T11:28:36","slug":"larsen-the-europe-physical-maxi-pl","status":"publish","type":"product","link":"https:\/\/games.tactic.net\/pl\/tuote\/larsen-the-europe-physical-maxi-pl\/","title":{"rendered":"Larsen Maxi The Europe Physical 87 el. uk\u0142adanka"},"content":{"rendered":"<p>Uk\u0142adanka Maxi (36.5&#215;28.5 cm) z grubej tektury ze specjalnymi kszta\u0142tami, dzi\u0119ki kt\u00f3rym uczymy si\u0119 nie tylko cierpliwo\u015bci ale te\u017c j\u0119zyk\u00f3w, matematyki, geografii oraz wiedzy og\u00f3lnej. Fajnie jest uczy\u0107 si\u0119 o Europie z t\u0105 uk\u0142adank\u0105, kt\u00f3ra ma 87 element\u00f3w i jest przeznaczona dla starszych dzieci. Kawa\u0142ki s\u0105 wyci\u0119te wzd\u0142u\u017c linii brzegowych i granic l\u0105dowych, a niekt\u00f3re z nich maj\u0105 kszta\u0142ty takie jak ryby, ptaki, wieloryby i nied\u017awied\u017a polarny. W poprzek mapy Francji znajduje si\u0119 jeden kawa\u0142ek w kszta\u0142cie wie\u017cy Eiffla. Na mapie znajdziesz nazwy g\u0142\u00f3wnych miast, rzek, jezior, pasm g\u00f3rskich, wysp, l\u0105d\u00f3w i m\u00f3rz. Wysoko\u015bci g\u00f3r i g\u0142\u0119boko\u015bci m\u00f3rz podane s\u0105 w liczbie metr\u00f3w. Po drugiej stronie Atlantyku znajduj\u0105 si\u0119 pi\u0119kne rysunki ptak\u00f3w i ryb, kt\u00f3re tu \u017cyj\u0105. Dzi\u0119ki takim \u0142amig\u0142\u00f3wkom uczysz si\u0119 geografii w zabawny i skuteczny spos\u00f3b. Firma Larsen od 75 lat tworzy wysokiej jako\u015bci uk\u0142adanki z grubej (4mm) tektury. Nasz\u0105 ide\u0105 zawsze by\u0142o tworzenie wysokiej jako\u015bci produkt\u00f3w dla dzieci, kt\u00f3re s\u0105 zar\u00f3wno zabawne, jak i edukacyjne. Znajdujemy si\u0119 w Flekkefjord, idyllicznym miasteczku w po\u0142udniowej Norwegii, w po\u0142owie drogi mi\u0119dzy Kristiansand i Stavanger. Cieszymy si\u0119 \u017ce, dzi\u0119ki wsp\u00f3\u0142pracy z fi\u0144ska firm\u0105 Tactic Oy, mo\u017cemy oferowa\u0107 Pa\u0144stwu najwy\u017csz\u0105 jako\u015b\u0107 r\u00f3wnie\u017c w Polsce. Uk\u0142adanki Larsen odznaczaj\u0105 si\u0119 -nietypowymi i jedynymi w swoim rodzaju wykrojnikami, kt\u00f3re sprawiaj\u0105 wielk\u0105 przyjemno\u015b\u0107 z uk\u0142adania. -produkcj\u0105 w Norwegii i wysok\u0105 jako\u015bci\u0105. -starann\u0105 selekcj\u0105 obrazk\u00f3w dla ka\u017cdego wieku -edukacyjnym charakterem uk\u0142adanek -zlokalizowanymi wzorami na wiele rynk\u00f3w.<\/p>\n","protected":false},"excerpt":{"rendered":"<p>Uk\u0142adanka Maxi (36.5&#215;28.5 cm) z grubej tektury ze specjalnymi kszta\u0142tami, dzi\u0119ki kt\u00f3rym uczymy si\u0119 nie tylko cierpliwo\u015bci ale te\u017c j\u0119zyk\u00f3w, matematyki, geografii oraz wiedzy og\u00f3lnej. Fajnie jest uczy\u0107 si\u0119 o Europie z t\u0105 uk\u0142adank\u0105, kt\u00f3ra ma 87 element\u00f3w i jest przeznaczona dla starszych dzieci. Kawa\u0142ki s\u0105 wyci\u0119te wzd\u0142u\u017c linii brzegowych i granic l\u0105dowych, a niekt\u00f3re [&hellip;]<\/p>\n","protected":false},"featured_media":0,"template":"","meta":{"content-type":"","_monsterinsights_skip_tracking":false,"_monsterinsights_sitenote_active":false,"_monsterinsights_sitenote_note":"","_monsterinsights_sitenote_category":0},"product_brand":[],"product_cat":[1793],"product_tag":[],"brand":[],"target-group":[],"discontinued":[],"class_list":{"0":"post-643400","1":"product","2":"type-product","3":"status-publish","5":"product_cat-puzzle-dla-dzieci-puzzle","7":"first","8":"instock","9":"taxable","10":"shipping-taxable","11":"product-type-simple"},"aioseo_notices":[],"_links":{"self":[{"href":"https:\/\/games.tactic.net\/pl\/wp-json\/wp\/v2\/product\/643400","targetHints":{"allow":["GET"]}}],"collection":[{"href":"https:\/\/games.tactic.net\/pl\/wp-json\/wp\/v2\/product"}],"about":[{"href":"https:\/\/games.tactic.net\/pl\/wp-json\/wp\/v2\/types\/product"}],"wp:attachment":[{"href":"https:\/\/games.tactic.net\/pl\/wp-json\/wp\/v2\/media?parent=643400"}],"wp:term":[{"taxonomy":"product_brand","embeddable":true,"href":"https:\/\/games.tactic.net\/pl\/wp-json\/wp\/v2\/product_brand?post=643400"},{"taxonomy":"product_cat","embeddable":true,"href":"https:\/\/games.tactic.net\/pl\/wp-json\/wp\/v2\/product_cat?post=643400"},{"taxonomy":"product_tag","embeddable":true,"href":"https:\/\/games.tactic.net\/pl\/wp-json\/wp\/v2\/product_tag?post=643400"},{"taxonomy":"brand","embeddable":true,"href":"https:\/\/games.tactic.net\/pl\/wp-json\/wp\/v2\/brand?post=643400"},{"taxonomy":"target-group","embeddable":true,"href":"https:\/\/games.tactic.net\/pl\/wp-json\/wp\/v2\/target-group?post=643400"},{"taxonomy":"discontinued","embeddable":true,"href":"https:\/\/games.tactic.net\/pl\/wp-json\/wp\/v2\/discontinued?post=643400"}],"curies":[{"name":"wp","href":"https:\/\/api.w.org\/{rel}","templated":true}]}}