{"id":643399,"date":"2022-10-18T13:51:40","date_gmt":"2022-10-18T10:51:40","guid":{"rendered":"http:\/\/games.tactic.net\/tuote\/larsen-the-world-physical-maxi-pl\/"},"modified":"2023-10-16T14:29:19","modified_gmt":"2023-10-16T11:29:19","slug":"larsen-the-world-physical-maxi-pl","status":"publish","type":"product","link":"https:\/\/games.tactic.net\/pl\/tuote\/larsen-the-world-physical-maxi-pl\/","title":{"rendered":"Larsen Maxi The World Physical 80 el. uk\u0142adanka"},"content":{"rendered":"<p>Uk\u0142adanka Maxi (36.5&#215;28.5 cm) z grubej tektury ze specjalnymi kszta\u0142tami, dzi\u0119ki kt\u00f3rym uczymy si\u0119 nie tylko cierpliwo\u015bci ale te\u017c j\u0119zyk\u00f3w, matematyki, geografii oraz wiedzy og\u00f3lnej. Dooko\u0142a \u015bwiata z t\u0105 80-cz\u0119\u015bciow\u0105 uk\u0142adank\u0105 geograficzne. Ta fizyczna mapa \u015bwiata obejmuje pasma g\u00f3rskie, pustynie, du\u017ce r\u00f3wniny, wyspy, oceany, kontynenty i kraje. W poprzek g\u00f3rnej i podstawy uk\u0142adanki, znajdziesz niekt\u00f3re z najbardziej ikonicznych i edukacyjnych punkt\u00f3w orientacyjnych, w tym, Statua Wolno\u015bci, piramida egipska, Wie\u017ca Eiffla, Big Ben i wi\u0119cej. Wiele z kawa\u0142k\u00f3w uk\u0142adanki zosta\u0142y wykonane w kszta\u0142tach zwierz\u0105t morskich, w tym delfina, wieloryba. S\u0105 tu te\u017c kszta\u0142ty r\u00f3\u017cnych kontynent\u00f3w. Ta 80-cz\u0119\u015bciowa fizyczna uk\u0142adanka jest r\u00f3wnie\u017c starannie wyci\u0119ta wzd\u0142u\u017c granic i linii brzegowych i najlepiej nadaje si\u0119 dla starszych dzieci. Firma Larsen od 75 lat tworzy wysokiej jako\u015bci uk\u0142adanki z grubej (4mm) tektury. Nasz\u0105 ide\u0105 zawsze by\u0142o tworzenie wysokiej jako\u015bci produkt\u00f3w dla dzieci, kt\u00f3re s\u0105 zar\u00f3wno zabawne, jak i edukacyjne. Znajdujemy si\u0119 w Flekkefjord, idyllicznym miasteczku w po\u0142udniowej Norwegii, w po\u0142owie drogi mi\u0119dzy Kristiansand i Stavanger. Cieszymy si\u0119 \u017ce, dzi\u0119ki wsp\u00f3\u0142pracy z fi\u0144ska firm\u0105 Tactic Oy, mo\u017cemy oferowa\u0107 Pa\u0144stwu najwy\u017csz\u0105 jako\u015b\u0107 r\u00f3wnie\u017c w Polsce. Uk\u0142adanki Larsen odznaczaj\u0105 si\u0119 -nietypowymi i jedynymi w swoim rodzaju wykrojnikami, kt\u00f3re sprawiaj\u0105 wielk\u0105 przyjemno\u015b\u0107 z uk\u0142adania. -produkcj\u0105 w Norwegii i wysok\u0105 jako\u015bci\u0105. -starann\u0105 selekcj\u0105 obrazk\u00f3w dla ka\u017cdego wieku -edukacyjnym charakterem uk\u0142adanek -zlokalizowanymi wzorami na wiele rynk\u00f3w.<\/p>\n","protected":false},"excerpt":{"rendered":"<p>Uk\u0142adanka Maxi (36.5&#215;28.5 cm) z grubej tektury ze specjalnymi kszta\u0142tami, dzi\u0119ki kt\u00f3rym uczymy si\u0119 nie tylko cierpliwo\u015bci ale te\u017c j\u0119zyk\u00f3w, matematyki, geografii oraz wiedzy og\u00f3lnej. Dooko\u0142a \u015bwiata z t\u0105 80-cz\u0119\u015bciow\u0105 uk\u0142adank\u0105 geograficzne. Ta fizyczna mapa \u015bwiata obejmuje pasma g\u00f3rskie, pustynie, du\u017ce r\u00f3wniny, wyspy, oceany, kontynenty i kraje. W poprzek g\u00f3rnej i podstawy uk\u0142adanki, znajdziesz niekt\u00f3re [&hellip;]<\/p>\n","protected":false},"featured_media":0,"template":"","meta":{"content-type":"","_monsterinsights_skip_tracking":false,"_monsterinsights_sitenote_active":false,"_monsterinsights_sitenote_note":"","_monsterinsights_sitenote_category":0},"product_brand":[],"product_cat":[1793],"product_tag":[],"brand":[],"target-group":[],"discontinued":[],"class_list":{"0":"post-643399","1":"product","2":"type-product","3":"status-publish","5":"product_cat-puzzle-dla-dzieci-puzzle","7":"first","8":"instock","9":"taxable","10":"shipping-taxable","11":"product-type-simple"},"aioseo_notices":[],"_links":{"self":[{"href":"https:\/\/games.tactic.net\/pl\/wp-json\/wp\/v2\/product\/643399","targetHints":{"allow":["GET"]}}],"collection":[{"href":"https:\/\/games.tactic.net\/pl\/wp-json\/wp\/v2\/product"}],"about":[{"href":"https:\/\/games.tactic.net\/pl\/wp-json\/wp\/v2\/types\/product"}],"wp:attachment":[{"href":"https:\/\/games.tactic.net\/pl\/wp-json\/wp\/v2\/media?parent=643399"}],"wp:term":[{"taxonomy":"product_brand","embeddable":true,"href":"https:\/\/games.tactic.net\/pl\/wp-json\/wp\/v2\/product_brand?post=643399"},{"taxonomy":"product_cat","embeddable":true,"href":"https:\/\/games.tactic.net\/pl\/wp-json\/wp\/v2\/product_cat?post=643399"},{"taxonomy":"product_tag","embeddable":true,"href":"https:\/\/games.tactic.net\/pl\/wp-json\/wp\/v2\/product_tag?post=643399"},{"taxonomy":"brand","embeddable":true,"href":"https:\/\/games.tactic.net\/pl\/wp-json\/wp\/v2\/brand?post=643399"},{"taxonomy":"target-group","embeddable":true,"href":"https:\/\/games.tactic.net\/pl\/wp-json\/wp\/v2\/target-group?post=643399"},{"taxonomy":"discontinued","embeddable":true,"href":"https:\/\/games.tactic.net\/pl\/wp-json\/wp\/v2\/discontinued?post=643399"}],"curies":[{"name":"wp","href":"https:\/\/api.w.org\/{rel}","templated":true}]}}