{"id":643398,"date":"2022-10-18T13:51:05","date_gmt":"2022-10-18T10:51:05","guid":{"rendered":"http:\/\/games.tactic.net\/tuote\/larsen-the-world-political-maxi-pl\/"},"modified":"2023-10-16T14:29:30","modified_gmt":"2023-10-16T11:29:30","slug":"larsen-the-world-political-maxi-pl","status":"publish","type":"product","link":"https:\/\/games.tactic.net\/pl\/tuote\/larsen-the-world-political-maxi-pl\/","title":{"rendered":"Larsen Maxi The World political 107 el. uk\u0142adanka"},"content":{"rendered":"<p>Uk\u0142adanka Maxi (36.5&#215;28.5 cm) z grubej tektury ze specjalnymi kszta\u0142tami, dzi\u0119ki kt\u00f3rym uczymy si\u0119 nie tylko cierpliwo\u015bci ale te\u017c j\u0119zyk\u00f3w, matematyki, geografii oraz wiedzy og\u00f3lnej. Zbadaj drog\u0119 od ma\u0142py do cz\u0142owieka. Ta osza\u0142amiaj\u0105ca i bardzo ilustracyjna uk\u0142adanka zawiera szczeg\u00f3\u0142ow\u0105 i wyja\u015bniaj\u0105c\u0105 \u015bcie\u017ck\u0119 czasow\u0105 z okresu ewolucji ma\u0142py do cz\u0142owieka. W tej uk\u0142adance znajdziesz bezpo\u015brednie \u015bcie\u017cki, kt\u00f3re pokazuj\u0105 bezpo\u015brednie relacje, w okresie oko\u0142o 65 milion\u00f3w lat. Jest to zgodne z obecnymi teoriami i odnosz\u0105ce si\u0119 do zapis\u00f3w kopalnych hominid\u00f3w. \u015acie\u017cka czasowa zosta\u0142a wy\u015bwietlona w 4-krotnej progresji geometrycznej, pokazuj\u0105c nowe \u017cycie w r\u00f3\u017cnych etapach. Nazwy ka\u017cdego zwierz\u0119cia i hominid\u00f3w znajduj\u0105 si\u0119 w prawid\u0142owym u\u0142o\u017ceniu zgodnie z okresem czasu przedstawionym na g\u00f3rze i na dole uk\u0142adanki. Wiele z pokazanych zwierz\u0105t najprawdopodobniej mia\u0142o spotkanie z hominidami. Uk\u0142adanka 83 elementowa i najlepiej nadaje si\u0119 dla starszych dzieci, kt\u00f3re mog\u0105 si\u0119 wiele nauczy\u0107 o historii przodk\u00f3w. Firma Larsen od 75 lat tworzy wysokiej jako\u015bci uk\u0142adanki z grubej (4mm) tektury. Nasz\u0105 ide\u0105 zawsze by\u0142o tworzenie wysokiej jako\u015bci produkt\u00f3w dla dzieci, kt\u00f3re s\u0105 zar\u00f3wno zabawne, jak i edukacyjne. Znajdujemy si\u0119 w Flekkefjord, idyllicznym miasteczku w po\u0142udniowej Norwegii, w po\u0142owie drogi mi\u0119dzy Kristiansand i Stavanger. Cieszymy si\u0119 \u017ce, dzi\u0119ki wsp\u00f3\u0142pracy z fi\u0144ska firm\u0105 Tactic Oy, mo\u017cemy oferowa\u0107 Pa\u0144stwu najwy\u017csz\u0105 jako\u015b\u0107 r\u00f3wnie\u017c w Polsce. Uk\u0142adanki Larsen odznaczaj\u0105 si\u0119 -nietypowymi i jedynymi w swoim rodzaju wykrojnikami, kt\u00f3re sprawiaj\u0105 wielk\u0105 przyjemno\u015b\u0107 z uk\u0142adania. -produkcj\u0105 w Norwegii i wysok\u0105 jako\u015bci\u0105. -starann\u0105 selekcj\u0105 obrazk\u00f3w dla ka\u017cdego wieku -edukacyjnym charakterem uk\u0142adanek -zlokalizowanymi wzorami na wiele rynk\u00f3w.<\/p>\n","protected":false},"excerpt":{"rendered":"<p>Uk\u0142adanka Maxi (36.5&#215;28.5 cm) z grubej tektury ze specjalnymi kszta\u0142tami, dzi\u0119ki kt\u00f3rym uczymy si\u0119 nie tylko cierpliwo\u015bci ale te\u017c j\u0119zyk\u00f3w, matematyki, geografii oraz wiedzy og\u00f3lnej. Zbadaj drog\u0119 od ma\u0142py do cz\u0142owieka. Ta osza\u0142amiaj\u0105ca i bardzo ilustracyjna uk\u0142adanka zawiera szczeg\u00f3\u0142ow\u0105 i wyja\u015bniaj\u0105c\u0105 \u015bcie\u017ck\u0119 czasow\u0105 z okresu ewolucji ma\u0142py do cz\u0142owieka. W tej uk\u0142adance znajdziesz bezpo\u015brednie \u015bcie\u017cki, [&hellip;]<\/p>\n","protected":false},"featured_media":0,"template":"","meta":{"content-type":"","_monsterinsights_skip_tracking":false,"_monsterinsights_sitenote_active":false,"_monsterinsights_sitenote_note":"","_monsterinsights_sitenote_category":0},"product_brand":[],"product_cat":[1793],"product_tag":[],"brand":[],"target-group":[],"discontinued":[],"class_list":{"0":"post-643398","1":"product","2":"type-product","3":"status-publish","5":"product_cat-puzzle-dla-dzieci-puzzle","7":"first","8":"instock","9":"taxable","10":"shipping-taxable","11":"product-type-simple"},"aioseo_notices":[],"_links":{"self":[{"href":"https:\/\/games.tactic.net\/pl\/wp-json\/wp\/v2\/product\/643398","targetHints":{"allow":["GET"]}}],"collection":[{"href":"https:\/\/games.tactic.net\/pl\/wp-json\/wp\/v2\/product"}],"about":[{"href":"https:\/\/games.tactic.net\/pl\/wp-json\/wp\/v2\/types\/product"}],"wp:attachment":[{"href":"https:\/\/games.tactic.net\/pl\/wp-json\/wp\/v2\/media?parent=643398"}],"wp:term":[{"taxonomy":"product_brand","embeddable":true,"href":"https:\/\/games.tactic.net\/pl\/wp-json\/wp\/v2\/product_brand?post=643398"},{"taxonomy":"product_cat","embeddable":true,"href":"https:\/\/games.tactic.net\/pl\/wp-json\/wp\/v2\/product_cat?post=643398"},{"taxonomy":"product_tag","embeddable":true,"href":"https:\/\/games.tactic.net\/pl\/wp-json\/wp\/v2\/product_tag?post=643398"},{"taxonomy":"brand","embeddable":true,"href":"https:\/\/games.tactic.net\/pl\/wp-json\/wp\/v2\/brand?post=643398"},{"taxonomy":"target-group","embeddable":true,"href":"https:\/\/games.tactic.net\/pl\/wp-json\/wp\/v2\/target-group?post=643398"},{"taxonomy":"discontinued","embeddable":true,"href":"https:\/\/games.tactic.net\/pl\/wp-json\/wp\/v2\/discontinued?post=643398"}],"curies":[{"name":"wp","href":"https:\/\/api.w.org\/{rel}","templated":true}]}}