{"id":643380,"date":"2022-10-18T13:20:26","date_gmt":"2022-10-18T10:20:26","guid":{"rendered":"http:\/\/games.tactic.net\/tuote\/larsen-elegant-sport-cars-in-the-city-2-x-1-midi\/"},"modified":"2023-10-19T15:45:01","modified_gmt":"2023-10-19T12:45:01","slug":"larsen-elegant-sport-cars-in-the-city-2-x-1-midi","status":"publish","type":"product","link":"https:\/\/games.tactic.net\/pl\/tuote\/larsen-elegant-sport-cars-in-the-city-2-x-1-midi\/","title":{"rendered":"Larsen Midi Elegant Sport Cars in the city 30 el. uk\u0142adanka"},"content":{"rendered":"<p>Uk\u0142adanka Midi (28.5&#215;18.3 cm) z grubej tektury ze specjalnymi kszta\u0142tami, dzi\u0119ki kt\u00f3rym uczymy si\u0119 nie tylko cierpliwo\u015bci ale te\u017c j\u0119zyk\u00f3w, matematyki, geografii oraz wiedzy og\u00f3lnej. <\/p>\n<p>Czy kiedykolwiek marzy\u0142e\u015b o prowadzeniu tak niesamowitych samochod\u00f3w sportowych, w tak ekscytuj\u0105cym otoczeniu? Ka\u017cdy z tych kolorowych \u015brednich uk\u0142adanek sk\u0142ada si\u0119 z 30 element\u00f3w. Niekt\u00f3re z kawa\u0142k\u00f3w s\u0105 wyci\u0119te wzd\u0142u\u017c kontur\u00f3w obrazu. Niekt\u00f3re kawa\u0142ki maj\u0105 kszta\u0142t samochod\u00f3w i motocykli. S\u0105 odpowiednie dla dzieci, kt\u00f3re kochaj\u0105 samochody i s\u0105 dobre w uk\u0142adaniu puzzli.<br \/>\nDost\u0119pne 2 wzory (wysy\u0142ane losowo).<\/p>\n<p>Firma Larsen od 75 lat tworzy wysokiej jako\u015bci uk\u0142adanki z grubej (4mm) tektury. Nasz\u0105 ide\u0105 zawsze by\u0142o tworzenie wysokiej jako\u015bci produkt\u00f3w dla dzieci, kt\u00f3re s\u0105 zar\u00f3wno zabawne, jak i edukacyjne. Znajdujemy si\u0119 w Flekkefjord, idyllicznym miasteczku w po\u0142udniowej Norwegii, w po\u0142owie drogi mi\u0119dzy Kristiansand i Stavanger. Cieszymy si\u0119 \u017ce, dzi\u0119ki wsp\u00f3\u0142pracy z fi\u0144ska firm\u0105 Tactic Oy, mo\u017cemy oferowa\u0107 Pa\u0144stwu najwy\u017csz\u0105 jako\u015b\u0107 r\u00f3wnie\u017c w Polsce. <\/p>\n<p>Uk\u0142adanki Larsen odznaczaj\u0105 si\u0119<br \/>\n-nietypowymi i jedynymi w swoim rodzaju wykrojnikami, kt\u00f3re sprawiaj\u0105 wielk\u0105 przyjemno\u015b\u0107 z uk\u0142adania.<br \/>\n-produkcj\u0105 w Norwegii i wysok\u0105 jako\u015bci\u0105.<br \/>\n-starann\u0105 selekcj\u0105 obrazk\u00f3w dla ka\u017cdego wieku<br \/>\n-edukacyjnym charakterem uk\u0142adanek<br \/>\n-zlokalizowanymi wzorami na wiele rynk\u00f3w.<\/p>\n","protected":false},"excerpt":{"rendered":"<p>Uk\u0142adanka Midi (28.5&#215;18.3 cm) z grubej tektury ze specjalnymi kszta\u0142tami, dzi\u0119ki kt\u00f3rym uczymy si\u0119 nie tylko cierpliwo\u015bci ale te\u017c j\u0119zyk\u00f3w, matematyki, geografii oraz wiedzy og\u00f3lnej. Czy kiedykolwiek marzy\u0142e\u015b o prowadzeniu tak niesamowitych samochod\u00f3w sportowych, w tak ekscytuj\u0105cym otoczeniu? Ka\u017cdy z tych kolorowych \u015brednich uk\u0142adanek sk\u0142ada si\u0119 z 30 element\u00f3w. Niekt\u00f3re z kawa\u0142k\u00f3w s\u0105 wyci\u0119te wzd\u0142u\u017c [&hellip;]<\/p>\n","protected":false},"featured_media":0,"template":"","meta":{"content-type":"","_monsterinsights_skip_tracking":false,"_monsterinsights_sitenote_active":false,"_monsterinsights_sitenote_note":"","_monsterinsights_sitenote_category":0},"product_brand":[],"product_cat":[1793],"product_tag":[],"brand":[],"target-group":[],"discontinued":[],"class_list":{"0":"post-643380","1":"product","2":"type-product","3":"status-publish","5":"product_cat-puzzle-dla-dzieci-puzzle","7":"first","8":"instock","9":"taxable","10":"shipping-taxable","11":"product-type-simple"},"aioseo_notices":[],"_links":{"self":[{"href":"https:\/\/games.tactic.net\/pl\/wp-json\/wp\/v2\/product\/643380","targetHints":{"allow":["GET"]}}],"collection":[{"href":"https:\/\/games.tactic.net\/pl\/wp-json\/wp\/v2\/product"}],"about":[{"href":"https:\/\/games.tactic.net\/pl\/wp-json\/wp\/v2\/types\/product"}],"wp:attachment":[{"href":"https:\/\/games.tactic.net\/pl\/wp-json\/wp\/v2\/media?parent=643380"}],"wp:term":[{"taxonomy":"product_brand","embeddable":true,"href":"https:\/\/games.tactic.net\/pl\/wp-json\/wp\/v2\/product_brand?post=643380"},{"taxonomy":"product_cat","embeddable":true,"href":"https:\/\/games.tactic.net\/pl\/wp-json\/wp\/v2\/product_cat?post=643380"},{"taxonomy":"product_tag","embeddable":true,"href":"https:\/\/games.tactic.net\/pl\/wp-json\/wp\/v2\/product_tag?post=643380"},{"taxonomy":"brand","embeddable":true,"href":"https:\/\/games.tactic.net\/pl\/wp-json\/wp\/v2\/brand?post=643380"},{"taxonomy":"target-group","embeddable":true,"href":"https:\/\/games.tactic.net\/pl\/wp-json\/wp\/v2\/target-group?post=643380"},{"taxonomy":"discontinued","embeddable":true,"href":"https:\/\/games.tactic.net\/pl\/wp-json\/wp\/v2\/discontinued?post=643380"}],"curies":[{"name":"wp","href":"https:\/\/api.w.org\/{rel}","templated":true}]}}