{"id":642699,"date":"2022-10-18T12:03:48","date_gmt":"2022-10-18T09:03:48","guid":{"rendered":"http:\/\/games.tactic.net\/tuote\/larsen-dinosaurs-from-the-cretaceous-period-maxi\/"},"modified":"2023-10-19T15:27:05","modified_gmt":"2023-10-19T12:27:05","slug":"larsen-dinosaurs-from-the-cretaceous-period-maxi","status":"publish","type":"product","link":"https:\/\/games.tactic.net\/pl\/tuote\/larsen-dinosaurs-from-the-cretaceous-period-maxi\/","title":{"rendered":"Larsen Maxi Dinosaurs from the Cretaceous period 57 el. uk\u0142adanka"},"content":{"rendered":"<p>Uk\u0142adanka Maxi (36.5&#215;28.5 cm) z grubej tektury ze specjalnymi kszta\u0142tami, dzi\u0119ki kt\u00f3rym uczymy si\u0119 nie tylko cierpliwo\u015bci ale te\u017c j\u0119zyk\u00f3w, matematyki, geografii oraz wiedzy og\u00f3lnej. <\/p>\n<p>Tyranozaur Terry wstrz\u0105sa wiosk\u0105 i nape\u0142nia j\u0105 strachem. Ten w\u015bciek\u0142y T-Rex szuka obiadu, ale co znajdzie? Czy do\u0142\u0105czy do Pliozaura i przek\u0105si ma\u0142\u0105, \u0142uskowat\u0105 ryb\u0119, czy te\u017c przestraszone zwierz\u0119ta ro\u015blino\u017cerne b\u0119d\u0105 jego nast\u0119pnym posi\u0142kiem? Podczas gdy Triceratops niespokojnie si\u0119 cofa, mo\u017ce odgadniesz, co mog\u0142o przyci\u0105gn\u0105\u0107 uwag\u0119 Iguanodona? Ta kreatywna uk\u0142adanka zawiera 57 starannie skonstruowanych element\u00f3w. Niekt\u00f3re elementy uk\u0142adanki maj\u0105 celowo kszta\u0142t g\u0142owy krowy, zaj\u0105ca, koguta, ryby i nietoperza. Elementy tematyczne zach\u0119caj\u0105 do rozpoznawania kszta\u0142t\u00f3w i odgrywaj\u0105 wa\u017cn\u0105 rol\u0119 w koordynacji r\u0119ka-oko. Uk\u0142adanka jest przeznaczona dla nieco starszych dzieci.<\/p>\n<p>Firma Larsen od 75 lat tworzy wysokiej jako\u015bci uk\u0142adanki z grubej (4mm) tektury. Nasz\u0105 ide\u0105 zawsze by\u0142o tworzenie wysokiej jako\u015bci produkt\u00f3w dla dzieci, kt\u00f3re s\u0105 zar\u00f3wno zabawne, jak i edukacyjne. Znajdujemy si\u0119 w Flekkefjord, idyllicznym miasteczku w po\u0142udniowej Norwegii, w po\u0142owie drogi mi\u0119dzy Kristiansand i Stavanger. Cieszymy si\u0119 \u017ce, dzi\u0119ki wsp\u00f3\u0142pracy z fi\u0144ska firm\u0105 Tactic Oy, mo\u017cemy oferowa\u0107 Pa\u0144stwu najwy\u017csz\u0105 jako\u015b\u0107 r\u00f3wnie\u017c w Polsce. <\/p>\n<p>Uk\u0142adanki Larsen odznaczaj\u0105 si\u0119<br \/>\n-nietypowymi i jedynymi w swoim rodzaju wykrojnikami, kt\u00f3re sprawiaj\u0105 wielk\u0105 przyjemno\u015b\u0107 z uk\u0142adania.<br \/>\n-produkcj\u0105 w Norwegii i wysok\u0105 jako\u015bci\u0105.<br \/>\n-starann\u0105 selekcj\u0105 obrazk\u00f3w dla ka\u017cdego wieku<br \/>\n-edukacyjnym charakterem uk\u0142adanek<br \/>\n-zlokalizowanymi wzorami na wiele rynk\u00f3w.<\/p>\n","protected":false},"excerpt":{"rendered":"<p>Uk\u0142adanka Maxi (36.5&#215;28.5 cm) z grubej tektury ze specjalnymi kszta\u0142tami, dzi\u0119ki kt\u00f3rym uczymy si\u0119 nie tylko cierpliwo\u015bci ale te\u017c j\u0119zyk\u00f3w, matematyki, geografii oraz wiedzy og\u00f3lnej. Tyranozaur Terry wstrz\u0105sa wiosk\u0105 i nape\u0142nia j\u0105 strachem. Ten w\u015bciek\u0142y T-Rex szuka obiadu, ale co znajdzie? Czy do\u0142\u0105czy do Pliozaura i przek\u0105si ma\u0142\u0105, \u0142uskowat\u0105 ryb\u0119, czy te\u017c przestraszone zwierz\u0119ta ro\u015blino\u017cerne [&hellip;]<\/p>\n","protected":false},"featured_media":0,"template":"","meta":{"content-type":"","_monsterinsights_skip_tracking":false,"_monsterinsights_sitenote_active":false,"_monsterinsights_sitenote_note":"","_monsterinsights_sitenote_category":0},"product_brand":[],"product_cat":[1793],"product_tag":[1234,995,991],"brand":[],"target-group":[],"discontinued":[],"class_list":{"0":"post-642699","1":"product","2":"type-product","3":"status-publish","5":"product_cat-puzzle-dla-dzieci-puzzle","6":"product_tag-laczenie-pl","7":"product_tag-wieloosobowe","8":"product_tag-zabawa","10":"first","11":"instock","12":"taxable","13":"shipping-taxable","14":"product-type-simple"},"aioseo_notices":[],"_links":{"self":[{"href":"https:\/\/games.tactic.net\/pl\/wp-json\/wp\/v2\/product\/642699","targetHints":{"allow":["GET"]}}],"collection":[{"href":"https:\/\/games.tactic.net\/pl\/wp-json\/wp\/v2\/product"}],"about":[{"href":"https:\/\/games.tactic.net\/pl\/wp-json\/wp\/v2\/types\/product"}],"wp:attachment":[{"href":"https:\/\/games.tactic.net\/pl\/wp-json\/wp\/v2\/media?parent=642699"}],"wp:term":[{"taxonomy":"product_brand","embeddable":true,"href":"https:\/\/games.tactic.net\/pl\/wp-json\/wp\/v2\/product_brand?post=642699"},{"taxonomy":"product_cat","embeddable":true,"href":"https:\/\/games.tactic.net\/pl\/wp-json\/wp\/v2\/product_cat?post=642699"},{"taxonomy":"product_tag","embeddable":true,"href":"https:\/\/games.tactic.net\/pl\/wp-json\/wp\/v2\/product_tag?post=642699"},{"taxonomy":"brand","embeddable":true,"href":"https:\/\/games.tactic.net\/pl\/wp-json\/wp\/v2\/brand?post=642699"},{"taxonomy":"target-group","embeddable":true,"href":"https:\/\/games.tactic.net\/pl\/wp-json\/wp\/v2\/target-group?post=642699"},{"taxonomy":"discontinued","embeddable":true,"href":"https:\/\/games.tactic.net\/pl\/wp-json\/wp\/v2\/discontinued?post=642699"}],"curies":[{"name":"wp","href":"https:\/\/api.w.org\/{rel}","templated":true}]}}