{"id":642553,"date":"2022-10-18T11:10:33","date_gmt":"2022-10-18T08:10:33","guid":{"rendered":"http:\/\/games.tactic.net\/tuote\/larsen-north-forest-maxi\/"},"modified":"2023-10-19T16:19:52","modified_gmt":"2023-10-19T13:19:52","slug":"larsen-north-forest-maxi","status":"publish","type":"product","link":"https:\/\/games.tactic.net\/pl\/tuote\/larsen-north-forest-maxi\/","title":{"rendered":"Larsen Maxi North Forest 54 el. uk\u0142adanka"},"content":{"rendered":"<p>Uk\u0142adanka Maxi (36.5&#215;28.5 cm) z grubej tektury ze specjalnymi kszta\u0142tami, dzi\u0119ki kt\u00f3rym uczymy si\u0119 nie tylko cierpliwo\u015bci ale te\u017c j\u0119zyk\u00f3w, matematyki, geografii oraz wiedzy og\u00f3lnej. <\/p>\n<p>Ta uk\u0142adanka przedstawia nordyck\u0105 zimow\u0105 dzik\u0105 przyrod\u0119 w najlepszym wydaniu. Jest ona dobrze znana z najbardziej ikonicznego zwierz\u0119cia dzikiej przyrody \u2013 \u0142osia. Uk\u0142adanka sk\u0142ada si\u0119 z 54 element\u00f3w, odpowiednich zar\u00f3wno dla wi\u0119kszych, jak i mniejszych d\u0142oni, ale przeznaczonych dla starszych dzieci. Niekt\u00f3re z element\u00f3w maj\u0105 kszta\u0142t \u017cagl\u00f3wki, \u015bmig\u0142a, popielicy, gitary muzycznej, ptaka i ryby. W tej arktycznej uk\u0142adance g\u0142\u00f3wne zwierz\u0119ta to orze\u0142 przedni, puchacz, wilk, dzik, \u0142o\u015b, ry\u015b (p\u00f3\u0142nocny kot le\u015bny), wiewi\u00f3rka, g\u0142uszec, dzi\u0119cio\u0142 zielony, czarnog\u0142\u00f3wka, nied\u017awied\u017a, lis czerwony, rosomak, krzy\u017c\u00f3wka, jele\u0144 szlachetny, zaj\u0105c g\u00f3rski, borsuk czarny i bia\u0142y, \u0142asica i kolczasty je\u017c szary.<\/p>\n<p>Firma Larsen od 75 lat tworzy wysokiej jako\u015bci uk\u0142adanki z grubej (4mm) tektury. Nasz\u0105 ide\u0105 zawsze by\u0142o tworzenie wysokiej jako\u015bci produkt\u00f3w dla dzieci, kt\u00f3re s\u0105 zar\u00f3wno zabawne, jak i edukacyjne. Znajdujemy si\u0119 w Flekkefjord, idyllicznym miasteczku w po\u0142udniowej Norwegii, w po\u0142owie drogi mi\u0119dzy Kristiansand i Stavanger. Cieszymy si\u0119 \u017ce, dzi\u0119ki wsp\u00f3\u0142pracy z fi\u0144ska firm\u0105 Tactic Oy, mo\u017cemy oferowa\u0107 Pa\u0144stwu najwy\u017csz\u0105 jako\u015b\u0107 r\u00f3wnie\u017c w Polsce. <\/p>\n<p>Uk\u0142adanki Larsen odznaczaj\u0105 si\u0119<br \/>\n-nietypowymi i jedynymi w swoim rodzaju wykrojnikami, kt\u00f3re sprawiaj\u0105 wielk\u0105 przyjemno\u015b\u0107 z uk\u0142adania.<br \/>\n-produkcj\u0105 w Norwegii i wysok\u0105 jako\u015bci\u0105.<br \/>\n-starann\u0105 selekcj\u0105 obrazk\u00f3w dla ka\u017cdego wieku<br \/>\n-edukacyjnym charakterem uk\u0142adanek<br \/>\n-zlokalizowanymi wzorami na wiele rynk\u00f3w.<\/p>\n","protected":false},"excerpt":{"rendered":"<p>Uk\u0142adanka Maxi (36.5&#215;28.5 cm) z grubej tektury ze specjalnymi kszta\u0142tami, dzi\u0119ki kt\u00f3rym uczymy si\u0119 nie tylko cierpliwo\u015bci ale te\u017c j\u0119zyk\u00f3w, matematyki, geografii oraz wiedzy og\u00f3lnej. Ta uk\u0142adanka przedstawia nordyck\u0105 zimow\u0105 dzik\u0105 przyrod\u0119 w najlepszym wydaniu. Jest ona dobrze znana z najbardziej ikonicznego zwierz\u0119cia dzikiej przyrody \u2013 \u0142osia. Uk\u0142adanka sk\u0142ada si\u0119 z 54 element\u00f3w, odpowiednich zar\u00f3wno [&hellip;]<\/p>\n","protected":false},"featured_media":0,"template":"","meta":{"content-type":"","_monsterinsights_skip_tracking":false,"_monsterinsights_sitenote_active":false,"_monsterinsights_sitenote_note":"","_monsterinsights_sitenote_category":0},"product_brand":[],"product_cat":[1793],"product_tag":[1234,995,991],"brand":[],"target-group":[],"discontinued":[],"class_list":{"0":"post-642553","1":"product","2":"type-product","3":"status-publish","5":"product_cat-puzzle-dla-dzieci-puzzle","6":"product_tag-laczenie-pl","7":"product_tag-wieloosobowe","8":"product_tag-zabawa","10":"first","11":"instock","12":"taxable","13":"shipping-taxable","14":"product-type-simple"},"aioseo_notices":[],"_links":{"self":[{"href":"https:\/\/games.tactic.net\/pl\/wp-json\/wp\/v2\/product\/642553","targetHints":{"allow":["GET"]}}],"collection":[{"href":"https:\/\/games.tactic.net\/pl\/wp-json\/wp\/v2\/product"}],"about":[{"href":"https:\/\/games.tactic.net\/pl\/wp-json\/wp\/v2\/types\/product"}],"wp:attachment":[{"href":"https:\/\/games.tactic.net\/pl\/wp-json\/wp\/v2\/media?parent=642553"}],"wp:term":[{"taxonomy":"product_brand","embeddable":true,"href":"https:\/\/games.tactic.net\/pl\/wp-json\/wp\/v2\/product_brand?post=642553"},{"taxonomy":"product_cat","embeddable":true,"href":"https:\/\/games.tactic.net\/pl\/wp-json\/wp\/v2\/product_cat?post=642553"},{"taxonomy":"product_tag","embeddable":true,"href":"https:\/\/games.tactic.net\/pl\/wp-json\/wp\/v2\/product_tag?post=642553"},{"taxonomy":"brand","embeddable":true,"href":"https:\/\/games.tactic.net\/pl\/wp-json\/wp\/v2\/brand?post=642553"},{"taxonomy":"target-group","embeddable":true,"href":"https:\/\/games.tactic.net\/pl\/wp-json\/wp\/v2\/target-group?post=642553"},{"taxonomy":"discontinued","embeddable":true,"href":"https:\/\/games.tactic.net\/pl\/wp-json\/wp\/v2\/discontinued?post=642553"}],"curies":[{"name":"wp","href":"https:\/\/api.w.org\/{rel}","templated":true}]}}