{"id":642538,"date":"2022-10-18T11:09:54","date_gmt":"2022-10-18T08:09:54","guid":{"rendered":"http:\/\/games.tactic.net\/tuote\/larsen-dinosaurs-maxi\/"},"modified":"2023-10-19T15:22:50","modified_gmt":"2023-10-19T12:22:50","slug":"larsen-dinosaurs-maxi","status":"publish","type":"product","link":"https:\/\/games.tactic.net\/pl\/tuote\/larsen-dinosaurs-maxi\/","title":{"rendered":"Larsen Maxi Dinosaurs 65 el. uk\u0142adanka"},"content":{"rendered":"<p>Uk\u0142adanka Maxi (36.5&#215;28.5 cm) z grubej tektury ze specjalnymi kszta\u0142tami, dzi\u0119ki kt\u00f3rym uczymy si\u0119 nie tylko cierpliwo\u015bci ale te\u017c j\u0119zyk\u00f3w, matematyki, geografii oraz wiedzy og\u00f3lnej. <\/p>\n<p>Zabieraj\u0105c Ci\u0119 miliony lat wstecz, ta historyczna i malownicza uk\u0142adanka z dinozaurami ma szeroki wyb\u00f3r gatunk\u00f3w dinozaur\u00f3w. Gatunki od g\u00f3ry, od lewej do prawej: Quetzalcoatlus, Microraptor, Iguanodon, Lambeosaurus, Tyrannosaurus rex, Triceratops, Dromaeosaurus, Ankylosaurus, Troodon, Pterodactyl, Krokodyl, Jaszczurka, Vegavis, Smokowiec, Cimolestes. Ta edukacyjna 65-elementowa uk\u0142adanka zach\u0119ci zar\u00f3wno do koordynacji r\u0105k i oczu, jak i do stymulacji m\u00f3zgu. Pomo\u017ce r\u00f3wnie\u017c budowa\u0107 umiej\u0119tno\u015bci fizyczne, poznawcze i emocjonalne. Ta uk\u0142adanka najlepiej nadaje si\u0119 dla starszych dzieci. Niekt\u00f3re z element\u00f3w uk\u0142adanki s\u0105 specjalnie wykonane jak arktyczne zwierz\u0119ta, w tym nied\u017awied\u017a polarny, lew morski, nied\u017awied\u017a grizzly, wieloryb i pies. Czy zgadniesz, jakie inne kszta\u0142ty maj\u0105 te puzzle i pomo\u017cesz rozwija\u0107 wiedz\u0119 dziecka w zakresie historii nauki?<\/p>\n<p>Firma Larsen od 75 lat tworzy wysokiej jako\u015bci uk\u0142adanki z grubej (4mm) tektury. Nasz\u0105 ide\u0105 zawsze by\u0142o tworzenie wysokiej jako\u015bci produkt\u00f3w dla dzieci, kt\u00f3re s\u0105 zar\u00f3wno zabawne, jak i edukacyjne. Znajdujemy si\u0119 w Flekkefjord, idyllicznym miasteczku w po\u0142udniowej Norwegii, w po\u0142owie drogi mi\u0119dzy Kristiansand i Stavanger. Cieszymy si\u0119 \u017ce, dzi\u0119ki wsp\u00f3\u0142pracy z fi\u0144ska firm\u0105 Tactic Oy, mo\u017cemy oferowa\u0107 Pa\u0144stwu najwy\u017csz\u0105 jako\u015b\u0107 r\u00f3wnie\u017c w Polsce. <\/p>\n<p>Uk\u0142adanki Larsen odznaczaj\u0105 si\u0119<br \/>\n-nietypowymi i jedynymi w swoim rodzaju wykrojnikami, kt\u00f3re sprawiaj\u0105 wielk\u0105 przyjemno\u015b\u0107 z uk\u0142adania.<br \/>\n-produkcj\u0105 w Norwegii i wysok\u0105 jako\u015bci\u0105.<br \/>\n-starann\u0105 selekcj\u0105 obrazk\u00f3w dla ka\u017cdego wieku<br \/>\n-edukacyjnym charakterem uk\u0142adanek<br \/>\n-zlokalizowanymi wzorami na wiele rynk\u00f3w.<\/p>\n","protected":false},"excerpt":{"rendered":"<p>Uk\u0142adanka Maxi (36.5&#215;28.5 cm) z grubej tektury ze specjalnymi kszta\u0142tami, dzi\u0119ki kt\u00f3rym uczymy si\u0119 nie tylko cierpliwo\u015bci ale te\u017c j\u0119zyk\u00f3w, matematyki, geografii oraz wiedzy og\u00f3lnej. Zabieraj\u0105c Ci\u0119 miliony lat wstecz, ta historyczna i malownicza uk\u0142adanka z dinozaurami ma szeroki wyb\u00f3r gatunk\u00f3w dinozaur\u00f3w. Gatunki od g\u00f3ry, od lewej do prawej: Quetzalcoatlus, Microraptor, Iguanodon, Lambeosaurus, Tyrannosaurus rex, [&hellip;]<\/p>\n","protected":false},"featured_media":0,"template":"","meta":{"content-type":"","_monsterinsights_skip_tracking":false,"_monsterinsights_sitenote_active":false,"_monsterinsights_sitenote_note":"","_monsterinsights_sitenote_category":0},"product_brand":[],"product_cat":[1793],"product_tag":[1234,995,991],"brand":[],"target-group":[],"discontinued":[],"class_list":{"0":"post-642538","1":"product","2":"type-product","3":"status-publish","5":"product_cat-puzzle-dla-dzieci-puzzle","6":"product_tag-laczenie-pl","7":"product_tag-wieloosobowe","8":"product_tag-zabawa","10":"first","11":"instock","12":"taxable","13":"shipping-taxable","14":"product-type-simple"},"aioseo_notices":[],"_links":{"self":[{"href":"https:\/\/games.tactic.net\/pl\/wp-json\/wp\/v2\/product\/642538","targetHints":{"allow":["GET"]}}],"collection":[{"href":"https:\/\/games.tactic.net\/pl\/wp-json\/wp\/v2\/product"}],"about":[{"href":"https:\/\/games.tactic.net\/pl\/wp-json\/wp\/v2\/types\/product"}],"wp:attachment":[{"href":"https:\/\/games.tactic.net\/pl\/wp-json\/wp\/v2\/media?parent=642538"}],"wp:term":[{"taxonomy":"product_brand","embeddable":true,"href":"https:\/\/games.tactic.net\/pl\/wp-json\/wp\/v2\/product_brand?post=642538"},{"taxonomy":"product_cat","embeddable":true,"href":"https:\/\/games.tactic.net\/pl\/wp-json\/wp\/v2\/product_cat?post=642538"},{"taxonomy":"product_tag","embeddable":true,"href":"https:\/\/games.tactic.net\/pl\/wp-json\/wp\/v2\/product_tag?post=642538"},{"taxonomy":"brand","embeddable":true,"href":"https:\/\/games.tactic.net\/pl\/wp-json\/wp\/v2\/brand?post=642538"},{"taxonomy":"target-group","embeddable":true,"href":"https:\/\/games.tactic.net\/pl\/wp-json\/wp\/v2\/target-group?post=642538"},{"taxonomy":"discontinued","embeddable":true,"href":"https:\/\/games.tactic.net\/pl\/wp-json\/wp\/v2\/discontinued?post=642538"}],"curies":[{"name":"wp","href":"https:\/\/api.w.org\/{rel}","templated":true}]}}