{"id":642481,"date":"2022-10-18T11:08:48","date_gmt":"2022-10-18T08:08:48","guid":{"rendered":"http:\/\/games.tactic.net\/tuote\/larsen-savana-maxi\/"},"modified":"2023-10-19T16:28:29","modified_gmt":"2023-10-19T13:28:29","slug":"larsen-savana-maxi","status":"publish","type":"product","link":"https:\/\/games.tactic.net\/pl\/tuote\/larsen-savana-maxi\/","title":{"rendered":"Larsen Maxi Savana 43 el. uk\u0142adanka"},"content":{"rendered":"<p>Uk\u0142adanka Maxi (36.5&#215;28.5 cm) z grubej tektury ze specjalnymi kszta\u0142tami, dzi\u0119ki kt\u00f3rym uczymy si\u0119 nie tylko cierpliwo\u015bci ale te\u017c j\u0119zyk\u00f3w, matematyki, geografii oraz wiedzy og\u00f3lnej. <\/p>\n<p>Przyjd\u017a i ciesz si\u0119 nasz\u0105 pogodn\u0105 afryka\u0144sk\u0105 sawann\u0105 dzikich zwierz\u0105t puzzle. Te afryka\u0144skie zwierz\u0119ta ciesz\u0105 si\u0119 czyst\u0105 wolno\u015bci\u0105 w tym dzikim parku przyrody. Ta uk\u0142adanka zawiera 43 elementy, idealne dla ma\u0142ych dzieci. Niekt\u00f3re z ilustracyjnych kawa\u0142k\u00f3w uk\u0142adanki maj\u0105 wygodny kszta\u0142t krokodyla, nosoro\u017cca, motyla, s\u0142onia, lwa i hipopotama, co pozwala dzieciom indywidualnie identyfikowa\u0107 kszta\u0142ty zwierz\u0105t. Gatunki z Savanny to m.in. lampart c\u0119tkowany, rozpalone s\u0142o\u0144cem \u017cyrafy, s\u0142onie, d\u0142ugonogi bocian (ptak), futrzasty oryks (antylopa), pasiaste zebry, nosoro\u017cce, buszuj\u0105ce bawo\u0142y, gepard, gazela Thomsona, kudu, \u017curaw szary, \u0142adny w r\u00f3\u017cu flaming, czaj\u0105cy si\u0119 krokodyl, \u017c\u00f3\u0142w, zimorodek (ptak) nie zapominaj\u0105c o kr\u00f3lu d\u017cungli, lwie. B\u0142otniste wody w tej malowniczej uk\u0142adance maj\u0105 zwierz\u0119ta och\u0142odzone i sch\u0142odzone, gotowe do codziennego polowania, podczas gdy motyle i ptaki szybuj\u0105 wysoko w przestworzach.<\/p>\n<p>Firma Larsen od 75 lat tworzy wysokiej jako\u015bci uk\u0142adanki z grubej (4mm) tektury. Nasz\u0105 ide\u0105 zawsze by\u0142o tworzenie wysokiej jako\u015bci produkt\u00f3w dla dzieci, kt\u00f3re s\u0105 zar\u00f3wno zabawne, jak i edukacyjne. Znajdujemy si\u0119 w Flekkefjord, idyllicznym miasteczku w po\u0142udniowej Norwegii, w po\u0142owie drogi mi\u0119dzy Kristiansand i Stavanger. Cieszymy si\u0119 \u017ce, dzi\u0119ki wsp\u00f3\u0142pracy z fi\u0144ska firm\u0105 Tactic Oy, mo\u017cemy oferowa\u0107 Pa\u0144stwu najwy\u017csz\u0105 jako\u015b\u0107 r\u00f3wnie\u017c w Polsce. <\/p>\n<p>Uk\u0142adanki Larsen odznaczaj\u0105 si\u0119<br \/>\n-nietypowymi i jedynymi w swoim rodzaju wykrojnikami, kt\u00f3re sprawiaj\u0105 wielk\u0105 przyjemno\u015b\u0107 z uk\u0142adania.<br \/>\n-produkcj\u0105 w Norwegii i wysok\u0105 jako\u015bci\u0105.<br \/>\n-starann\u0105 selekcj\u0105 obrazk\u00f3w dla ka\u017cdego wieku<br \/>\n-edukacyjnym charakterem uk\u0142adanek<br \/>\n-zlokalizowanymi wzorami na wiele rynk\u00f3w.<\/p>\n","protected":false},"excerpt":{"rendered":"<p>Uk\u0142adanka Maxi (36.5&#215;28.5 cm) z grubej tektury ze specjalnymi kszta\u0142tami, dzi\u0119ki kt\u00f3rym uczymy si\u0119 nie tylko cierpliwo\u015bci ale te\u017c j\u0119zyk\u00f3w, matematyki, geografii oraz wiedzy og\u00f3lnej. Przyjd\u017a i ciesz si\u0119 nasz\u0105 pogodn\u0105 afryka\u0144sk\u0105 sawann\u0105 dzikich zwierz\u0105t puzzle. Te afryka\u0144skie zwierz\u0119ta ciesz\u0105 si\u0119 czyst\u0105 wolno\u015bci\u0105 w tym dzikim parku przyrody. Ta uk\u0142adanka zawiera 43 elementy, idealne dla [&hellip;]<\/p>\n","protected":false},"featured_media":0,"template":"","meta":{"content-type":"","_monsterinsights_skip_tracking":false,"_monsterinsights_sitenote_active":false,"_monsterinsights_sitenote_note":"","_monsterinsights_sitenote_category":0},"product_brand":[],"product_cat":[1793],"product_tag":[1234,995,991],"brand":[],"target-group":[],"discontinued":[],"class_list":{"0":"post-642481","1":"product","2":"type-product","3":"status-publish","5":"product_cat-puzzle-dla-dzieci-puzzle","6":"product_tag-laczenie-pl","7":"product_tag-wieloosobowe","8":"product_tag-zabawa","10":"first","11":"instock","12":"taxable","13":"shipping-taxable","14":"product-type-simple"},"aioseo_notices":[],"_links":{"self":[{"href":"https:\/\/games.tactic.net\/pl\/wp-json\/wp\/v2\/product\/642481","targetHints":{"allow":["GET"]}}],"collection":[{"href":"https:\/\/games.tactic.net\/pl\/wp-json\/wp\/v2\/product"}],"about":[{"href":"https:\/\/games.tactic.net\/pl\/wp-json\/wp\/v2\/types\/product"}],"wp:attachment":[{"href":"https:\/\/games.tactic.net\/pl\/wp-json\/wp\/v2\/media?parent=642481"}],"wp:term":[{"taxonomy":"product_brand","embeddable":true,"href":"https:\/\/games.tactic.net\/pl\/wp-json\/wp\/v2\/product_brand?post=642481"},{"taxonomy":"product_cat","embeddable":true,"href":"https:\/\/games.tactic.net\/pl\/wp-json\/wp\/v2\/product_cat?post=642481"},{"taxonomy":"product_tag","embeddable":true,"href":"https:\/\/games.tactic.net\/pl\/wp-json\/wp\/v2\/product_tag?post=642481"},{"taxonomy":"brand","embeddable":true,"href":"https:\/\/games.tactic.net\/pl\/wp-json\/wp\/v2\/brand?post=642481"},{"taxonomy":"target-group","embeddable":true,"href":"https:\/\/games.tactic.net\/pl\/wp-json\/wp\/v2\/target-group?post=642481"},{"taxonomy":"discontinued","embeddable":true,"href":"https:\/\/games.tactic.net\/pl\/wp-json\/wp\/v2\/discontinued?post=642481"}],"curies":[{"name":"wp","href":"https:\/\/api.w.org\/{rel}","templated":true}]}}